{"id":2057,"date":"2025-11-12T10:33:16","date_gmt":"2025-11-12T09:33:16","guid":{"rendered":"https:\/\/www.leparadis-medoc.com\/camping-ares\/"},"modified":"2026-01-26T14:53:35","modified_gmt":"2026-01-26T13:53:35","slug":"campsite-ares","status":"publish","type":"page","link":"https:\/\/www.leparadis-medoc.com\/en\/campsite-ares\/","title":{"rendered":"Ares"},"content":{"rendered":"\n<section class=\"wp-block-group gt_1-cta-1photo_002 line page has-global-padding is-layout-constrained wp-container-core-group-is-layout-d4c4af53 wp-block-group-is-layout-constrained\" style=\"margin-top:0px;margin-bottom:0px;padding-top:4rem\">\n<div class=\"wp-block-group alignwide is-vertical is-content-justification-center is-layout-flex wp-container-core-group-is-layout-52b864f0 wp-block-group-is-layout-flex\" style=\"min-height:0px\">\n<h1 class=\"wp-block-heading has-text-align-center\">Campsite near Ar\u00e8s<\/h1>\n\n\n\n<figure class=\"wp-block-image size-full\"><img decoding=\"async\" width=\"136\" height=\"16\" src=\"https:\/\/www.leparadis-medoc.com\/wp-content\/uploads\/2025\/10\/grande-vague.png\" alt=\"large wave\" class=\"wp-image-423\"\/><\/figure>\n<\/div>\n\n\n\n<div class=\"wp-block-columns is-layout-flex wp-container-core-columns-is-layout-33ba964e wp-block-columns-is-layout-flex\">\n<div class=\"wp-block-column is-vertically-aligned-center content is-layout-flow wp-block-column-is-layout-flow\" style=\"padding-top:8rem;padding-bottom:8em;padding-left:10rem;flex-basis:50%\">\n<p>Looking for a seaside vacation in <strong>Gironde<\/strong>, <strong>near Cap-Ferret<\/strong>?  <\/p>\n\n\n\n<p>Would you like to enjoy the beach and the advantages of campsites with swimming pools, slides and water games?  <\/p>\n\n\n\n<p>At our campsite near Ar\u00e8s and close to Cap-Ferret, there&#8217;s plenty to enjoy on a wonderful vacation, with or without children.  <\/p>\n\n\n\n<p>You&#8217;ll enjoy a <strong>mild climate<\/strong>, <strong>abundant nature<\/strong>, a wide variety of activities for adults and children, delicious cuisine and a warm welcome.  <\/p>\n\n\n\n<p>Our <a href=\"https:\/\/www.leparadis-medoc.com\/en\/\" data-type=\"page\" data-id=\"5\">Le Paradis campsite in Gironde<\/a> is one of the most popular around the <a href=\"https:\/\/www.leparadis-medoc.com\/en\/campsite-bassin-d-arcachon\/\" data-type=\"page\" data-id=\"884\">Bassin d&#8217;Arcachon<\/a>.  <\/p>\n\n\n\n<p>Don&#8217;t hesitate to contact us for prices!<\/p>\n<\/div>\n\n\n\n<div class=\"wp-block-column is-vertically-aligned-center main-image has-custom-color-4-background-color has-background is-layout-flow wp-block-column-is-layout-flow\" style=\"padding-top:4rem;padding-bottom:8rem;flex-basis:50%\">\n<figure class=\"wp-block-image size-full image-deco main\"><img decoding=\"async\" width=\"2048\" height=\"1365\" src=\"https:\/\/www.leparadis-medoc.com\/wp-content\/uploads\/2025\/11\/Camping-Le-Paradis-piscine.jpg\" alt=\"Camping Le Paradis piscine\" class=\"wp-image-1370\" style=\"aspect-ratio:4\/3;object-fit:cover\" srcset=\"https:\/\/www.leparadis-medoc.com\/wp-content\/uploads\/2025\/11\/Camping-Le-Paradis-piscine.jpg 2048w, https:\/\/www.leparadis-medoc.com\/wp-content\/uploads\/2025\/11\/Camping-Le-Paradis-piscine-300x200.jpg 300w, https:\/\/www.leparadis-medoc.com\/wp-content\/uploads\/2025\/11\/Camping-Le-Paradis-piscine-768x512.jpg 768w, https:\/\/www.leparadis-medoc.com\/wp-content\/uploads\/2025\/11\/Camping-Le-Paradis-piscine-1024x683.jpg 1024w, https:\/\/www.leparadis-medoc.com\/wp-content\/uploads\/2025\/11\/Camping-Le-Paradis-piscine-1536x1024.jpg 1536w\" sizes=\"(max-width: 2048px) 100vw, 2048px\" \/><\/figure>\n<\/div>\n<\/div>\n<\/section>\n\n<section class=\"wp-block-group alignfull gt_full-slider_001 no-slider page has-background has-global-padding is-layout-constrained wp-container-core-group-is-layout-c13f64fb wp-block-group-is-layout-constrained\" style=\"border-top-left-radius:0px;border-top-right-radius:0px;border-bottom-left-radius:0px;border-bottom-right-radius:0px;background:linear-gradient(135deg,rgb(3,3,3) 1%,rgba(0,0,0,0) 100%);margin-top:0px;margin-right:0px;margin-bottom:0px;margin-left:0px;padding-top:0px;padding-right:0px;padding-left:0px\">\n<div class=\"wp-block-group is-layout-flow wp-block-group-is-layout-flow\">\n<div class=\"wp-block-cover alignfull has-parallax has-custom-content-position is-position-bottom-center blob-image\" style=\"min-height:110vh;aspect-ratio:unset;\"><div role=\"img\" aria-label=\"Ar\u00e8s Cap Ferret (2)\" class=\"wp-block-cover__image-background wp-image-1625 size-full has-parallax\" style=\"background-position:50% 50%;background-image:url(https:\/\/www.leparadis-medoc.com\/wp-content\/uploads\/2025\/11\/Ares-Cap-Ferret-2.jpg)\"><\/div><span aria-hidden=\"true\" class=\"wp-block-cover__background has-background-dim-60 has-background-dim wp-block-cover__gradient-background has-background-gradient\" style=\"background:linear-gradient(180deg,rgba(255,255,255,0) 0%,rgba(0,0,0,0.81) 59%)\"><\/span><div class=\"wp-block-cover__inner-container is-layout-flow wp-block-cover-is-layout-flow\">\n<div class=\"wp-block-group alignfull has-background is-vertical is-content-justification-left is-nowrap is-layout-flex wp-container-core-group-is-layout-6f6e1b6a wp-block-group-is-layout-flex\" style=\"border-radius:0px;background-color:#FFFFFF00;margin-top:0px;margin-right:0px;margin-bottom:0px;margin-left:0px;padding-top:0;padding-right:var(--wp--preset--spacing--40);padding-bottom:var(--wp--preset--spacing--50);padding-left:var(--wp--preset--spacing--60)\">\n<div class=\"wp-block-columns alignwide is-layout-flex wp-container-core-columns-is-layout-60a3d281 wp-block-columns-is-layout-flex\" style=\"padding-right:var(--wp--preset--spacing--50)\">\n<div class=\"wp-block-column is-vertically-aligned-end is-layout-flow wp-block-column-is-layout-flow\" style=\"margin-top:0px;margin-right:0px;margin-bottom:0px;margin-left:0px;flex-basis:50%\">\n<div class=\"wp-block-group wp-block-heading text-nowrap has-outreque-black-font-family has-text-color is-vertical is-content-justification-left is-nowrap is-layout-flex wp-container-core-group-is-layout-9b091f6a wp-block-group-is-layout-flex\" style=\"color:rgba(252,245,239,1);margin-top:0px;margin-right:0px;margin-bottom:0px;margin-left:0px;padding-bottom:var(--wp--preset--spacing--20);font-size:clamp(19.481px, 1.218rem + ((1vw - 3.2px) * 0.9), 31px);font-style:normal;font-weight:900;line-height:1.1;text-transform:none\"><\/div>\n<\/div>\n\n\n\n<div class=\"wp-block-column is-vertically-aligned-center group-paragraph is-layout-flow wp-block-column-is-layout-flow\" style=\"margin-top:0px;margin-right:0px;margin-bottom:0px;margin-left:0px;flex-basis:50%\">\n<div class=\"wp-block-group full-width has-text-color has-outreque-medium-font-family is-layout-flow wp-block-group-is-layout-flow\" style=\"color:rgba(255,255,255,1);margin-top:0px;margin-right:0px;margin-bottom:0px;margin-left:0px;font-size:clamp(14px, 0.875rem + ((1vw - 3.2px) * 0.234), 17px);line-height:1.9\">\n<h2 class=\"wp-block-heading has-text-align-left text-nowrap has-outreque-black-font-family has-text-color\" style=\"color:rgba(252,245,239,1);margin-top:0px;margin-right:0px;margin-bottom:0px;margin-left:0px;padding-bottom:var(--wp--preset--spacing--20);line-height:1.1\">Where is our campsite in Gironde?<\/h2>\n<\/div>\n\n\n\n<div class=\"wp-block-group full-width has-text-color is-layout-flow wp-block-group-is-layout-flow\" style=\"color:rgba(255,255,255,1);margin-top:0px;margin-right:0px;margin-bottom:0px;margin-left:0px\">\n<p>For a few days or a week, you can take advantage of all our services at our campsite near Ar\u00e8s.  <\/p>\n\n\n\n<p>Ar\u00e8s is a commune in the Gironde department in south-west France. It lies on the <strong>north shore of the Bassin d&#8217;Arcachon<\/strong> and is part of the greater Aquitaine region.   <\/p>\n\n\n\n<p>The town of Ar\u00e8s offers <strong>breathtaking natural beauty <\/strong>and a wide range of<strong>outdoor activities<\/strong>, including a <strong>night market<\/strong>, <strong>restaurants<\/strong> and a <strong>harbor<\/strong>, making it the ideal destination for a camping holiday on your own, with friends or family.<\/p>\n<\/div>\n<\/div>\n<\/div>\n<\/div>\n<\/div><\/div>\n<\/div>\n<\/section>\n\n<section class=\"wp-block-group gt_1-cta-1photo_002 inverse page has-custom-girs-fonce-background-color has-background has-global-padding is-layout-constrained wp-container-core-group-is-layout-d6554d75 wp-block-group-is-layout-constrained\" style=\"margin-top:0px;margin-bottom:0px\">\n<div class=\"wp-block-columns is-layout-flex wp-container-core-columns-is-layout-33ba964e wp-block-columns-is-layout-flex\">\n<div class=\"wp-block-column is-vertically-aligned-center main-image has-custom-color-4-background-color has-background is-layout-flow wp-block-column-is-layout-flow\" style=\"padding-top:8rem;padding-bottom:8rem;padding-left:10rem;flex-basis:50%\">\n<figure class=\"wp-block-image size-full main image-deco\"><img decoding=\"async\" width=\"2048\" height=\"1365\" src=\"https:\/\/www.leparadis-medoc.com\/wp-content\/uploads\/2025\/11\/cabane-Le-Paradis-Boire-et-Manger.jpg\" alt=\"Le Paradis Boire et Manger cabin\" class=\"wp-image-1627\" srcset=\"https:\/\/www.leparadis-medoc.com\/wp-content\/uploads\/2025\/11\/cabane-Le-Paradis-Boire-et-Manger.jpg 2048w, https:\/\/www.leparadis-medoc.com\/wp-content\/uploads\/2025\/11\/cabane-Le-Paradis-Boire-et-Manger-300x200.jpg 300w, https:\/\/www.leparadis-medoc.com\/wp-content\/uploads\/2025\/11\/cabane-Le-Paradis-Boire-et-Manger-768x512.jpg 768w, https:\/\/www.leparadis-medoc.com\/wp-content\/uploads\/2025\/11\/cabane-Le-Paradis-Boire-et-Manger-1024x683.jpg 1024w, https:\/\/www.leparadis-medoc.com\/wp-content\/uploads\/2025\/11\/cabane-Le-Paradis-Boire-et-Manger-1536x1024.jpg 1536w\" sizes=\"(max-width: 2048px) 100vw, 2048px\" \/><\/figure>\n<\/div>\n\n\n\n<div class=\"wp-block-column is-vertically-aligned-center content is-layout-flow wp-block-column-is-layout-flow\" style=\"padding-top:8rem;padding-bottom:8em;padding-left:10rem;flex-basis:50%\">\n<h2 class=\"wp-block-heading has-base-color has-text-color has-link-color has-large-font-size wp-elements-ab4bc2eac54bf0fa901015e7710bdeb9\">Enjoy our restaurant at Le Paradis campsite near Ar\u00e8s<\/h2>\n\n\n\n<p class=\"has-base-color has-text-color has-link-color wp-elements-8a8831cc2197b1be4be1157cefcf7806\">When you come to our campsite on the Bassin d&#8217;Arcachon, you&#8217;ll enjoy <strong>delicious, home-cooked cuisine<\/strong>. In this restaurant, you can enjoy <strong>specialities<\/strong> from the Landes region.   <\/p>\n\n\n\n<p class=\"has-base-color has-text-color has-link-color wp-elements-501d9a1e8ba81186d5a15ddff94aeee7\">On the Bassin d&#8217;Arcachon, enjoy <strong>typical dishes<\/strong> in a warm and friendly atmosphere with the whole family. You can also enjoy a drink on the <strong>terrace<\/strong>. <br\/><\/p>\n<\/div>\n<\/div>\n<\/section>\n\n<section class=\"wp-block-group gt_1-cta-1photo_002 page has-custom-terracotta-background-color has-background has-global-padding is-layout-constrained wp-container-core-group-is-layout-d6554d75 wp-block-group-is-layout-constrained\" style=\"margin-top:0px;margin-bottom:0px\">\n<div class=\"wp-block-columns is-layout-flex wp-container-core-columns-is-layout-33ba964e wp-block-columns-is-layout-flex\">\n<div class=\"wp-block-column is-vertically-aligned-center content is-layout-flow wp-block-column-is-layout-flow\" style=\"padding-top:8rem;padding-bottom:8em;padding-left:10rem;flex-basis:50%\">\n<div class=\"wp-block-group titre-container is-vertical is-content-justification-left is-layout-flex wp-container-core-group-is-layout-68ae07ba wp-block-group-is-layout-flex\">\n<h2 class=\"wp-block-heading has-base-2-color has-text-color has-link-color has-retcaro-font-family wp-elements-46d28891f40aba344a44e25b535b5226\" style=\"line-height:1\">Rental pitches at Le Paradis campsite near Ar\u00e8s<\/h2>\n\n\n\n<figure class=\"wp-block-image alignright size-full deco-titre\" style=\"margin-top:-1rem;margin-right:4rem\"><img decoding=\"async\" width=\"136\" height=\"16\" src=\"https:\/\/www.leparadis-medoc.com\/wp-content\/uploads\/2025\/10\/grande-vague.png\" alt=\"large wave\" class=\"wp-image-423\"\/><\/figure>\n<\/div>\n\n\n\n<p class=\"has-base-color has-text-color has-link-color wp-elements-09f22adb1da38787d27b59c7ebebc363\">Close to <a href=\"https:\/\/www.leparadis-medoc.com\/en\/campsite-lege-cap-ferret\/\" data-type=\"page\" data-id=\"892\">Cap-Ferret<\/a>, Le Paradis campsite offers <strong>pitches for your tent, caravan or motorhome<\/strong> all year round.  <\/p>\n\n\n\n<p class=\"has-base-color has-text-color has-link-color wp-elements-e6d893e4f154f43c459a2fe37c876d4f\">There are several camping pitches to choose from, depending on your requirements: shady, semi-shady or sunny.  <\/p>\n\n\n\n<p class=\"has-base-color has-text-color has-link-color wp-elements-7eb2ad970440fdf2820ab09ba352b796\">What&#8217;s more, you can choose between a grassy or gravel area. At our campsite, we promise our customers all the <strong>comfort<\/strong> they need. <\/p>\n\n\n\n<p class=\"has-base-color has-text-color has-link-color wp-elements-95ece16adc2b9a7cda3a5d936c11d58e\">When you camp in the Ar\u00e8s region, you&#8217;ll be surrounded by breathtaking natural beauty. The <strong>beaches of Ar\u00e8s<\/strong> are also magnificent, making them an ideal place for swimming, sunbathing and exploring the Arcachon basin. The region offers many dreamy spots.  <\/p>\n<\/div>\n\n\n\n<div class=\"wp-block-column is-vertically-aligned-center main-image has-custom-color-4-background-color has-background is-layout-flow wp-block-column-is-layout-flow\" style=\"padding-top:8rem;padding-bottom:8rem;padding-left:10rem;flex-basis:50%\">\n<figure class=\"wp-block-image size-full main image-deco\"><img decoding=\"async\" width=\"2048\" height=\"1365\" src=\"https:\/\/www.leparadis-medoc.com\/wp-content\/uploads\/2025\/11\/Camping-Le-Paradis-emplacements.jpg\" alt=\"Camping Le Paradis pitches\" class=\"wp-image-1629\" srcset=\"https:\/\/www.leparadis-medoc.com\/wp-content\/uploads\/2025\/11\/Camping-Le-Paradis-emplacements.jpg 2048w, https:\/\/www.leparadis-medoc.com\/wp-content\/uploads\/2025\/11\/Camping-Le-Paradis-emplacements-300x200.jpg 300w, https:\/\/www.leparadis-medoc.com\/wp-content\/uploads\/2025\/11\/Camping-Le-Paradis-emplacements-768x512.jpg 768w, https:\/\/www.leparadis-medoc.com\/wp-content\/uploads\/2025\/11\/Camping-Le-Paradis-emplacements-1024x683.jpg 1024w, https:\/\/www.leparadis-medoc.com\/wp-content\/uploads\/2025\/11\/Camping-Le-Paradis-emplacements-1536x1024.jpg 1536w\" sizes=\"(max-width: 2048px) 100vw, 2048px\" \/><\/figure>\n<\/div>\n<\/div>\n<\/section>\n\n<section class=\"wp-block-group gt_1-cta-1photo_002 line page has-global-padding is-layout-constrained wp-container-core-group-is-layout-d4c4af53 wp-block-group-is-layout-constrained\" style=\"margin-top:0px;margin-bottom:0px;padding-top:4rem\">\n<div class=\"wp-block-columns is-layout-flex wp-container-core-columns-is-layout-362af52e wp-block-columns-is-layout-flex\" style=\"padding-left:var(--wp--preset--spacing--50)\">\n<div class=\"wp-block-column is-vertically-aligned-center main-image has-custom-color-4-background-color has-background is-layout-flow wp-container-core-column-is-layout-f9eae7d2 wp-block-column-is-layout-flow\" style=\"padding-top:4rem;padding-bottom:8rem;padding-left:10rem;flex-basis:50%\">\n<figure class=\"wp-block-image size-full image-deco main\"><img decoding=\"async\" width=\"1490\" height=\"1000\" src=\"https:\/\/www.leparadis-medoc.com\/wp-content\/uploads\/2025\/11\/arcachon-du-ciel-e1763374106235.jpg\" alt=\"arcachon from the sky\" class=\"wp-image-1631\" style=\"aspect-ratio:3\/2;object-fit:cover\" srcset=\"https:\/\/www.leparadis-medoc.com\/wp-content\/uploads\/2025\/11\/arcachon-du-ciel-e1763374106235.jpg 1490w, https:\/\/www.leparadis-medoc.com\/wp-content\/uploads\/2025\/11\/arcachon-du-ciel-e1763374106235-300x201.jpg 300w, https:\/\/www.leparadis-medoc.com\/wp-content\/uploads\/2025\/11\/arcachon-du-ciel-e1763374106235-768x515.jpg 768w, https:\/\/www.leparadis-medoc.com\/wp-content\/uploads\/2025\/11\/arcachon-du-ciel-e1763374106235-1024x687.jpg 1024w\" sizes=\"(max-width: 1490px) 100vw, 1490px\" \/><\/figure>\n<\/div>\n\n\n\n<div class=\"wp-block-column is-vertically-aligned-center content is-layout-flow wp-block-column-is-layout-flow\" style=\"padding-top:8rem;padding-bottom:8em;padding-left:8rem;flex-basis:50%\">\n<h2 class=\"wp-block-heading has-custom-gris-moyen-color has-text-color has-link-color wp-elements-fc49bd00bc15d1091bbfc4df6339536b\">A wide range of activities on the Bay of Arcachon<\/h2>\n\n\n\n<p>Water activities? A walk on the beach?   <\/p>\n\n\n\n<p>For the kids, you can take part in the many <strong>activities <\/strong>created just for them by our campsite team. In fine weather, our swimming pool will also be available for the whole family. Toboggans and water games are also available.  <\/p>\n\n\n\n<p>In Ar\u00e8s, you can also enjoy the town center with its many stores and restaurants, as well as the Aquitaine region. <a href=\"https:\/\/bassindarcachon.fr\/\" target=\"_blank\" rel=\"noreferrer noopener nofollow\">Discover the Bassin d&#8217;Arcachon<\/a>, explore Cap-Ferret, <a href=\"https:\/\/www.lege-capferret.com\/\" target=\"_blank\" rel=\"noreferrer noopener nofollow\">visit L\u00e8ge-Cap-Ferret<\/a> and go <strong>cycling<\/strong> along the beach.For more information about our campsite near Ar\u00e8s in Gironde, please <strong>contact our team<\/strong> at camping Le Paradis.  <\/p>\n\n\n\n<p>We&#8217;ll be able to tell you the price of a stay at our campsite, and explain our activities, types of accommodation and exact location on the Bay of Arcachon.  <\/p>\n\n\n\n<p>Our team at<strong> <\/strong>camping Le Paradis near Ar\u00e8s promises to make your stay as comfortable as possible for you and your family!<\/p>\n<\/div>\n<\/div>\n<\/section>\n\n<section class=\"wp-block-group gt_page-maillage has-global-padding is-layout-constrained wp-container-core-group-is-layout-67474efc wp-block-group-is-layout-constrained\" style=\"padding-top:7rem;padding-right:14rem;padding-bottom:7rem;padding-left:14rem\">\n<div class=\"wp-block-group has-global-padding is-layout-constrained wp-container-core-group-is-layout-8a400663 wp-block-group-is-layout-constrained\">\n<div class=\"wp-block-columns are-vertically-aligned-center titre-deco one orange is-layout-flex wp-container-core-columns-is-layout-33ba964e wp-block-columns-is-layout-flex\">\n<div class=\"wp-block-column is-vertically-aligned-center texte is-layout-flow wp-block-column-is-layout-flow\">\n<div class=\"svg-decoration-left\"><\/div>\n\n\n\n<p class=\"has-text-align-center has-unbounded-font-family\" style=\"font-size:clamp(33.419px, 2.089rem + ((1vw - 3.2px) * 2.077), 60px);font-style:normal;font-weight:700;line-height:1;text-transform:uppercase\">Discover the surrounding area  <br\/><\/p>\n\n\n\n<div class=\"svg-decoration\"><\/div>\n<\/div>\n<\/div>\n<\/div>\n\n\n\n<div style=\"height:4rem\" aria-hidden=\"true\" class=\"wp-block-spacer gt-hide-mobile\"><\/div>\n\n\n\n<div data-wp-context=\"{}\" data-wp-interactive=\"core\/query\" data-wp-key=\"0\" data-wp-router-region=\"query-0\" class=\"wp-block-query alignwide gt-fse-maillage-query is-layout-flow wp-block-query-is-layout-flow\"><ul class=\"columns-3 wp-block-post-template is-layout-grid wp-container-core-post-template-is-layout-6d3fbd8f wp-block-post-template-is-layout-grid\"><li data-wp-key=\"post-template-item-2278\" class=\"wp-block-post post-2278 page type-page status-publish has-post-thumbnail hentry\">\n\n<figure class=\"wp-block-image\"><img decoding=\"async\" src=\"https:\/\/www.leparadis-medoc.com\/wp-content\/uploads\/2025\/11\/camping-pres-de-cap-ferret-1.jpg\" alt=\"\" style=\"aspect-ratio:3\/4;object-fit:cover\"\/><\/figure>\n\n\n\n<p class=\"maillage-title has-base-2-color has-text-color has-link-color has-unbounded-font-family wp-elements-aa2b2dde1d0a0ad00ed57b90eda16e02\" style=\"font-size:clamp(1.25rem, 1.25rem + ((1vw - 0.2rem) * 0.938), 2rem);font-style:normal;font-weight:700;text-transform:uppercase\">L\u00e8ge-Cap-Ferret<\/p>\n\n\n<a class=\"is-style-lien-cover wp-block-read-more\" href=\"https:\/\/www.leparadis-medoc.com\/en\/campsite-lege-cap-ferret\/\" target=\"_self\">Read more<span class=\"screen-reader-text\">: L\u00e8ge-Cap-Ferret<\/span><\/a>\n<\/li><li data-wp-key=\"post-template-item-2433\" class=\"wp-block-post post-2433 page type-page status-publish has-post-thumbnail hentry\">\n\n<figure class=\"wp-block-image\"><img decoding=\"async\" src=\"https:\/\/www.leparadis-medoc.com\/wp-content\/uploads\/2025\/11\/camping-pres-de-Montalivet.jpg\" alt=\"\" style=\"aspect-ratio:3\/4;object-fit:cover\"\/><\/figure>\n\n\n\n<p class=\"maillage-title has-base-2-color has-text-color has-link-color has-unbounded-font-family wp-elements-aa2b2dde1d0a0ad00ed57b90eda16e02\" style=\"font-size:clamp(1.25rem, 1.25rem + ((1vw - 0.2rem) * 0.938), 2rem);font-style:normal;font-weight:700;text-transform:uppercase\">Montalivet<\/p>\n\n\n<a class=\"is-style-lien-cover wp-block-read-more\" href=\"https:\/\/www.leparadis-medoc.com\/en\/campsite-montalivet\/\" target=\"_self\">Read more<span class=\"screen-reader-text\">: Montalivet<\/span><\/a>\n<\/li><li data-wp-key=\"post-template-item-2408\" class=\"wp-block-post post-2408 page type-page status-publish has-post-thumbnail hentry\">\n\n<figure class=\"wp-block-image\"><img decoding=\"async\" src=\"https:\/\/www.leparadis-medoc.com\/wp-content\/uploads\/2025\/11\/Vendays-Montalivet.jpg\" alt=\"\" style=\"aspect-ratio:3\/4;object-fit:cover\"\/><\/figure>\n\n\n\n<p class=\"maillage-title has-base-2-color has-text-color has-link-color has-unbounded-font-family wp-elements-aa2b2dde1d0a0ad00ed57b90eda16e02\" style=\"font-size:clamp(1.25rem, 1.25rem + ((1vw - 0.2rem) * 0.938), 2rem);font-style:normal;font-weight:700;text-transform:uppercase\">Naujac<\/p>\n\n\n<a class=\"is-style-lien-cover wp-block-read-more\" href=\"https:\/\/www.leparadis-medoc.com\/en\/campsite-naujac\/\" target=\"_self\">Read more<span class=\"screen-reader-text\">: Naujac<\/span><\/a>\n<\/li><\/ul><\/div>\n<\/section>\n","protected":false},"excerpt":{"rendered":"<p>Campsite near Ar\u00e8s Looking for a seaside vacation in Gironde, near Cap-Ferret? Would you like to enjoy the beach and the advantages of campsites with swimming pools, slides and water games? At our campsite near Ar\u00e8s and close to Cap-Ferret, there&#8217;s plenty to enjoy on a wonderful vacation, with or without children. You&#8217;ll enjoy a [&hellip;]<\/p>\n","protected":false},"author":1,"featured_media":2059,"parent":0,"menu_order":0,"comment_status":"closed","ping_status":"closed","template":"","meta":{"_seopress_robots_primary_cat":"","_seopress_titles_title":"Campsite near Ar\u00e8s in Gironde (33)","_seopress_titles_desc":"What to do on your camping vacation near Ar\u00e8s? Beaches, market, port, restaurants or activities... Our tips for visiting d'Ar\u00e9s and the surrounding area.  ","_seopress_robots_index":"","_gt_ctv_global_id":"","_gt_ctv_id_group":false,"inline_featured_image":false,"_gt_visite_virtuelle_url":"","gt_fse_maillage_image":"https:\/\/www.leparadis-medoc.com\/wp-content\/uploads\/2025\/11\/Coucher-de-soleil-a-Ares.jpg","gt_fse_maillage_titre":"Ares","gt_fse_maillage_alt":"Ares","gt_fse_maillage_resume":"","footnotes":""},"categories":[],"tags":[],"class_list":["post-2057","page","type-page","status-publish","has-post-thumbnail","hentry"],"_links":{"self":[{"href":"https:\/\/www.leparadis-medoc.com\/en\/wp-json\/wp\/v2\/pages\/2057","targetHints":{"allow":["GET"]}}],"collection":[{"href":"https:\/\/www.leparadis-medoc.com\/en\/wp-json\/wp\/v2\/pages"}],"about":[{"href":"https:\/\/www.leparadis-medoc.com\/en\/wp-json\/wp\/v2\/types\/page"}],"author":[{"embeddable":true,"href":"https:\/\/www.leparadis-medoc.com\/en\/wp-json\/wp\/v2\/users\/1"}],"replies":[{"embeddable":true,"href":"https:\/\/www.leparadis-medoc.com\/en\/wp-json\/wp\/v2\/comments?post=2057"}],"version-history":[{"count":6,"href":"https:\/\/www.leparadis-medoc.com\/en\/wp-json\/wp\/v2\/pages\/2057\/revisions"}],"predecessor-version":[{"id":2801,"href":"https:\/\/www.leparadis-medoc.com\/en\/wp-json\/wp\/v2\/pages\/2057\/revisions\/2801"}],"wp:featuredmedia":[{"embeddable":true,"href":"https:\/\/www.leparadis-medoc.com\/en\/wp-json\/wp\/v2\/media\/2059"}],"wp:attachment":[{"href":"https:\/\/www.leparadis-medoc.com\/en\/wp-json\/wp\/v2\/media?parent=2057"}],"wp:term":[{"taxonomy":"category","embeddable":true,"href":"https:\/\/www.leparadis-medoc.com\/en\/wp-json\/wp\/v2\/categories?post=2057"},{"taxonomy":"post_tag","embeddable":true,"href":"https:\/\/www.leparadis-medoc.com\/en\/wp-json\/wp\/v2\/tags?post=2057"}],"curies":[{"name":"wp","href":"https:\/\/api.w.org\/{rel}","templated":true}]}}