{"id":2136,"date":"2025-10-22T16:21:29","date_gmt":"2025-10-22T14:21:29","guid":{"rendered":"https:\/\/www.leparadis-medoc.com\/camping-groupe-saint-laurent-medoc\/"},"modified":"2026-02-26T15:24:15","modified_gmt":"2026-02-26T14:24:15","slug":"group-campsite-saint-laurent-medoc","status":"publish","type":"page","link":"https:\/\/www.leparadis-medoc.com\/en\/group-campsite-saint-laurent-medoc\/","title":{"rendered":"Group home"},"content":{"rendered":"\n<section class=\"wp-block-group gt_1-cta-1photo_002 line page has-global-padding is-layout-constrained wp-container-core-group-is-layout-d4c4af53 wp-block-group-is-layout-constrained\" style=\"margin-top:0px;margin-bottom:0px;padding-top:4rem\">\n<div class=\"wp-block-group alignwide is-vertical is-content-justification-center is-layout-flex wp-container-core-group-is-layout-52b864f0 wp-block-group-is-layout-flex\" style=\"min-height:0px\">\n<h1 class=\"wp-block-heading has-text-align-center\">Ideal campsite for groups near Hourtin<\/h1>\n\n\n\n<figure class=\"wp-block-image size-full\"><img decoding=\"async\" width=\"136\" height=\"16\" src=\"https:\/\/www.leparadis-medoc.com\/wp-content\/uploads\/2025\/10\/grande-vague.png\" alt=\"large wave\" class=\"wp-image-423\" \/><\/figure>\n<\/div>\n\n\n\n<div class=\"wp-block-columns is-layout-flex wp-container-core-columns-is-layout-33ba964e wp-block-columns-is-layout-flex\">\n<div class=\"wp-block-column is-vertically-aligned-center content is-layout-flow wp-block-column-is-layout-flow\" style=\"padding-top:8rem;padding-bottom:8em;padding-left:10rem;flex-basis:50%\">\n<p class=\"has-custom-color-5-color has-text-color has-link-color wp-elements-a0e77065ec2c6a01d7b6c380b3ca3c6e\">Notre <a href=\"https:\/\/www.leparadis-medoc.com\/\" data-type=\"page\" data-id=\"5\">camping en Gironde<\/a> est la destination id\u00e9ale pour l\u2019<strong>accueil de groupe<\/strong> en qu\u00eate de nature, de convivialit\u00e9 et de dynamisme. <\/p>\n\n\n\n<p class=\"has-custom-color-5-color has-text-color has-link-color wp-elements-e3e42c5c48805d71c16e969fd1e62220\">Located just a stone&#8217;s throw from the ocean, in the heart of the prestigious M\u00e9doc vineyards and very close to Bordeaux, group camping near Hourtin offers a unique setting for combining <strong>relaxation<\/strong>,<strong> sport<\/strong> and <strong>culture<\/strong>.  <\/p>\n\n\n\n<p class=\"has-custom-color-5-color has-text-color has-link-color wp-elements-9f97becd99f503695ad38befe35fdd1b\">We live to the rhythm of major local events: the famous <strong>M\u00e9doc marathon<\/strong>, the <strong>M\u00e9docaine mountain bike<\/strong> race, not forgetting sports tournaments and many other festive events that enliven the region throughout the season.<\/p>\n\n\n\n<p class=\"has-custom-color-5-color has-text-color has-link-color wp-elements-db3d1d088b6bfd98c516c8bcca5f0ced\">Here, every stay becomes an authentic and convivial experience, perfect for sharing unforgettable moments with a group.<br \/><\/p>\n<\/div>\n\n\n\n<div class=\"wp-block-column is-vertically-aligned-center main-image has-custom-color-4-background-color has-background is-layout-flow wp-block-column-is-layout-flow\" style=\"padding-top:4rem;padding-bottom:8rem;flex-basis:50%\">\n<figure class=\"wp-block-image size-full image-deco main\"><img decoding=\"async\" width=\"2048\" height=\"1365\" src=\"https:\/\/www.leparadis-medoc.com\/wp-content\/uploads\/2025\/11\/location-pour-evennements-medoc.jpg\" alt=\"event rental medoc\" class=\"wp-image-1441\" srcset=\"https:\/\/www.leparadis-medoc.com\/wp-content\/uploads\/2025\/11\/location-pour-evennements-medoc.jpg 2048w, https:\/\/www.leparadis-medoc.com\/wp-content\/uploads\/2025\/11\/location-pour-evennements-medoc-300x200.jpg 300w, https:\/\/www.leparadis-medoc.com\/wp-content\/uploads\/2025\/11\/location-pour-evennements-medoc-768x512.jpg 768w, https:\/\/www.leparadis-medoc.com\/wp-content\/uploads\/2025\/11\/location-pour-evennements-medoc-1024x683.jpg 1024w, https:\/\/www.leparadis-medoc.com\/wp-content\/uploads\/2025\/11\/location-pour-evennements-medoc-1536x1024.jpg 1536w\" sizes=\"(max-width: 2048px) 100vw, 2048px\" \/><\/figure>\n<\/div>\n<\/div>\n<\/section>\n\n<section class=\"wp-block-group alignfull gt_full-slider_001 no-slider page has-background has-global-padding is-layout-constrained wp-container-core-group-is-layout-c13f64fb wp-block-group-is-layout-constrained\" style=\"border-top-left-radius:0px;border-top-right-radius:0px;border-bottom-left-radius:0px;border-bottom-right-radius:0px;background:linear-gradient(135deg,rgb(3,3,3) 1%,rgba(0,0,0,0) 100%);margin-top:0px;margin-right:0px;margin-bottom:0px;margin-left:0px;padding-top:0px;padding-right:0px;padding-left:0px\">\n<div class=\"wp-block-group is-layout-flow wp-block-group-is-layout-flow\">\n<div class=\"wp-block-cover alignfull has-parallax has-custom-content-position is-position-bottom-center blob-image\" style=\"min-height:110vh;aspect-ratio:unset;\"><div role=\"img\" aria-label=\"Camping paradis m\u00e9doc event Rally Voitures\" class=\"wp-block-cover__image-background wp-image-1446 size-full has-parallax\" style=\"background-position:50% 50%;background-image:url(https:\/\/www.leparadis-medoc.com\/wp-content\/uploads\/2025\/11\/Camping-paradis-medoc-event-Rally-Voitures.jpg)\"><\/div><span aria-hidden=\"true\" class=\"wp-block-cover__background has-background-dim-60 has-background-dim wp-block-cover__gradient-background has-background-gradient\" style=\"background:linear-gradient(180deg,rgba(255,255,255,0) 0%,rgba(0,0,0,0.81) 59%)\"><\/span><div class=\"wp-block-cover__inner-container is-layout-flow wp-block-cover-is-layout-flow\">\n<div class=\"wp-block-group alignfull has-background is-vertical is-content-justification-left is-nowrap is-layout-flex wp-container-core-group-is-layout-0864ca22 wp-block-group-is-layout-flex\" style=\"border-radius:0px;background-color:#FFFFFF00;margin-top:0px;margin-right:0px;margin-bottom:0px;margin-left:0px;padding-top:0;padding-right:var(--wp--preset--spacing--40);padding-bottom:var(--wp--preset--spacing--50);padding-left:var(--wp--preset--spacing--40)\">\n<div class=\"wp-block-columns alignwide is-layout-flex wp-container-core-columns-is-layout-60a3d281 wp-block-columns-is-layout-flex\" style=\"padding-right:var(--wp--preset--spacing--50)\">\n<div class=\"wp-block-column is-vertically-aligned-end is-layout-flow wp-block-column-is-layout-flow\" style=\"margin-top:0px;margin-right:0px;margin-bottom:0px;margin-left:0px;flex-basis:50%\">\n<div class=\"wp-block-group wp-block-heading text-nowrap has-outreque-black-font-family has-text-color is-vertical is-content-justification-left is-nowrap is-layout-flex wp-container-core-group-is-layout-9b091f6a wp-block-group-is-layout-flex\" style=\"margin-top:0px;margin-right:0px;margin-bottom:0px;margin-left:0px;padding-bottom:var(--wp--preset--spacing--20);font-size:clamp(19.481px, 1.218rem + ((1vw - 3.2px) * 0.9), 31px);font-style:normal;font-weight:900;line-height:1.1;text-transform:none\"><\/div>\n<\/div>\n\n\n\n<div class=\"wp-block-column is-vertically-aligned-center group-paragraph is-layout-flow wp-block-column-is-layout-flow\" style=\"margin-top:0px;margin-right:0px;margin-bottom:0px;margin-left:0px;flex-basis:50%\">\n<div class=\"wp-block-group full-width has-text-color has-outreque-medium-font-family is-layout-flow wp-block-group-is-layout-flow\" style=\"margin-top:0px;margin-right:0px;margin-bottom:0px;margin-left:0px;font-size:clamp(14px, 0.875rem + ((1vw - 3.2px) * 0.234), 17px);line-height:1.9\">\n<h2 class=\"wp-block-heading has-text-align-left text-nowrap has-outreque-black-font-family has-text-color\" style=\"margin-top:0px;margin-right:0px;margin-bottom:0px;margin-left:0px;padding-bottom:var(--wp--preset--spacing--20);line-height:1.1\">Family event, seminar, sports event? Our campsite welcomes you! <\/h2>\n<\/div>\n\n\n\n<div class=\"wp-block-group full-width has-text-color is-layout-flow wp-block-group-is-layout-flow\" style=\"margin-top:0px;margin-right:0px;margin-bottom:0px;margin-left:0px\">\n<p class=\"has-text-align-left full-width has-text-color has-outreque-medium-font-family\" style=\"margin-top:0px;margin-right:0px;margin-bottom:0px;margin-left:0px\">Are you organizing an outing with your <strong>sports group<\/strong>, <strong>club<\/strong>, <strong>family<\/strong> or <strong>friends<\/strong> and looking for a venue? You&#8217;ve come to the right place! <\/p>\n\n\n\n<p>L\u2019\u00e9quipe du Camping Le Paradis vous propose <a href=\"https:\/\/www.leparadis-medoc.com\/camping-familial-saint-laurent-medoc\/\" data-type=\"page\" data-id=\"47\">des services adapt\u00e9s sur mesure<\/a> pour les groupes allant <strong>jusqu\u2019\u00e0 150 personnes<\/strong> : des h\u00e9bergements confortables, des emplacements am\u00e9nag\u00e9s pour votre plus grand confort, une piscine couverte et chauff\u00e9e, des toboggans, un <a href=\"https:\/\/www.leparadis-medoc.com\/bar-restaurant-saint-laurent-medoc\/\" data-type=\"page\" data-id=\"51\">service restauration<\/a> adapt\u00e9 \u00e0 vos besoins et m\u00eame des <a href=\"https:\/\/www.leparadis-medoc.com\/camping-animations-saint-laurent-medoc\/\" data-type=\"page\" data-id=\"53\">animations et activit\u00e9s pour tous<\/a>, le tout au c\u0153ur des vignes et des ch\u00e2teaux du M\u00e9doc.<\/p>\n\n\n\n<p class=\"has-text-align-left full-width has-text-color has-outreque-medium-font-family\" style=\"margin-top:0px;margin-right:0px;margin-bottom:0px;margin-left:0px\">\u00c0 10 km de <a href=\"https:\/\/www.leparadis-medoc.com\/camping-pauillac\/\" data-type=\"page\" data-id=\"856\">Pauillac<\/a>, 45\u202fkm de <a href=\"https:\/\/www.leparadis-medoc.com\/camping-bordeaux\/\" data-type=\"page\" data-id=\"896\">Bordeaux<\/a>, 35\u202fkm de <a href=\"https:\/\/www.leparadis-medoc.com\/camping-lacanau\/\" data-type=\"page\" data-id=\"876\">Lacanau<\/a>, 1\u202fh du <a href=\"https:\/\/www.leparadis-medoc.com\/camping-lege-cap-ferret\/\" data-type=\"page\" data-id=\"892\">Cap Ferret<\/a>, <strong>1\u00a0h\u00a030 de la dune du Pilat<\/strong> et du <a href=\"https:\/\/www.leparadis-medoc.com\/camping-bassin-d-arcachon\/\" data-type=\"page\" data-id=\"884\">bassin d\u2019Arcachon<\/a>.<\/p>\n<\/div>\n<\/div>\n<\/div>\n<\/div>\n<\/div><\/div>\n<\/div>\n<\/section>\n\n<section class=\"wp-block-group gt_1-cta-1photo_002 inverse page has-custom-girs-fonce-background-color has-background has-global-padding is-layout-constrained wp-container-core-group-is-layout-d6554d75 wp-block-group-is-layout-constrained\" style=\"margin-top:0px;margin-bottom:0px\">\n<div class=\"wp-block-columns is-layout-flex wp-container-core-columns-is-layout-33ba964e wp-block-columns-is-layout-flex\">\n<div class=\"wp-block-column is-vertically-aligned-center main-image has-custom-color-4-background-color has-background is-layout-flow wp-block-column-is-layout-flow\" style=\"padding-top:8rem;padding-bottom:8rem;padding-left:10rem;flex-basis:50%\">\n<figure class=\"wp-block-image size-full main image-deco\"><img decoding=\"async\" width=\"2048\" height=\"1638\" src=\"https:\/\/www.leparadis-medoc.com\/wp-content\/uploads\/2025\/11\/Les-soirees-ambiancees-vins-de-bordeaux.jpg\" alt=\"Bordeaux wine evenings\" class=\"wp-image-1450\" srcset=\"https:\/\/www.leparadis-medoc.com\/wp-content\/uploads\/2025\/11\/Les-soirees-ambiancees-vins-de-bordeaux.jpg 2048w, https:\/\/www.leparadis-medoc.com\/wp-content\/uploads\/2025\/11\/Les-soirees-ambiancees-vins-de-bordeaux-300x240.jpg 300w, https:\/\/www.leparadis-medoc.com\/wp-content\/uploads\/2025\/11\/Les-soirees-ambiancees-vins-de-bordeaux-768x614.jpg 768w, https:\/\/www.leparadis-medoc.com\/wp-content\/uploads\/2025\/11\/Les-soirees-ambiancees-vins-de-bordeaux-1024x819.jpg 1024w, https:\/\/www.leparadis-medoc.com\/wp-content\/uploads\/2025\/11\/Les-soirees-ambiancees-vins-de-bordeaux-1536x1229.jpg 1536w\" sizes=\"(max-width: 2048px) 100vw, 2048px\" \/><\/figure>\n<\/div>\n\n\n\n<div class=\"wp-block-column is-vertically-aligned-center content is-layout-flow wp-block-column-is-layout-flow\" style=\"padding-top:8rem;padding-bottom:8em;padding-left:10rem;flex-basis:50%\">\n<div class=\"wp-block-group titre-container is-vertical is-content-justification-left is-layout-flex wp-container-core-group-is-layout-68ae07ba wp-block-group-is-layout-flex\">\n<figure class=\"wp-block-image alignright size-full deco-titre\" style=\"margin-top:-1rem;margin-right:4rem\"><img decoding=\"async\" width=\"136\" height=\"16\" src=\"https:\/\/www.leparadis-medoc.com\/wp-content\/uploads\/2025\/10\/grande-vague.png\" alt=\"large wave\" class=\"wp-image-423\" \/><\/figure>\n<\/div>\n\n\n\n<p class=\"has-base-2-color has-text-color has-link-color wp-elements-8ae5a7a4a8779b3280f8eab437481f11\"><strong>In the heart of the M\u00e9doc<\/strong> and just <strong>20 minutes from the beaches<\/strong>, our group campsite in Gironde offers you a wide choice of activities to discover: walks, hikes or mountain bike rides around the dunes in unspoilt surroundings.<\/p>\n\n\n\n<p class=\"has-base-color has-text-color has-link-color wp-elements-7552f5110cfd2c9c79e89f3f25d0ce22\"><em>&#8220;If you&#8217;re looking for a vineyard tour, we suggest you spend some time at Ch\u00e2teau Balac, just a 2-minute drive from the campsite. This 3-generation family-run wine estate will welcome you for a visit and a tasting of the estate&#8217;s products.&#8221;<\/em><\/p>\n\n\n\n<p class=\"has-base-2-color has-text-color has-link-color wp-elements-5bf9870a3aae69ba64610944a1b575ae\">Please do not hesitate to <a href=\"https:\/\/www.chateaubalac.com\/fr\/contact-vignerons\" target=\"_blank\" rel=\"noreferrer noopener nofollow\">contact Am\u00e9lie and Lionel, the Ch\u00e2teau Balac winemakers<\/a>, for any further information.<\/p>\n<\/div>\n<\/div>\n<\/section>\n\n<section class=\"wp-block-group gt_1-cta-1photo_002 page has-custom-terracotta-background-color has-background has-global-padding is-layout-constrained wp-container-core-group-is-layout-d6554d75 wp-block-group-is-layout-constrained\" style=\"margin-top:0px;margin-bottom:0px\">\n<div class=\"wp-block-columns is-layout-flex wp-container-core-columns-is-layout-33ba964e wp-block-columns-is-layout-flex\">\n<div class=\"wp-block-column is-vertically-aligned-center content is-layout-flow wp-block-column-is-layout-flow\" style=\"padding-top:8rem;padding-bottom:8em;padding-left:10rem;flex-basis:50%\">\n<div class=\"wp-block-group titre-container is-vertical is-content-justification-left is-layout-flex wp-container-core-group-is-layout-68ae07ba wp-block-group-is-layout-flex\">\n<h2 class=\"wp-block-heading has-base-2-color has-text-color has-link-color has-retcaro-font-family wp-elements-1f8c18ba74a8c946b347e0574a758dee\" style=\"line-height:1\">Accommodation and pitches for groups in Gironde<\/h2>\n\n\n\n<figure class=\"wp-block-image alignright size-full deco-titre\" style=\"margin-top:-1rem;margin-right:4rem\"><img decoding=\"async\" width=\"136\" height=\"16\" src=\"https:\/\/www.leparadis-medoc.com\/wp-content\/uploads\/2025\/10\/grande-vague.png\" alt=\"large wave\" class=\"wp-image-423\" \/><\/figure>\n<\/div>\n\n\n\n<p class=\"has-base-2-color has-text-color has-link-color wp-elements-489eefb790e367e3344f4b41b1bec645\">Au c\u0153ur de la nature, notre camping accueille vos s\u00e9jours \u00e0 partir de 2 nuits minimum en groupe gr\u00e2ce \u00e0 une large gamme <a href=\"https:\/\/www.leparadis-medoc.com\/location-hebergements-emplacements-saint-laurent-medoc\/\" data-type=\"page\" data-id=\"57\">d\u2019h\u00e9bergements et d\u2019emplacements adapt\u00e9s \u00e0 toutes les envies<\/a>. <\/p>\n\n\n\n<p class=\"has-base-2-color has-text-color has-link-color wp-elements-cd763e2b85b8000cc566dc4558c45d3a\">Whether you&#8217;re looking for the comfort of a mobile home, the conviviality of a chalet, or the authenticity of a tented stay, we offer several categories to suit your needs.  <\/p>\n\n\n\n<p class=\"has-base-2-color has-text-color has-link-color wp-elements-b43f4fe0b90dea16c031a9fc377bf312\">Our spacious pitches can accommodate caravans, motorhomes and tents of all sizes. Ideal for <strong>families<\/strong>, <strong>associations<\/strong>, <strong>seminars<\/strong> or<strong> gatherings of friends<\/strong>, our campsite offers the flexibility and space needed to share unforgettable moments in complete serenity. <\/p>\n\n\n\n<p class=\"has-base-2-color has-text-color has-link-color wp-elements-649bf3dc8c1536d622a03557c3db6b85\">Contact us by phone or e-mail!<\/p>\n<\/div>\n\n\n\n<div class=\"wp-block-column is-vertically-aligned-center main-image has-custom-color-4-background-color has-background is-layout-flow wp-block-column-is-layout-flow\" style=\"padding-top:8rem;padding-bottom:8rem;padding-left:10rem;flex-basis:50%\">\n<figure class=\"wp-block-image size-full main image-deco\"><img decoding=\"async\" width=\"2048\" height=\"1535\" src=\"https:\/\/www.leparadis-medoc.com\/wp-content\/uploads\/2025\/11\/Camping-Le-Paradis-location-pour-des-groupes.jpg\" alt=\"Camping Le Paradis rental for groups\" class=\"wp-image-1451\" srcset=\"https:\/\/www.leparadis-medoc.com\/wp-content\/uploads\/2025\/11\/Camping-Le-Paradis-location-pour-des-groupes.jpg 2048w, https:\/\/www.leparadis-medoc.com\/wp-content\/uploads\/2025\/11\/Camping-Le-Paradis-location-pour-des-groupes-300x225.jpg 300w, https:\/\/www.leparadis-medoc.com\/wp-content\/uploads\/2025\/11\/Camping-Le-Paradis-location-pour-des-groupes-768x576.jpg 768w, https:\/\/www.leparadis-medoc.com\/wp-content\/uploads\/2025\/11\/Camping-Le-Paradis-location-pour-des-groupes-1024x768.jpg 1024w, https:\/\/www.leparadis-medoc.com\/wp-content\/uploads\/2025\/11\/Camping-Le-Paradis-location-pour-des-groupes-1536x1151.jpg 1536w\" sizes=\"(max-width: 2048px) 100vw, 2048px\" \/><\/figure>\n<\/div>\n<\/div>\n<\/section>\n\n<section class=\"wp-block-group gt_page-maillage has-global-padding is-layout-constrained wp-container-core-group-is-layout-67474efc wp-block-group-is-layout-constrained\" style=\"padding-top:7rem;padding-right:14rem;padding-bottom:7rem;padding-left:14rem\">\n<div class=\"wp-block-group has-global-padding is-layout-constrained wp-container-core-group-is-layout-8a400663 wp-block-group-is-layout-constrained\">\n<div class=\"wp-block-columns are-vertically-aligned-center titre-deco one orange is-layout-flex wp-container-core-columns-is-layout-33ba964e wp-block-columns-is-layout-flex\">\n<div class=\"wp-block-column is-vertically-aligned-center texte is-layout-flow wp-block-column-is-layout-flow\">\n<div class=\"svg-decoration-left\"><\/div>\n\n\n\n<p class=\"has-text-align-center has-unbounded-font-family\" style=\"font-size:clamp(33.419px, 2.089rem + ((1vw - 3.2px) * 2.077), 60px);font-style:normal;font-weight:700;line-height:1;text-transform:uppercase\">Discover our campsite and our services!<br \/><\/p>\n\n\n\n<div class=\"svg-decoration\"><\/div>\n<\/div>\n<\/div>\n<\/div>\n\n\n\n<div style=\"height:4rem\" aria-hidden=\"true\" class=\"wp-block-spacer gt-hide-mobile\"><\/div>\n\n\n\n<div data-wp-context=\"{}\" data-wp-interactive=\"core\/query\" data-wp-key=\"0\" data-wp-router-region=\"query-0\" class=\"wp-block-query alignwide gt-fse-maillage-query is-layout-flow wp-block-query-is-layout-flow\"><ul class=\"columns-3 wp-block-post-template is-layout-grid wp-container-core-post-template-is-layout-6d3fbd8f wp-block-post-template-is-layout-grid\"><li data-wp-key=\"post-template-item-2116\" class=\"wp-block-post post-2116 page type-page status-publish has-post-thumbnail hentry\">\n\n<figure class=\"wp-block-image\"><img decoding=\"async\" src=\"https:\/\/www.leparadis-medoc.com\/wp-content\/uploads\/2025\/10\/camping-paradis-medoc-les-animations-scaled.jpg\" alt=\"\" style=\"aspect-ratio:3\/4;object-fit:cover\" \/><\/figure>\n\n\n\n<p class=\"maillage-title has-base-2-color has-text-color has-link-color has-unbounded-font-family wp-elements-aa2b2dde1d0a0ad00ed57b90eda16e02\" style=\"font-size:clamp(1.25rem, 1.25rem + ((1vw - 0.2rem) * 0.938), 2rem);font-style:normal;font-weight:700;text-transform:uppercase\">Entertainment &amp; activities<\/p>\n\n\n<a class=\"is-style-lien-cover wp-block-read-more\" href=\"https:\/\/www.leparadis-medoc.com\/en\/campsite-entertainment-saint-laurent-medoc\/\" target=\"_self\">Read more<span class=\"screen-reader-text\">: Entertainment &amp; activities<\/span><\/a>\n<\/li><li data-wp-key=\"post-template-item-2248\" class=\"wp-block-post post-2248 page type-page status-publish has-post-thumbnail hentry\">\n\n<figure class=\"wp-block-image\"><img decoding=\"async\" src=\"https:\/\/www.leparadis-medoc.com\/wp-content\/uploads\/2025\/11\/Camping-Le-Paradis-Installations-exterieur.jpg\" alt=\"\" style=\"aspect-ratio:3\/4;object-fit:cover\" \/><\/figure>\n\n\n\n<p class=\"maillage-title has-base-2-color has-text-color has-link-color has-unbounded-font-family wp-elements-aa2b2dde1d0a0ad00ed57b90eda16e02\" style=\"font-size:clamp(1.25rem, 1.25rem + ((1vw - 0.2rem) * 0.938), 2rem);font-style:normal;font-weight:700;text-transform:uppercase\">Bar &amp; restaurant<\/p>\n\n\n<a class=\"is-style-lien-cover wp-block-read-more\" href=\"https:\/\/www.leparadis-medoc.com\/en\/bar-restaurant-saint-laurent-medoc\/\" target=\"_self\">Read more<span class=\"screen-reader-text\">: Bar &amp; restaurant<\/span><\/a>\n<\/li><li data-wp-key=\"post-template-item-2173\" class=\"wp-block-post post-2173 page type-page status-publish has-post-thumbnail hentry\">\n\n<figure class=\"wp-block-image\"><img decoding=\"async\" src=\"https:\/\/www.leparadis-medoc.com\/wp-content\/uploads\/2025\/11\/Camping-Le-Paradis-Nos-equipements-et-installations.jpg\" alt=\"\" style=\"aspect-ratio:3\/4;object-fit:cover\" \/><\/figure>\n\n\n\n<p class=\"maillage-title has-base-2-color has-text-color has-link-color has-unbounded-font-family wp-elements-aa2b2dde1d0a0ad00ed57b90eda16e02\" style=\"font-size:clamp(1.25rem, 1.25rem + ((1vw - 0.2rem) * 0.938), 2rem);font-style:normal;font-weight:700;text-transform:uppercase\">The campsite<\/p>\n\n\n<a class=\"is-style-lien-cover wp-block-read-more\" href=\"https:\/\/www.leparadis-medoc.com\/en\/family-campsite-saint-laurent-medoc\/\" target=\"_self\">Read more<span class=\"screen-reader-text\">: The campsite<\/span><\/a>\n<\/li><\/ul><\/div>\n<\/section>\n\n<p><\/p>\n","protected":false},"excerpt":{"rendered":"<p>Ideal campsite for groups near Hourtin Notre camping en Gironde est la destination id\u00e9ale pour l\u2019accueil de groupe en qu\u00eate de nature, de convivialit\u00e9 et de dynamisme. Located just a stone&#8217;s throw from the ocean, in the heart of the prestigious M\u00e9doc vineyards and very close to Bordeaux, group camping near Hourtin offers a unique [&hellip;]<\/p>\n","protected":false},"author":1,"featured_media":2142,"parent":0,"menu_order":0,"comment_status":"closed","ping_status":"closed","template":"","meta":{"_seopress_robots_primary_cat":"","_seopress_titles_title":"Group camping near Hourtin | Events in Gironde 33","_seopress_titles_desc":"Our campsite welcomes groups and individuals coming to take part in the M\u00e9doc's sporting and cultural events: marathon, La M\u00e9docaine race, tournaments...","_seopress_robots_index":"","_gt_ctv_global_id":"","_gt_ctv_id_group":false,"inline_featured_image":false,"_gt_visite_virtuelle_url":"","gt_fse_maillage_image":"https:\/\/www.leparadis-medoc.com\/wp-content\/uploads\/2025\/11\/Camping-Le-Paradis-location-pour-groupes.jpg","gt_fse_maillage_titre":"Group home","gt_fse_maillage_alt":"Group home","gt_fse_maillage_resume":"","footnotes":""},"categories":[],"tags":[],"class_list":["post-2136","page","type-page","status-publish","has-post-thumbnail","hentry"],"_links":{"self":[{"href":"https:\/\/www.leparadis-medoc.com\/en\/wp-json\/wp\/v2\/pages\/2136","targetHints":{"allow":["GET"]}}],"collection":[{"href":"https:\/\/www.leparadis-medoc.com\/en\/wp-json\/wp\/v2\/pages"}],"about":[{"href":"https:\/\/www.leparadis-medoc.com\/en\/wp-json\/wp\/v2\/types\/page"}],"author":[{"embeddable":true,"href":"https:\/\/www.leparadis-medoc.com\/en\/wp-json\/wp\/v2\/users\/1"}],"replies":[{"embeddable":true,"href":"https:\/\/www.leparadis-medoc.com\/en\/wp-json\/wp\/v2\/comments?post=2136"}],"version-history":[{"count":12,"href":"https:\/\/www.leparadis-medoc.com\/en\/wp-json\/wp\/v2\/pages\/2136\/revisions"}],"predecessor-version":[{"id":3178,"href":"https:\/\/www.leparadis-medoc.com\/en\/wp-json\/wp\/v2\/pages\/2136\/revisions\/3178"}],"wp:featuredmedia":[{"embeddable":true,"href":"https:\/\/www.leparadis-medoc.com\/en\/wp-json\/wp\/v2\/media\/2142"}],"wp:attachment":[{"href":"https:\/\/www.leparadis-medoc.com\/en\/wp-json\/wp\/v2\/media?parent=2136"}],"wp:term":[{"taxonomy":"category","embeddable":true,"href":"https:\/\/www.leparadis-medoc.com\/en\/wp-json\/wp\/v2\/categories?post=2136"},{"taxonomy":"post_tag","embeddable":true,"href":"https:\/\/www.leparadis-medoc.com\/en\/wp-json\/wp\/v2\/tags?post=2136"}],"curies":[{"name":"wp","href":"https:\/\/api.w.org\/{rel}","templated":true}]}}