{"id":2173,"date":"2025-10-22T16:21:28","date_gmt":"2025-10-22T14:21:28","guid":{"rendered":"https:\/\/www.leparadis-medoc.com\/camping-familial-saint-laurent-medoc\/"},"modified":"2026-01-02T17:16:34","modified_gmt":"2026-01-02T16:16:34","slug":"family-campsite-saint-laurent-medoc","status":"publish","type":"page","link":"https:\/\/www.leparadis-medoc.com\/en\/family-campsite-saint-laurent-medoc\/","title":{"rendered":"The campsite"},"content":{"rendered":"\n<section class=\"wp-block-group gt_1-cta-1photo_002 line page has-global-padding is-layout-constrained wp-container-core-group-is-layout-d4c4af53 wp-block-group-is-layout-constrained\" style=\"margin-top:0px;margin-bottom:0px;padding-top:4rem\">\n<div class=\"wp-block-group alignwide is-vertical is-content-justification-center is-layout-flex wp-container-core-group-is-layout-52b864f0 wp-block-group-is-layout-flex\" style=\"min-height:0px\">\n<h1 class=\"wp-block-heading has-text-align-center\">Family campsite in Gironde<\/h1>\n\n\n\n<figure class=\"wp-block-image size-full\"><img decoding=\"async\" width=\"136\" height=\"16\" src=\"https:\/\/www.leparadis-medoc.com\/wp-content\/uploads\/2025\/10\/grande-vague.png\" alt=\"large wave\" class=\"wp-image-423\"\/><\/figure>\n<\/div>\n\n\n\n<div class=\"wp-block-columns is-layout-flex wp-container-core-columns-is-layout-33ba964e wp-block-columns-is-layout-flex\">\n<div class=\"wp-block-column is-vertically-aligned-center content is-layout-flow wp-block-column-is-layout-flow\" style=\"padding-top:8rem;padding-bottom:8em;padding-left:10rem;flex-basis:50%\">\n<h2 class=\"wp-block-heading has-custom-color-1-color has-text-color has-link-color has-retcaro-font-family wp-elements-6d4ceabceeedfdcefab93b31a4654bee\" style=\"line-height:1\">Welcome to the Saint-Laurent-M\u00e9doc campsite<\/h2>\n\n\n\n<p class=\"has-custom-color-5-color has-text-color has-link-color wp-elements-e3880d84d7dcda84810ca7ed21ec8292\">Welcome home, in the heart of the M\u00e9doc: between prestigious vineyards and Atlantic beaches, at our family campsite in Saint-Laurent-M\u00e9doc, Gironde. We&#8217;ve thought of everything to make you feel <strong>at home<\/strong>.   <\/p>\n\n\n\n<p class=\"has-custom-color-5-color has-text-color has-link-color wp-elements-1250bf593da0b98e7e5a242bec5ff0d6\">A friendly atmosphere, <a href=\"https:\/\/www.leparadis-medoc.com\/en\/campsite-entertainment-saint-laurent-medoc\/\" data-type=\"page\" data-id=\"53\">activities for young and old <\/a>during the day, followed by the serenity of a well-deserved rest. In summer, our evenings bring families and friends together for laughter and shared moments. <\/p>\n\n\n\n<p class=\"has-custom-color-5-color has-text-color has-link-color wp-elements-2a3937d04d2bb23faf6471f74c3215b5\">On site, <a href=\"https:\/\/www.leparadis-medoc.com\/en\/bar-restaurant-saint-laurent-medoc\/\" data-type=\"page\" data-id=\"51\">our restaurant<\/a> invites you to savour 100% homemade French cuisine, prepared with passion by our head chef, the master of the house! Large tribe? Our campsite is ideal for <a href=\"https:\/\/www.leparadis-medoc.com\/en\/group-campsite-saint-laurent-medoc\/\" data-type=\"page\" data-id=\"49\">groups in Gironde.<\/a><\/p>\n\n\n\n<p class=\"has-custom-color-5-color has-text-color has-link-color wp-elements-11cddd77d8c45be09773d57b7678d448\">Enjoy <strong>authentic<\/strong>, generous and unforgettable <strong>vacations<\/strong> at the <a href=\"https:\/\/www.leparadis-medoc.com\/en\/\" data-type=\"page\" data-id=\"5\">campsite near Hourtin<\/a>.<\/p>\n<\/div>\n\n\n\n<div class=\"wp-block-column is-vertically-aligned-center main-image has-custom-color-4-background-color has-background is-layout-flow wp-block-column-is-layout-flow\" style=\"padding-top:4rem;padding-bottom:8rem;flex-basis:50%\">\n<figure class=\"wp-block-image size-full image-deco main\"><img decoding=\"async\" width=\"2048\" height=\"1365\" src=\"https:\/\/www.leparadis-medoc.com\/wp-content\/uploads\/2025\/11\/Camping-Le-Paradis-espaces.jpg\" alt=\"Camping Le Paradis espaces\" class=\"wp-image-1460\" srcset=\"https:\/\/www.leparadis-medoc.com\/wp-content\/uploads\/2025\/11\/Camping-Le-Paradis-espaces.jpg 2048w, https:\/\/www.leparadis-medoc.com\/wp-content\/uploads\/2025\/11\/Camping-Le-Paradis-espaces-300x200.jpg 300w, https:\/\/www.leparadis-medoc.com\/wp-content\/uploads\/2025\/11\/Camping-Le-Paradis-espaces-768x512.jpg 768w, https:\/\/www.leparadis-medoc.com\/wp-content\/uploads\/2025\/11\/Camping-Le-Paradis-espaces-1024x683.jpg 1024w, https:\/\/www.leparadis-medoc.com\/wp-content\/uploads\/2025\/11\/Camping-Le-Paradis-espaces-1536x1024.jpg 1536w\" sizes=\"(max-width: 2048px) 100vw, 2048px\" \/><\/figure>\n<\/div>\n<\/div>\n<\/section>\n\n<section class=\"wp-block-group alignfull gt_full-slider_001 no-slider page has-background has-global-padding is-layout-constrained wp-container-core-group-is-layout-c13f64fb wp-block-group-is-layout-constrained\" style=\"border-top-left-radius:0px;border-top-right-radius:0px;border-bottom-left-radius:0px;border-bottom-right-radius:0px;background:linear-gradient(135deg,rgb(3,3,3) 1%,rgba(0,0,0,0) 100%);margin-top:0px;margin-right:0px;margin-bottom:0px;margin-left:0px;padding-top:0px;padding-right:0px;padding-left:0px\">\n<div class=\"wp-block-group is-layout-flow wp-block-group-is-layout-flow\">\n<div class=\"wp-block-cover alignfull has-parallax has-custom-content-position is-position-bottom-center blob-image\" style=\"min-height:110vh;aspect-ratio:unset;\"><div role=\"img\" aria-label=\"Camping Le Paradis installations\" class=\"wp-block-cover__image-background wp-image-1296 size-full has-parallax\" style=\"background-position:50% 50%;background-image:url(https:\/\/www.leparadis-medoc.com\/wp-content\/uploads\/2025\/11\/Camping-Le-Paradis-installations.jpg)\"><\/div><span aria-hidden=\"true\" class=\"wp-block-cover__background has-background-dim-60 has-background-dim wp-block-cover__gradient-background has-background-gradient\" style=\"background:linear-gradient(180deg,rgba(255,255,255,0) 0%,rgba(0,0,0,0.81) 59%)\"><\/span><div class=\"wp-block-cover__inner-container is-layout-flow wp-block-cover-is-layout-flow\">\n<div class=\"wp-block-group alignfull has-background is-vertical is-content-justification-left is-nowrap is-layout-flex wp-container-core-group-is-layout-0864ca22 wp-block-group-is-layout-flex\" style=\"border-radius:0px;background-color:#FFFFFF00;margin-top:0px;margin-right:0px;margin-bottom:0px;margin-left:0px;padding-top:0;padding-right:var(--wp--preset--spacing--40);padding-bottom:var(--wp--preset--spacing--50);padding-left:var(--wp--preset--spacing--40)\">\n<div class=\"wp-block-columns alignwide is-layout-flex wp-container-core-columns-is-layout-60a3d281 wp-block-columns-is-layout-flex\" style=\"padding-right:var(--wp--preset--spacing--50)\">\n<div class=\"wp-block-column is-vertically-aligned-end is-layout-flow wp-block-column-is-layout-flow\" style=\"margin-top:0px;margin-right:0px;margin-bottom:0px;margin-left:0px;flex-basis:50%\">\n<div class=\"wp-block-group wp-block-heading text-nowrap has-outreque-black-font-family has-text-color is-vertical is-content-justification-left is-nowrap is-layout-flex wp-container-core-group-is-layout-9b091f6a wp-block-group-is-layout-flex\" style=\"color:rgba(252,245,239,1);margin-top:0px;margin-right:0px;margin-bottom:0px;margin-left:0px;padding-bottom:var(--wp--preset--spacing--20);font-size:clamp(19.481px, 1.218rem + ((1vw - 3.2px) * 0.9), 31px);font-style:normal;font-weight:900;line-height:1.1;text-transform:none\"><\/div>\n<\/div>\n\n\n\n<div class=\"wp-block-column is-vertically-aligned-center group-paragraph is-layout-flow wp-block-column-is-layout-flow\" style=\"margin-top:0px;margin-right:0px;margin-bottom:0px;margin-left:0px;flex-basis:50%\">\n<div class=\"wp-block-group full-width has-text-color has-outreque-medium-font-family is-layout-flow wp-block-group-is-layout-flow\" style=\"color:rgba(255,255,255,1);margin-top:0px;margin-right:0px;margin-bottom:0px;margin-left:0px;font-size:clamp(14px, 0.875rem + ((1vw - 3.2px) * 0.234), 17px);line-height:1.9\">\n<h2 class=\"wp-block-heading has-text-align-left text-nowrap has-outreque-black-font-family has-text-color\" style=\"color:rgba(252,245,239,1);margin-top:0px;margin-right:0px;margin-bottom:0px;margin-left:0px;padding-bottom:var(--wp--preset--spacing--20);line-height:1.1\">Serviced campsite near Hourtin<\/h2>\n<\/div>\n\n\n\n<div class=\"wp-block-group full-width has-text-color is-layout-flow wp-block-group-is-layout-flow\" style=\"color:rgba(255,255,255,1);margin-top:0px;margin-right:0px;margin-bottom:0px;margin-left:0px\">\n<p class=\"has-text-align-left full-width has-text-color has-outreque-medium-font-family\" style=\"color:rgba(255,255,255,1);margin-top:0px;margin-right:0px;margin-bottom:0px;margin-left:0px\">The reception team welcomes you from <strong>9 a.m. to 12 p.m.<\/strong> and from <strong>2 p.m. to 7 p.m.<\/strong> <\/p>\n\n\n\n<p>From <strong>8 a.m.<\/strong>, the <strong>bar<\/strong> opens to get the day off to a good start with our <strong>breakfasts on the spot or to take away<\/strong>. You can also simply enjoy an espresso to your heart&#8217;s content. This is where you can pick up the <strong>bread and pastries<\/strong> you ordered the day before!  <\/p>\n\n\n\n<p>Forgotten something when shopping or packing? Visit &#8220;Le d\u00e9panneur&#8221;, a small grocery store where you&#8217;ll find essential items, and a few souvenirs&#8230; <\/p>\n\n\n\n<p class=\"has-text-align-left full-width has-text-color has-outreque-medium-font-family\" style=\"color:rgba(255,255,255,1);margin-top:0px;margin-right:0px;margin-bottom:0px;margin-left:0px\">Stay connected during your stay, the campsite is fully equipped with <strong>wifi <\/strong>! (Service at extra charge.)<\/p>\n<\/div>\n<\/div>\n<\/div>\n<\/div>\n<\/div><\/div>\n<\/div>\n<\/section>\n\n<section class=\"wp-block-group gt_1-cta-1photo_002 inverse page has-custom-girs-fonce-background-color has-background has-global-padding is-layout-constrained wp-container-core-group-is-layout-d6554d75 wp-block-group-is-layout-constrained\" style=\"margin-top:0px;margin-bottom:0px\">\n<div class=\"wp-block-columns is-layout-flex wp-container-core-columns-is-layout-33ba964e wp-block-columns-is-layout-flex\">\n<div class=\"wp-block-column is-vertically-aligned-center main-image has-custom-color-4-background-color has-background is-layout-flow wp-block-column-is-layout-flow\" style=\"padding-top:8rem;padding-bottom:8rem;padding-left:10rem;flex-basis:50%\">\n<figure class=\"wp-block-image size-full main image-deco\"><img decoding=\"async\" width=\"2048\" height=\"1365\" src=\"https:\/\/www.leparadis-medoc.com\/wp-content\/uploads\/2025\/11\/Camping-Le-Paradis-services-machines-a-laver.jpg\" alt=\"Camping Le Paradis washing machine services\" class=\"wp-image-1299\" srcset=\"https:\/\/www.leparadis-medoc.com\/wp-content\/uploads\/2025\/11\/Camping-Le-Paradis-services-machines-a-laver.jpg 2048w, https:\/\/www.leparadis-medoc.com\/wp-content\/uploads\/2025\/11\/Camping-Le-Paradis-services-machines-a-laver-300x200.jpg 300w, https:\/\/www.leparadis-medoc.com\/wp-content\/uploads\/2025\/11\/Camping-Le-Paradis-services-machines-a-laver-768x512.jpg 768w, https:\/\/www.leparadis-medoc.com\/wp-content\/uploads\/2025\/11\/Camping-Le-Paradis-services-machines-a-laver-1024x683.jpg 1024w, https:\/\/www.leparadis-medoc.com\/wp-content\/uploads\/2025\/11\/Camping-Le-Paradis-services-machines-a-laver-1536x1024.jpg 1536w\" sizes=\"(max-width: 2048px) 100vw, 2048px\" \/><\/figure>\n<\/div>\n\n\n\n<div class=\"wp-block-column is-vertically-aligned-center content is-layout-flow wp-block-column-is-layout-flow\" style=\"padding-top:8rem;padding-bottom:8em;padding-left:10rem;flex-basis:50%\">\n<div class=\"wp-block-group titre-container is-vertical is-content-justification-left is-layout-flex wp-container-core-group-is-layout-68ae07ba wp-block-group-is-layout-flex\">\n<h2 class=\"wp-block-heading has-base-2-color has-text-color has-link-color has-retcaro-font-family wp-elements-f2db6912d3e4bbd8b15d9bdbddd6fee9\" style=\"line-height:1\">Extra rentals for added comfort<\/h2>\n\n\n\n<figure class=\"wp-block-image alignright size-full deco-titre\" style=\"margin-top:-1rem;margin-right:4rem\"><img decoding=\"async\" width=\"136\" height=\"16\" src=\"https:\/\/www.leparadis-medoc.com\/wp-content\/uploads\/2025\/10\/grande-vague.png\" alt=\"large wave\" class=\"wp-image-423\"\/><\/figure>\n<\/div>\n\n\n\n<p class=\"has-base-2-color has-text-color has-link-color wp-elements-f2adca1b970e7551c105718aa42a2303\">Lighten your luggage! For even more comfort, take a look at our supplements:   <\/p>\n\n\n\n<ul class=\"wp-block-list has-base-color has-text-color has-link-color wp-elements-8d28d6ffb12e41e2867738bc3863ea0c\">\n<li>Towel or sheet rental<\/li>\n\n\n\n<li>Cot rental<\/li>\n\n\n\n<li>Highchair rental<\/li>\n\n\n\n<li>Refrigerator rental&#8230;  <\/li>\n<\/ul>\n\n\n\n<p class=\"has-base-color has-text-color has-link-color wp-elements-3d50c06c60396efed6886116b84ce084\">Don&#8217;t hesitate to ask at reception.  <\/p>\n\n\n\n<p class=\"has-base-color has-text-color has-link-color wp-elements-d11efd76e7ad1d17a6b74c87c0b549e3\">Because we don&#8217;t stop doing laundry when we go on vacation, we&#8217;ve set up a space where <strong>2 washing machines<\/strong> and <strong>1 dryer<\/strong> are waiting to take care of your belongings. (price: \u20ac5) <\/p>\n\n\n\n<p class=\"has-base-2-color has-text-color has-link-color wp-elements-430c9b4e4ddaa322eb5f3e728c85b811\"><strong>Wifi<\/strong> is available on the campsite (fee payable). Please ask at reception for further information. <\/p>\n<\/div>\n<\/div>\n<\/section>\n\n<section class=\"wp-block-group gt_1-cta-1photo_002 page has-custom-terracotta-background-color has-background has-global-padding is-layout-constrained wp-container-core-group-is-layout-d6554d75 wp-block-group-is-layout-constrained\" style=\"margin-top:0px;margin-bottom:0px\">\n<div class=\"wp-block-columns is-layout-flex wp-container-core-columns-is-layout-33ba964e wp-block-columns-is-layout-flex\">\n<div class=\"wp-block-column is-vertically-aligned-center content is-layout-flow wp-block-column-is-layout-flow\" style=\"padding-top:8rem;padding-bottom:8em;padding-left:10rem;flex-basis:50%\">\n<div class=\"wp-block-group titre-container is-vertical is-content-justification-left is-layout-flex wp-container-core-group-is-layout-68ae07ba wp-block-group-is-layout-flex\">\n<h2 class=\"wp-block-heading has-base-2-color has-text-color has-link-color has-retcaro-font-family wp-elements-ec0791ef86b363ed6489fdcac6f3abd1\" style=\"line-height:1\">Shops near the campsite in Saint-Laurent-M\u00e9doc<\/h2>\n\n\n\n<figure class=\"wp-block-image alignright size-full deco-titre\" style=\"margin-top:-1rem;margin-right:4rem\"><img decoding=\"async\" width=\"136\" height=\"16\" src=\"https:\/\/www.leparadis-medoc.com\/wp-content\/uploads\/2025\/10\/grande-vague.png\" alt=\"large wave\" class=\"wp-image-423\"\/><\/figure>\n<\/div>\n\n\n\n<p class=\"has-base-2-color has-text-color has-link-color wp-elements-fbfab31f78ba0d779f84d7637925f996\">During your stay at our family campsite near Hourtin, you&#8217;ll find all the<strong> shops you need within<\/strong> easy<strong> reach<\/strong>. Just <strong>5 minutes<\/strong> away <strong>by car<\/strong>, the Super U in Saint-Laurent-M\u00e9doc will get your shopping done quickly. For a wider choice, the Leclerc store in Lesparre-M\u00e9doc is 15 minutes away.    <\/p>\n\n\n\n<p class=\"has-base-color has-text-color has-link-color wp-elements-5a9301e1d70ac28dd5eda7f49160136c\">Looking for some time to yourself? Planning a wedding? You can also take advantage of the RT Coiffure hair salon in Saint-Laurent.  <\/p>\n\n\n\n<p class=\"has-base-2-color has-text-color has-link-color wp-elements-4f5b5fe4aadf6cbe83c37178e63dae34\">Every Monday evening in <strong>July and August<\/strong>, the campsite hosts a <strong>market of<\/strong> local <strong>craftsmen and producers<\/strong>.  <\/p>\n<\/div>\n\n\n\n<div class=\"wp-block-column is-vertically-aligned-center main-image has-custom-color-4-background-color has-background is-layout-flow wp-block-column-is-layout-flow\" style=\"padding-top:8rem;padding-bottom:8rem;padding-left:10rem;flex-basis:50%\">\n<figure class=\"wp-block-image size-full main image-deco\"><img decoding=\"async\" width=\"2000\" height=\"2000\" src=\"https:\/\/www.leparadis-medoc.com\/wp-content\/uploads\/2025\/11\/le-Super-U-de-Saint-Laurent-Medoc.jpg\" alt=\"Super U in Saint Laurent M&#xE9;doc\" class=\"wp-image-1303\" srcset=\"https:\/\/www.leparadis-medoc.com\/wp-content\/uploads\/2025\/11\/le-Super-U-de-Saint-Laurent-Medoc.jpg 2000w, https:\/\/www.leparadis-medoc.com\/wp-content\/uploads\/2025\/11\/le-Super-U-de-Saint-Laurent-Medoc-150x150.jpg 150w, https:\/\/www.leparadis-medoc.com\/wp-content\/uploads\/2025\/11\/le-Super-U-de-Saint-Laurent-Medoc-300x300.jpg 300w, https:\/\/www.leparadis-medoc.com\/wp-content\/uploads\/2025\/11\/le-Super-U-de-Saint-Laurent-Medoc-768x768.jpg 768w, https:\/\/www.leparadis-medoc.com\/wp-content\/uploads\/2025\/11\/le-Super-U-de-Saint-Laurent-Medoc-1024x1024.jpg 1024w, https:\/\/www.leparadis-medoc.com\/wp-content\/uploads\/2025\/11\/le-Super-U-de-Saint-Laurent-Medoc-1536x1536.jpg 1536w\" sizes=\"(max-width: 2000px) 100vw, 2000px\" \/><\/figure>\n<\/div>\n<\/div>\n<\/section>\n\n<section class=\"wp-block-group gt_page-maillage has-global-padding is-layout-constrained wp-container-core-group-is-layout-67474efc wp-block-group-is-layout-constrained\" style=\"padding-top:7rem;padding-right:14rem;padding-bottom:7rem;padding-left:14rem\">\n<div class=\"wp-block-group has-global-padding is-layout-constrained wp-container-core-group-is-layout-8a400663 wp-block-group-is-layout-constrained\">\n<div class=\"wp-block-columns are-vertically-aligned-center titre-deco one orange is-layout-flex wp-container-core-columns-is-layout-33ba964e wp-block-columns-is-layout-flex\">\n<div class=\"wp-block-column is-vertically-aligned-center texte is-layout-flow wp-block-column-is-layout-flow\">\n<div class=\"svg-decoration-left\"><\/div>\n\n\n\n<p class=\"has-unbounded-font-family\" style=\"font-size:clamp(33.419px, 2.089rem + ((1vw - 3.2px) * 2.077), 60px);font-style:normal;font-weight:700;line-height:1;text-transform:uppercase\">Discover our services and events!<br\/><\/p>\n\n\n\n<div class=\"svg-decoration\"><\/div>\n<\/div>\n<\/div>\n<\/div>\n\n\n\n<div style=\"height:4rem\" aria-hidden=\"true\" class=\"wp-block-spacer gt-hide-mobile\"><\/div>\n\n\n\n<div data-wp-context=\"{}\" data-wp-interactive=\"core\/query\" data-wp-key=\"0\" data-wp-router-region=\"query-0\" class=\"wp-block-query alignwide gt-fse-maillage-query is-layout-flow wp-block-query-is-layout-flow\"><ul class=\"columns-3 wp-block-post-template is-layout-grid wp-container-core-post-template-is-layout-6d3fbd8f wp-block-post-template-is-layout-grid\"><li data-wp-key=\"post-template-item-2116\" class=\"wp-block-post post-2116 page type-page status-publish has-post-thumbnail hentry\">\n\n<figure class=\"wp-block-image\"><img decoding=\"async\" src=\"https:\/\/www.leparadis-medoc.com\/wp-content\/uploads\/2025\/10\/camping-paradis-medoc-les-animations-scaled.jpg\" alt=\"\" style=\"aspect-ratio:3\/4;object-fit:cover\"\/><\/figure>\n\n\n\n<p class=\"maillage-title has-base-2-color has-text-color has-link-color has-unbounded-font-family wp-elements-aa2b2dde1d0a0ad00ed57b90eda16e02\" style=\"font-size:clamp(1.25rem, 1.25rem + ((1vw - 0.2rem) * 0.938), 2rem);font-style:normal;font-weight:700;text-transform:uppercase\">Entertainment &amp; activities<\/p>\n\n\n<a class=\"is-style-lien-cover wp-block-read-more\" href=\"https:\/\/www.leparadis-medoc.com\/en\/campsite-entertainment-saint-laurent-medoc\/\" target=\"_self\">Read more<span class=\"screen-reader-text\">: Entertainment &amp; activities<\/span><\/a>\n<\/li><li data-wp-key=\"post-template-item-2248\" class=\"wp-block-post post-2248 page type-page status-publish has-post-thumbnail hentry\">\n\n<figure class=\"wp-block-image\"><img decoding=\"async\" src=\"https:\/\/www.leparadis-medoc.com\/wp-content\/uploads\/2025\/11\/Camping-Le-Paradis-Installations-exterieur.jpg\" alt=\"\" style=\"aspect-ratio:3\/4;object-fit:cover\"\/><\/figure>\n\n\n\n<p class=\"maillage-title has-base-2-color has-text-color has-link-color has-unbounded-font-family wp-elements-aa2b2dde1d0a0ad00ed57b90eda16e02\" style=\"font-size:clamp(1.25rem, 1.25rem + ((1vw - 0.2rem) * 0.938), 2rem);font-style:normal;font-weight:700;text-transform:uppercase\">Bar &amp; restaurant<\/p>\n\n\n<a class=\"is-style-lien-cover wp-block-read-more\" href=\"https:\/\/www.leparadis-medoc.com\/en\/bar-restaurant-saint-laurent-medoc\/\" target=\"_self\">Read more<span class=\"screen-reader-text\">: Bar &amp; restaurant<\/span><\/a>\n<\/li><li data-wp-key=\"post-template-item-2341\" class=\"wp-block-post post-2341 page type-page status-publish has-post-thumbnail hentry\">\n\n<figure class=\"wp-block-image\"><img decoding=\"async\" src=\"https:\/\/www.leparadis-medoc.com\/wp-content\/uploads\/2025\/11\/Camping-Le-Paradis-piscine.jpg\" alt=\"\" style=\"aspect-ratio:3\/4;object-fit:cover\"\/><\/figure>\n\n\n\n<p class=\"maillage-title has-base-2-color has-text-color has-link-color has-unbounded-font-family wp-elements-aa2b2dde1d0a0ad00ed57b90eda16e02\" style=\"font-size:clamp(1.25rem, 1.25rem + ((1vw - 0.2rem) * 0.938), 2rem);font-style:normal;font-weight:700;text-transform:uppercase\">Swimming pool<\/p>\n\n\n<a class=\"is-style-lien-cover wp-block-read-more\" href=\"https:\/\/www.leparadis-medoc.com\/en\/campsite-heated-swimming-pool-saint-laurent-medoc\/\" target=\"_self\">Read more<span class=\"screen-reader-text\">: Swimming pool<\/span><\/a>\n<\/li><\/ul><\/div>\n<\/section>\n\n<p><\/p>\n","protected":false},"excerpt":{"rendered":"<p>Family campsite in Gironde Welcome to the Saint-Laurent-M\u00e9doc campsite Welcome home, in the heart of the M\u00e9doc: between prestigious vineyards and Atlantic beaches, at our family campsite in Saint-Laurent-M\u00e9doc, Gironde. We&#8217;ve thought of everything to make you feel at home. A friendly atmosphere, activities for young and old during the day, followed by the serenity [&hellip;]<\/p>\n","protected":false},"author":1,"featured_media":2174,"parent":0,"menu_order":0,"comment_status":"closed","ping_status":"closed","template":"","meta":{"_seopress_robots_primary_cat":"","_seopress_titles_title":"Family campsite near Hourtin, Gironde","_seopress_titles_desc":"Map and services of Camping Le Paradis located near Lesparre-M\u00e9doc, in Saint-Laurent. Swimming pool, entertainment, restaurant, barbecues, breakfast, laundry. ","_seopress_robots_index":"","_gt_ctv_global_id":"","_gt_ctv_id_group":false,"inline_featured_image":false,"_gt_visite_virtuelle_url":"","gt_fse_maillage_image":"https:\/\/www.leparadis-medoc.com\/wp-content\/uploads\/2025\/11\/Camping-Le-Paradis-Nos-equipements-et-installations.jpg","gt_fse_maillage_titre":"The campsite","gt_fse_maillage_alt":"Camping Le Paradis Our facilities","gt_fse_maillage_resume":"","footnotes":""},"categories":[],"tags":[],"class_list":["post-2173","page","type-page","status-publish","has-post-thumbnail","hentry"],"_links":{"self":[{"href":"https:\/\/www.leparadis-medoc.com\/en\/wp-json\/wp\/v2\/pages\/2173","targetHints":{"allow":["GET"]}}],"collection":[{"href":"https:\/\/www.leparadis-medoc.com\/en\/wp-json\/wp\/v2\/pages"}],"about":[{"href":"https:\/\/www.leparadis-medoc.com\/en\/wp-json\/wp\/v2\/types\/page"}],"author":[{"embeddable":true,"href":"https:\/\/www.leparadis-medoc.com\/en\/wp-json\/wp\/v2\/users\/1"}],"replies":[{"embeddable":true,"href":"https:\/\/www.leparadis-medoc.com\/en\/wp-json\/wp\/v2\/comments?post=2173"}],"version-history":[{"count":7,"href":"https:\/\/www.leparadis-medoc.com\/en\/wp-json\/wp\/v2\/pages\/2173\/revisions"}],"predecessor-version":[{"id":2991,"href":"https:\/\/www.leparadis-medoc.com\/en\/wp-json\/wp\/v2\/pages\/2173\/revisions\/2991"}],"wp:featuredmedia":[{"embeddable":true,"href":"https:\/\/www.leparadis-medoc.com\/en\/wp-json\/wp\/v2\/media\/2174"}],"wp:attachment":[{"href":"https:\/\/www.leparadis-medoc.com\/en\/wp-json\/wp\/v2\/media?parent=2173"}],"wp:term":[{"taxonomy":"category","embeddable":true,"href":"https:\/\/www.leparadis-medoc.com\/en\/wp-json\/wp\/v2\/categories?post=2173"},{"taxonomy":"post_tag","embeddable":true,"href":"https:\/\/www.leparadis-medoc.com\/en\/wp-json\/wp\/v2\/tags?post=2173"}],"curies":[{"name":"wp","href":"https:\/\/api.w.org\/{rel}","templated":true}]}}