{"id":2248,"date":"2025-10-22T16:21:30","date_gmt":"2025-10-22T14:21:30","guid":{"rendered":"https:\/\/www.leparadis-medoc.com\/bar-restaurant-saint-laurent-medoc\/"},"modified":"2026-01-02T15:51:00","modified_gmt":"2026-01-02T14:51:00","slug":"bar-restaurant-saint-laurent-medoc","status":"publish","type":"page","link":"https:\/\/www.leparadis-medoc.com\/en\/bar-restaurant-saint-laurent-medoc\/","title":{"rendered":"Bar &amp; restaurant"},"content":{"rendered":"\n<section class=\"wp-block-group gt_1-cta-1photo_002 line page has-global-padding is-layout-constrained wp-container-core-group-is-layout-d4c4af53 wp-block-group-is-layout-constrained\" style=\"margin-top:0px;margin-bottom:0px;padding-top:4rem\">\n<div class=\"wp-block-group alignwide is-vertical is-content-justification-center is-layout-flex wp-container-core-group-is-layout-52b864f0 wp-block-group-is-layout-flex\" style=\"min-height:0px\">\n<h1 class=\"wp-block-heading has-text-align-center\">Restaurant open to all near Hourtin<\/h1>\n\n\n\n<figure class=\"wp-block-image size-full\"><img decoding=\"async\" width=\"136\" height=\"16\" src=\"https:\/\/www.leparadis-medoc.com\/wp-content\/uploads\/2025\/10\/grande-vague.png\" alt=\"large wave\" class=\"wp-image-423\"\/><\/figure>\n<\/div>\n\n\n\n<div class=\"wp-block-columns is-layout-flex wp-container-core-columns-is-layout-33ba964e wp-block-columns-is-layout-flex\">\n<div class=\"wp-block-column is-vertically-aligned-center content is-layout-flow wp-block-column-is-layout-flow\" style=\"padding-top:8rem;padding-bottom:8em;padding-left:10rem;flex-basis:50%\">\n<h2 class=\"wp-block-heading has-custom-color-1-color has-text-color has-link-color has-retcaro-font-family wp-elements-b1632cd631a87d4c8041852668dd4dc8\" style=\"line-height:1\">Traditional restaurant in Saint-Laurent-M\u00e9doc<\/h2>\n\n\n\n<p class=\"has-custom-color-5-color has-text-color has-link-color wp-elements-560263f598de005f0f065d896e243030\">Fancy a good meal? Visit the <strong>restaurant<\/strong>, <strong>La Cabane du Paradis<\/strong>, next to the water park at our <a href=\"https:\/\/www.leparadis-medoc.com\/en\/\" data-type=\"page\" data-id=\"5\">campsite in Gironde<\/a>. Enjoy delicious dishes in the dining room or on the shaded terrace, or try the<strong> takeaway service<\/strong> with a vast choice. <strong>As restaurateurs by trade<\/strong>, Amandine, S\u00e9bastien and their team are sure to delight you!  <\/p>\n\n\n\n<p>At La Cabane du Paradis, <s>our<\/s>restaurant in Saint-Laurent-M\u00e9doc within the campsite, generosity is savored from the very first bite. Our passionate chefs, S\u00e9bastien and Alexandre, offer <strong>100% home-cooked cuisine <\/strong>featuring <strong>quality products<\/strong>.   <\/p>\n\n\n\n<p>For starters, let yourself be tempted by our must-tries: home-made duck foie gras or home-made smoked salmon, delicately prepared. For the main course, discover our incomparable sliced beef pav\u00e9, tender and flavorful. And for a sweet finish, succumb to the French toast-style brioche with salted butter caramel. Chef S\u00e9bastien&#8217;s motto: &#8220;La maison est g\u00e9n\u00e9reuse&#8221;.   <\/p>\n<\/div>\n\n\n\n<div class=\"wp-block-column is-vertically-aligned-center main-image has-custom-color-4-background-color has-background is-layout-flow wp-block-column-is-layout-flow\" style=\"padding-top:4rem;padding-bottom:8rem;flex-basis:50%\">\n<figure class=\"wp-block-image size-full image-deco main\"><img decoding=\"async\" width=\"2048\" height=\"1588\" src=\"https:\/\/www.leparadis-medoc.com\/wp-content\/uploads\/2025\/11\/Camping-Le-Paradis-Boire-et-Manger-burger.jpg\" alt=\"Camping Le Paradis Drink and eat burger\" class=\"wp-image-1315\" srcset=\"https:\/\/www.leparadis-medoc.com\/wp-content\/uploads\/2025\/11\/Camping-Le-Paradis-Boire-et-Manger-burger.jpg 2048w, https:\/\/www.leparadis-medoc.com\/wp-content\/uploads\/2025\/11\/Camping-Le-Paradis-Boire-et-Manger-burger-300x233.jpg 300w, https:\/\/www.leparadis-medoc.com\/wp-content\/uploads\/2025\/11\/Camping-Le-Paradis-Boire-et-Manger-burger-768x596.jpg 768w, https:\/\/www.leparadis-medoc.com\/wp-content\/uploads\/2025\/11\/Camping-Le-Paradis-Boire-et-Manger-burger-1024x794.jpg 1024w, https:\/\/www.leparadis-medoc.com\/wp-content\/uploads\/2025\/11\/Camping-Le-Paradis-Boire-et-Manger-burger-1536x1191.jpg 1536w\" sizes=\"(max-width: 2048px) 100vw, 2048px\" \/><\/figure>\n<\/div>\n<\/div>\n<\/section>\n\n<section class=\"wp-block-group gt_3-cta_006 has-global-padding is-layout-constrained wp-container-core-group-is-layout-106f6227 wp-block-group-is-layout-constrained\" style=\"padding-top:0rem;padding-bottom:9rem\">\n<div class=\"wp-block-columns are-vertically-aligned-center is-layout-flex wp-container-core-columns-is-layout-28f84493 wp-block-columns-is-layout-flex\">\n<div class=\"wp-block-column is-vertically-aligned-center is-layout-flow wp-block-column-is-layout-flow\">\n<div class=\"wp-block-columns are-vertically-aligned-center titre-deco one orange is-layout-flex wp-container-core-columns-is-layout-b8f13d12 wp-block-columns-is-layout-flex\" style=\"margin-bottom:4rem\">\n<div class=\"wp-block-column is-vertically-aligned-center icon is-layout-flow wp-block-column-is-layout-flow\" style=\"flex-basis:10%\">\n<figure class=\"wp-block-image size-full animated fadeInLeft delay-100ms slow\"><img decoding=\"async\" width=\"92\" height=\"143\" src=\"https:\/\/www.leparadis-medoc.com\/wp-content\/uploads\/2025\/10\/valise.png\" alt=\"suitcase\" class=\"wp-image-506\" style=\"object-fit:cover\"\/><\/figure>\n<\/div>\n\n\n\n<div class=\"wp-block-column is-vertically-aligned-center texte is-layout-flow wp-block-column-is-layout-flow\" style=\"flex-basis:90%\">\n<div class=\"svg-decoration-left\"><\/div>\n\n\n\n<p class=\"has-unbounded-font-family\" style=\"font-size:clamp(45.774px, 2.861rem + ((1vw - 3.2px) * 3.377), 89px);font-style:normal;font-weight:700;line-height:1;text-transform:uppercase\"><strong>Open from April to September<\/strong>.<\/p>\n\n\n\n<div class=\"svg-decoration\"><\/div>\n<\/div>\n<\/div>\n<\/div>\n\n\n\n<div class=\"wp-block-column is-vertically-aligned-center is-layout-flow wp-block-column-is-layout-flow\">\n<p>Don&#8217;t hesitate to book your table on <strong>06 76 01 48 38<\/strong> and contact us for any <strong>group requests<\/strong>. Our <a href=\"https:\/\/www.leparadis-medoc.com\/en\/group-campsite-saint-laurent-medoc\/\" data-type=\"page\" data-id=\"49\">ideal campsite for groups in Gironde <\/a>will be delighted to help you organize your <strong>convivial meals<\/strong>, and to inform you about the extent of <a href=\"https:\/\/www.leparadis-medoc.com\/en\/family-campsite-saint-laurent-medoc\/\" data-type=\"page\" data-id=\"47\">our services near Hourtin<\/a>, adapted to <strong>all types of events<\/strong>. <br\/><br\/><\/p>\n<\/div>\n<\/div>\n<\/section>\n\n<section class=\"wp-block-group alignfull gt_full-slider_001 no-slider page has-background has-global-padding is-layout-constrained wp-container-core-group-is-layout-c13f64fb wp-block-group-is-layout-constrained\" style=\"border-top-left-radius:0px;border-top-right-radius:0px;border-bottom-left-radius:0px;border-bottom-right-radius:0px;background:linear-gradient(135deg,rgb(3,3,3) 1%,rgba(0,0,0,0) 100%);margin-top:0px;margin-right:0px;margin-bottom:0px;margin-left:0px;padding-top:0px;padding-right:0px;padding-left:0px\">\n<div class=\"wp-block-group is-layout-flow wp-block-group-is-layout-flow\">\n<div class=\"wp-block-cover alignfull has-parallax has-custom-content-position is-position-bottom-center blob-image\" style=\"min-height:110vh;aspect-ratio:unset;\"><div role=\"img\" aria-label=\"Camping Le Paradis service restaurant\" class=\"wp-block-cover__image-background wp-image-1320 size-full has-parallax\" style=\"background-position:50% 50%;background-image:url(https:\/\/www.leparadis-medoc.com\/wp-content\/uploads\/2025\/11\/Camping-Le-Paradis-service-restaurant.jpg)\"><\/div><span aria-hidden=\"true\" class=\"wp-block-cover__background has-background-dim-60 has-background-dim wp-block-cover__gradient-background has-background-gradient\" style=\"background:linear-gradient(180deg,rgba(255,255,255,0) 0%,rgba(0,0,0,0.81) 59%)\"><\/span><div class=\"wp-block-cover__inner-container is-layout-flow wp-block-cover-is-layout-flow\">\n<div class=\"wp-block-group alignfull has-background is-vertical is-content-justification-left is-nowrap is-layout-flex wp-container-core-group-is-layout-0864ca22 wp-block-group-is-layout-flex\" style=\"border-radius:0px;background-color:#FFFFFF00;margin-top:0px;margin-right:0px;margin-bottom:0px;margin-left:0px;padding-top:0;padding-right:var(--wp--preset--spacing--40);padding-bottom:var(--wp--preset--spacing--50);padding-left:var(--wp--preset--spacing--40)\">\n<div class=\"wp-block-columns alignwide is-layout-flex wp-container-core-columns-is-layout-60a3d281 wp-block-columns-is-layout-flex\" style=\"padding-right:var(--wp--preset--spacing--50)\">\n<div class=\"wp-block-column is-vertically-aligned-end is-layout-flow wp-block-column-is-layout-flow\" style=\"margin-top:0px;margin-right:0px;margin-bottom:0px;margin-left:0px;flex-basis:50%\">\n<div class=\"wp-block-group wp-block-heading text-nowrap has-outreque-black-font-family has-text-color is-vertical is-content-justification-left is-nowrap is-layout-flex wp-container-core-group-is-layout-9b091f6a wp-block-group-is-layout-flex\" style=\"color:rgba(252,245,239,1);margin-top:0px;margin-right:0px;margin-bottom:0px;margin-left:0px;padding-bottom:var(--wp--preset--spacing--20);font-size:clamp(19.481px, 1.218rem + ((1vw - 3.2px) * 0.9), 31px);font-style:normal;font-weight:900;line-height:1.1;text-transform:none\"><\/div>\n<\/div>\n\n\n\n<div class=\"wp-block-column is-vertically-aligned-center group-paragraph is-layout-flow wp-block-column-is-layout-flow\" style=\"margin-top:0px;margin-right:0px;margin-bottom:0px;margin-left:0px;flex-basis:50%\">\n<div class=\"wp-block-group full-width has-text-color has-outreque-medium-font-family is-layout-flow wp-block-group-is-layout-flow\" style=\"color:rgba(255,255,255,1);margin-top:0px;margin-right:0px;margin-bottom:0px;margin-left:0px;font-size:clamp(14px, 0.875rem + ((1vw - 3.2px) * 0.234), 17px);line-height:1.9\">\n<h2 class=\"wp-block-heading has-text-align-left text-nowrap has-outreque-black-font-family has-text-color\" style=\"color:rgba(252,245,239,1);margin-top:0px;margin-right:0px;margin-bottom:0px;margin-left:0px;padding-bottom:var(--wp--preset--spacing--20);line-height:1.1\">On-site or takeaway meals at the snack bar near Hourtin<\/h2>\n<\/div>\n\n\n\n<div class=\"wp-block-group full-width has-text-color is-layout-flow wp-block-group-is-layout-flow\" style=\"color:rgba(255,255,255,1);margin-top:0px;margin-right:0px;margin-bottom:0px;margin-left:0px\">\n<p class=\"has-text-align-left full-width has-text-color has-outreque-medium-font-family\" style=\"color:rgba(255,255,255,1);margin-top:0px;margin-right:0px;margin-bottom:0px;margin-left:0px\">At the La Cabane du Paradis <strong>snack bar<\/strong>, it&#8217;s always hot in the kitchen! Here, the boys bring <strong>pizzas<\/strong> out of the oven like true maestros: pasta, generous toppings, they always have the recipe to make everyone agree. <\/p>\n\n\n\n<p class=\"has-text-align-left full-width has-text-color has-outreque-medium-font-family\" style=\"color:rgba(255,255,255,1);margin-top:0px;margin-right:0px;margin-bottom:0px;margin-left:0px\"><br\/>While others take care of <strong>gourmet homemade burgers<\/strong> and crisp up a mountain of fries (we swear they cook a ton!). The result: a <strong>friendly atmosphere<\/strong>, hearty plates and, above all, happy, satisfied customers.   <br\/><br\/>A snack is the ideal place to enjoy a meal without the fuss&#8230; When you leave or when you arrive? For lunch or dinner? One thing&#8217;s for sure: here, you can eat <strong>in or take away<\/strong>!  <\/p>\n<\/div>\n<\/div>\n<\/div>\n<\/div>\n<\/div><\/div>\n<\/div>\n<\/section>\n\n<section class=\"wp-block-group gt_1-cta-1photo_002 inverse page has-custom-girs-fonce-background-color has-background has-global-padding is-layout-constrained wp-container-core-group-is-layout-d6554d75 wp-block-group-is-layout-constrained\" style=\"margin-top:0px;margin-bottom:0px\">\n<div class=\"wp-block-columns is-layout-flex wp-container-core-columns-is-layout-33ba964e wp-block-columns-is-layout-flex\">\n<div class=\"wp-block-column is-vertically-aligned-center main-image has-custom-color-4-background-color has-background is-layout-flow wp-block-column-is-layout-flow\" style=\"padding-top:8rem;padding-bottom:8rem;padding-left:10rem;flex-basis:50%\">\n<figure class=\"wp-block-image size-full main image-deco\"><img decoding=\"async\" width=\"1058\" height=\"717\" src=\"https:\/\/www.leparadis-medoc.com\/wp-content\/uploads\/2025\/11\/Camping-Le-Paradis-boissons-e1763110242406.jpg\" alt=\"Camping Le Paradis boissons\" class=\"wp-image-1329\" srcset=\"https:\/\/www.leparadis-medoc.com\/wp-content\/uploads\/2025\/11\/Camping-Le-Paradis-boissons-e1763110242406.jpg 1058w, https:\/\/www.leparadis-medoc.com\/wp-content\/uploads\/2025\/11\/Camping-Le-Paradis-boissons-e1763110242406-300x203.jpg 300w, https:\/\/www.leparadis-medoc.com\/wp-content\/uploads\/2025\/11\/Camping-Le-Paradis-boissons-e1763110242406-768x520.jpg 768w, https:\/\/www.leparadis-medoc.com\/wp-content\/uploads\/2025\/11\/Camping-Le-Paradis-boissons-e1763110242406-1024x694.jpg 1024w\" sizes=\"(max-width: 1058px) 100vw, 1058px\" \/><\/figure>\n<\/div>\n\n\n\n<div class=\"wp-block-column is-vertically-aligned-center content is-layout-flow wp-block-column-is-layout-flow\" style=\"padding-top:8rem;padding-bottom:8em;padding-left:10rem;flex-basis:50%\">\n<div class=\"wp-block-group titre-container is-vertical is-content-justification-left is-layout-flex wp-container-core-group-is-layout-68ae07ba wp-block-group-is-layout-flex\">\n<h2 class=\"wp-block-heading has-base-2-color has-text-color has-link-color has-retcaro-font-family wp-elements-af2e8c291238212cdfe3fe78c715097d\" style=\"line-height:1\">Breakfast, snacks and cocktails at the bar<\/h2>\n\n\n\n<figure class=\"wp-block-image alignright size-full deco-titre\" style=\"margin-top:-1rem;margin-right:4rem\"><img decoding=\"async\" width=\"136\" height=\"16\" src=\"https:\/\/www.leparadis-medoc.com\/wp-content\/uploads\/2025\/10\/grande-vague.png\" alt=\"large wave\" class=\"wp-image-423\"\/><\/figure>\n<\/div>\n\n\n\n<p class=\"has-base-2-color has-text-color has-link-color wp-elements-00bf659fb6d579bc29d57397c3671b69\">Every morning <strong>from 8 a.<\/strong>m., meet at the bar!<\/p>\n\n\n\n<ul class=\"wp-block-list has-base-color has-text-color has-link-color wp-elements-de28ab226786efca17f875d83eeb0e4a\">\n<li><strong>Breakfast on site or to take away<\/strong>: crisp baguettes, golden pastries&#8230; Remember to book the day before to make sure you start the day on the right foot.<\/li>\n\n\n\n<li style=\"padding-top:var(--wp--preset--spacing--10)\">In the<strong>afternoon<\/strong>, ice creams, waffles and cr\u00eapes for all ages.<\/li>\n\n\n\n<li style=\"padding-top:var(--wp--preset--spacing--10)\">And for refreshment? A selection of <strong>drinks and cocktails<\/strong> to suit all tastes. <\/li>\n<\/ul>\n\n\n\n<p class=\"has-base-color has-text-color has-link-color wp-elements-23e734920139adcfd7b336d237e55b13\">The <strong>campsite bar<\/strong> is the place to be for gourmet breaks and social gatherings, from morning till night!<\/p>\n\n\n\n<p class=\"has-base-2-color has-text-color has-link-color wp-elements-b7c7205691fe29ea8c9b0ef923bbdaeb\">Here, fun rhymes with relaxation. Come and have fun in our games room, the perfect complement to our <a href=\"https:\/\/www.leparadis-medoc.com\/en\/campsite-entertainment-saint-laurent-medoc\/\" data-type=\"page\" data-id=\"53\">entertainment and activities<\/a>, where you&#8217;ll find table soccer, billiards, shuffleboard and even pinball. Everything is designed on site to ensure you have the time of your life in Paradise.  <\/p>\n<\/div>\n<\/div>\n<\/section>\n\n<section class=\"wp-block-group gt_1-cta-1photo_002 page has-custom-terracotta-background-color has-background has-global-padding is-layout-constrained wp-container-core-group-is-layout-d6554d75 wp-block-group-is-layout-constrained\" style=\"margin-top:0px;margin-bottom:0px\">\n<div class=\"wp-block-columns is-layout-flex wp-container-core-columns-is-layout-33ba964e wp-block-columns-is-layout-flex\">\n<div class=\"wp-block-column is-vertically-aligned-center content is-layout-flow wp-block-column-is-layout-flow\" style=\"padding-top:8rem;padding-bottom:8em;padding-left:10rem;flex-basis:50%\">\n<div class=\"wp-block-group titre-container is-vertical is-content-justification-left is-layout-flex wp-container-core-group-is-layout-68ae07ba wp-block-group-is-layout-flex\">\n<h2 class=\"wp-block-heading has-base-2-color has-text-color has-link-color has-retcaro-font-family wp-elements-d453a5670244861b89b873828f337b2d\" style=\"line-height:1\">Theme meals near Hourtin<\/h2>\n\n\n\n<figure class=\"wp-block-image alignright size-full deco-titre\" style=\"margin-top:-1rem;margin-right:4rem\"><img decoding=\"async\" width=\"136\" height=\"16\" src=\"https:\/\/www.leparadis-medoc.com\/wp-content\/uploads\/2025\/10\/grande-vague.png\" alt=\"large wave\" class=\"wp-image-423\"\/><\/figure>\n<\/div>\n\n\n\n<p class=\"has-base-2-color has-text-color has-link-color wp-elements-b5ff983e6978f3acb9a23f01fc4ffba2\">At Camping Le Paradis, summer rhymes with conviviality and gourmet delights! During the July-August season, we offer <strong>themed meals<\/strong> to delight young and old alike.   <\/p>\n\n\n\n<p class=\"has-base-2-color has-text-color has-link-color wp-elements-45826609f2b7c2c0133b538bf0cd3657\">Every <strong>Wednesday evening,<\/strong> enjoy our unmissable <strong>moules-frites evening<\/strong>, accompanied by a choice of sauces prepared with passion by our chef S\u00e9bastien.  <\/p>\n\n\n\n<p class=\"has-base-2-color has-text-color has-link-color wp-elements-8f0e0893d97575be0e2c3cf3075c2690\">For a change of pace, let yourself be tempted by the cosy <strong>brazier evening<\/strong>, where grilled meats and flavours are shared in a festive atmosphere.  <\/p>\n\n\n\n<p class=\"has-base-2-color has-text-color has-link-color wp-elements-123c5900831d850e30474c34d24602d7\">And that&#8217;s not all&#8230; other culinary surprises await you throughout the season. Get ready for unforgettable gourmet evenings under the stars! <\/p>\n<\/div>\n\n\n\n<div class=\"wp-block-column is-vertically-aligned-center main-image has-custom-color-4-background-color has-background is-layout-flow wp-block-column-is-layout-flow\" style=\"padding-top:8rem;padding-bottom:8rem;padding-left:10rem;flex-basis:50%\">\n<figure class=\"wp-block-image size-full main image-deco\"><img decoding=\"async\" width=\"2048\" height=\"1365\" src=\"https:\/\/www.leparadis-medoc.com\/wp-content\/uploads\/2025\/11\/Camping-Le-Paradis-brassero.jpg\" alt=\"Camping Le Paradis brassero\" class=\"wp-image-1327\" srcset=\"https:\/\/www.leparadis-medoc.com\/wp-content\/uploads\/2025\/11\/Camping-Le-Paradis-brassero.jpg 2048w, https:\/\/www.leparadis-medoc.com\/wp-content\/uploads\/2025\/11\/Camping-Le-Paradis-brassero-300x200.jpg 300w, https:\/\/www.leparadis-medoc.com\/wp-content\/uploads\/2025\/11\/Camping-Le-Paradis-brassero-768x512.jpg 768w, https:\/\/www.leparadis-medoc.com\/wp-content\/uploads\/2025\/11\/Camping-Le-Paradis-brassero-1024x683.jpg 1024w, https:\/\/www.leparadis-medoc.com\/wp-content\/uploads\/2025\/11\/Camping-Le-Paradis-brassero-1536x1024.jpg 1536w\" sizes=\"(max-width: 2048px) 100vw, 2048px\" \/><\/figure>\n<\/div>\n<\/div>\n<\/section>\n\n<section class=\"wp-block-group gt_page-maillage has-global-padding is-layout-constrained wp-container-core-group-is-layout-67474efc wp-block-group-is-layout-constrained\" style=\"padding-top:7rem;padding-right:14rem;padding-bottom:7rem;padding-left:14rem\">\n<div class=\"wp-block-group has-global-padding is-layout-constrained wp-container-core-group-is-layout-8a400663 wp-block-group-is-layout-constrained\">\n<div class=\"wp-block-columns are-vertically-aligned-center titre-deco one orange is-layout-flex wp-container-core-columns-is-layout-33ba964e wp-block-columns-is-layout-flex\">\n<div class=\"wp-block-column is-vertically-aligned-center texte is-layout-flow wp-block-column-is-layout-flow\">\n<div class=\"svg-decoration-left\"><\/div>\n\n\n\n<p class=\"has-text-align-center has-unbounded-font-family\" style=\"font-size:clamp(33.419px, 2.089rem + ((1vw - 3.2px) * 2.077), 60px);font-style:normal;font-weight:700;line-height:1;text-transform:uppercase\">Discover all our services!<br\/><\/p>\n\n\n\n<div class=\"svg-decoration\"><\/div>\n<\/div>\n<\/div>\n<\/div>\n\n\n\n<div style=\"height:4rem\" aria-hidden=\"true\" class=\"wp-block-spacer gt-hide-mobile\"><\/div>\n\n\n\n<div data-wp-context=\"{}\" data-wp-interactive=\"core\/query\" data-wp-key=\"0\" data-wp-router-region=\"query-0\" class=\"wp-block-query alignwide gt-fse-maillage-query is-layout-flow wp-block-query-is-layout-flow\"><ul class=\"columns-3 wp-block-post-template is-layout-grid wp-container-core-post-template-is-layout-6d3fbd8f wp-block-post-template-is-layout-grid\"><li data-wp-key=\"post-template-item-2116\" class=\"wp-block-post post-2116 page type-page status-publish has-post-thumbnail hentry\">\n\n<figure class=\"wp-block-image\"><img decoding=\"async\" src=\"https:\/\/www.leparadis-medoc.com\/wp-content\/uploads\/2025\/10\/camping-paradis-medoc-les-animations-scaled.jpg\" alt=\"\" style=\"aspect-ratio:3\/4;object-fit:cover\"\/><\/figure>\n\n\n\n<p class=\"maillage-title has-base-2-color has-text-color has-link-color has-unbounded-font-family wp-elements-aa2b2dde1d0a0ad00ed57b90eda16e02\" style=\"font-size:clamp(1.25rem, 1.25rem + ((1vw - 0.2rem) * 0.938), 2rem);font-style:normal;font-weight:700;text-transform:uppercase\">Entertainment &amp; activities<\/p>\n\n\n<a class=\"is-style-lien-cover wp-block-read-more\" href=\"https:\/\/www.leparadis-medoc.com\/en\/campsite-entertainment-saint-laurent-medoc\/\" target=\"_self\">Read more<span class=\"screen-reader-text\">: Entertainment &amp; activities<\/span><\/a>\n<\/li><li data-wp-key=\"post-template-item-2341\" class=\"wp-block-post post-2341 page type-page status-publish has-post-thumbnail hentry\">\n\n<figure class=\"wp-block-image\"><img decoding=\"async\" src=\"https:\/\/www.leparadis-medoc.com\/wp-content\/uploads\/2025\/11\/Camping-Le-Paradis-piscine.jpg\" alt=\"\" style=\"aspect-ratio:3\/4;object-fit:cover\"\/><\/figure>\n\n\n\n<p class=\"maillage-title has-base-2-color has-text-color has-link-color has-unbounded-font-family wp-elements-aa2b2dde1d0a0ad00ed57b90eda16e02\" style=\"font-size:clamp(1.25rem, 1.25rem + ((1vw - 0.2rem) * 0.938), 2rem);font-style:normal;font-weight:700;text-transform:uppercase\">Swimming pool<\/p>\n\n\n<a class=\"is-style-lien-cover wp-block-read-more\" href=\"https:\/\/www.leparadis-medoc.com\/en\/campsite-heated-swimming-pool-saint-laurent-medoc\/\" target=\"_self\">Read more<span class=\"screen-reader-text\">: Swimming pool<\/span><\/a>\n<\/li><li data-wp-key=\"post-template-item-2173\" class=\"wp-block-post post-2173 page type-page status-publish has-post-thumbnail hentry\">\n\n<figure class=\"wp-block-image\"><img decoding=\"async\" src=\"https:\/\/www.leparadis-medoc.com\/wp-content\/uploads\/2025\/11\/Camping-Le-Paradis-Nos-equipements-et-installations.jpg\" alt=\"\" style=\"aspect-ratio:3\/4;object-fit:cover\"\/><\/figure>\n\n\n\n<p class=\"maillage-title has-base-2-color has-text-color has-link-color has-unbounded-font-family wp-elements-aa2b2dde1d0a0ad00ed57b90eda16e02\" style=\"font-size:clamp(1.25rem, 1.25rem + ((1vw - 0.2rem) * 0.938), 2rem);font-style:normal;font-weight:700;text-transform:uppercase\">The campsite<\/p>\n\n\n<a class=\"is-style-lien-cover wp-block-read-more\" href=\"https:\/\/www.leparadis-medoc.com\/en\/family-campsite-saint-laurent-medoc\/\" target=\"_self\">Read more<span class=\"screen-reader-text\">: The campsite<\/span><\/a>\n<\/li><\/ul><\/div>\n<\/section>\n\n<p><\/p>\n","protected":false},"excerpt":{"rendered":"<p>Restaurant open to all near Hourtin Traditional restaurant in Saint-Laurent-M\u00e9doc Fancy a good meal? Visit the restaurant, La Cabane du Paradis, next to the water park at our campsite in Gironde. Enjoy delicious dishes in the dining room or on the shaded terrace, or try the takeaway service with a vast choice. As restaurateurs by [&hellip;]<\/p>\n","protected":false},"author":1,"featured_media":2250,"parent":0,"menu_order":0,"comment_status":"closed","ping_status":"closed","template":"","meta":{"_seopress_robots_primary_cat":"","_seopress_titles_title":"Restaurant in Saint-Laurent-M\u00e9doc | Bar-snack near Hourtin","_seopress_titles_desc":"The bar-restaurant at Camping Le Paradis welcomes you in a warm atmosphere: simple, tasty dishes, cocktails, family service and moments of relaxation.","_seopress_robots_index":"","_gt_ctv_global_id":"","_gt_ctv_id_group":false,"inline_featured_image":false,"_gt_visite_virtuelle_url":"","gt_fse_maillage_image":"https:\/\/www.leparadis-medoc.com\/wp-content\/uploads\/2025\/11\/Camping-Le-Paradis-Installations-exterieur.jpg","gt_fse_maillage_titre":"Bar & restaurant","gt_fse_maillage_alt":"Bar & restaurant","gt_fse_maillage_resume":"","footnotes":""},"categories":[],"tags":[],"class_list":["post-2248","page","type-page","status-publish","has-post-thumbnail","hentry"],"_links":{"self":[{"href":"https:\/\/www.leparadis-medoc.com\/en\/wp-json\/wp\/v2\/pages\/2248","targetHints":{"allow":["GET"]}}],"collection":[{"href":"https:\/\/www.leparadis-medoc.com\/en\/wp-json\/wp\/v2\/pages"}],"about":[{"href":"https:\/\/www.leparadis-medoc.com\/en\/wp-json\/wp\/v2\/types\/page"}],"author":[{"embeddable":true,"href":"https:\/\/www.leparadis-medoc.com\/en\/wp-json\/wp\/v2\/users\/1"}],"replies":[{"embeddable":true,"href":"https:\/\/www.leparadis-medoc.com\/en\/wp-json\/wp\/v2\/comments?post=2248"}],"version-history":[{"count":5,"href":"https:\/\/www.leparadis-medoc.com\/en\/wp-json\/wp\/v2\/pages\/2248\/revisions"}],"predecessor-version":[{"id":2969,"href":"https:\/\/www.leparadis-medoc.com\/en\/wp-json\/wp\/v2\/pages\/2248\/revisions\/2969"}],"wp:featuredmedia":[{"embeddable":true,"href":"https:\/\/www.leparadis-medoc.com\/en\/wp-json\/wp\/v2\/media\/2250"}],"wp:attachment":[{"href":"https:\/\/www.leparadis-medoc.com\/en\/wp-json\/wp\/v2\/media?parent=2248"}],"wp:term":[{"taxonomy":"category","embeddable":true,"href":"https:\/\/www.leparadis-medoc.com\/en\/wp-json\/wp\/v2\/categories?post=2248"},{"taxonomy":"post_tag","embeddable":true,"href":"https:\/\/www.leparadis-medoc.com\/en\/wp-json\/wp\/v2\/tags?post=2248"}],"curies":[{"name":"wp","href":"https:\/\/api.w.org\/{rel}","templated":true}]}}