{"id":2278,"date":"2025-11-12T10:34:24","date_gmt":"2025-11-12T09:34:24","guid":{"rendered":"https:\/\/www.leparadis-medoc.com\/camping-lege-cap-ferret\/"},"modified":"2026-02-26T15:24:16","modified_gmt":"2026-02-26T14:24:16","slug":"campsite-lege-cap-ferret","status":"publish","type":"page","link":"https:\/\/www.leparadis-medoc.com\/en\/campsite-lege-cap-ferret\/","title":{"rendered":"L\u00e8ge-Cap-Ferret"},"content":{"rendered":"\n<section class=\"wp-block-group gt_1-cta-1photo_002 line page has-global-padding is-layout-constrained wp-container-core-group-is-layout-d4c4af53 wp-block-group-is-layout-constrained\" style=\"margin-top:0px;margin-bottom:0px;padding-top:4rem\">\n<div class=\"wp-block-group alignwide is-vertical is-content-justification-center is-layout-flex wp-container-core-group-is-layout-52b864f0 wp-block-group-is-layout-flex\" style=\"min-height:0px\">\n<h1 class=\"wp-block-heading has-text-align-center\">Campsite L\u00e8ge-Cap-Ferret<\/h1>\n\n\n\n<figure class=\"wp-block-image size-full\"><img decoding=\"async\" width=\"136\" height=\"16\" src=\"https:\/\/www.leparadis-medoc.com\/wp-content\/uploads\/2025\/10\/grande-vague.png\" alt=\"large wave\" class=\"wp-image-423\" \/><\/figure>\n<\/div>\n\n\n\n<div class=\"wp-block-columns is-layout-flex wp-container-core-columns-is-layout-33ba964e wp-block-columns-is-layout-flex\">\n<div class=\"wp-block-column is-vertically-aligned-center content is-layout-flow wp-block-column-is-layout-flow\" style=\"padding-top:8rem;padding-bottom:8em;padding-left:10rem;flex-basis:50%\">\n<p>Looking for a <a href=\"https:\/\/www.leparadis-medoc.com\/en\/\" data-type=\"page\" data-id=\"5\">campsite in Gironde<\/a> that&#8217;s easy to get to in <strong>L\u00e8ge-Cap-Ferret<\/strong>?  <\/p>\n\n\n\n<p>Would you like to enjoy the <strong>sandy beach <\/strong>and ocean?  <\/p>\n\n\n\n<p>You&#8217;ve come to the right place!  <\/p>\n\n\n\n<p>L\u00e8ge-Cap-Ferret is a charming town in Gironde, in the Aquitaine region of France. It is situated on a beautiful peninsula, surrounded by the Atlantic Ocean, <a href=\"https:\/\/www.leparadis-medoc.com\/en\/campsite-bassin-d-arcachon\/\" data-type=\"page\" data-id=\"884\">the Bassin d&#8217;Arcachon<\/a> and the <strong>Landes forest<\/strong>.   <\/p>\n\n\n\n<p>This region is an ideal place for a vacation, with its magnificent beaches and lush forests. Come to our campsite near L\u00e8ge-Cap-Ferret for your next vacation! <\/p>\n<\/div>\n\n\n\n<div class=\"wp-block-column is-vertically-aligned-center main-image has-custom-color-4-background-color has-background is-layout-flow wp-block-column-is-layout-flow\" style=\"padding-top:4rem;padding-bottom:8rem;flex-basis:50%\">\n<figure class=\"wp-block-image size-full image-deco main\"><img decoding=\"async\" width=\"1446\" height=\"960\" src=\"https:\/\/www.leparadis-medoc.com\/wp-content\/uploads\/2025\/11\/Cap-Ferret-aquitaine-e1763374917748.jpg\" alt=\"Cap Ferret aquitaine\" class=\"wp-image-1643\" style=\"aspect-ratio:4\/3;object-fit:cover\" srcset=\"https:\/\/www.leparadis-medoc.com\/wp-content\/uploads\/2025\/11\/Cap-Ferret-aquitaine-e1763374917748.jpg 1446w, https:\/\/www.leparadis-medoc.com\/wp-content\/uploads\/2025\/11\/Cap-Ferret-aquitaine-e1763374917748-300x199.jpg 300w, https:\/\/www.leparadis-medoc.com\/wp-content\/uploads\/2025\/11\/Cap-Ferret-aquitaine-e1763374917748-768x510.jpg 768w, https:\/\/www.leparadis-medoc.com\/wp-content\/uploads\/2025\/11\/Cap-Ferret-aquitaine-e1763374917748-1024x680.jpg 1024w\" sizes=\"(max-width: 1446px) 100vw, 1446px\" \/><\/figure>\n<\/div>\n<\/div>\n<\/section>\n\n<section class=\"wp-block-group alignfull gt_full-slider_001 no-slider page has-background has-global-padding is-layout-constrained wp-container-core-group-is-layout-c13f64fb wp-block-group-is-layout-constrained\" style=\"border-top-left-radius:0px;border-top-right-radius:0px;border-bottom-left-radius:0px;border-bottom-right-radius:0px;background:linear-gradient(135deg,rgb(3,3,3) 1%,rgba(0,0,0,0) 100%);margin-top:0px;margin-right:0px;margin-bottom:0px;margin-left:0px;padding-top:0px;padding-right:0px;padding-left:0px\">\n<div class=\"wp-block-group is-layout-flow wp-block-group-is-layout-flow\">\n<div class=\"wp-block-cover alignfull has-parallax has-custom-content-position is-position-bottom-center blob-image\" style=\"min-height:110vh;aspect-ratio:unset;\"><div role=\"img\" aria-label=\"Cap Ferret (1)\" class=\"wp-block-cover__image-background wp-image-1638 size-full has-parallax\" style=\"background-position:50% 50%;background-image:url(https:\/\/www.leparadis-medoc.com\/wp-content\/uploads\/2025\/11\/Cap-Ferret-1.jpg)\"><\/div><span aria-hidden=\"true\" class=\"wp-block-cover__background has-background-dim-60 has-background-dim wp-block-cover__gradient-background has-background-gradient\" style=\"background:linear-gradient(180deg,rgba(255,255,255,0) 0%,rgba(0,0,0,0.81) 59%)\"><\/span><div class=\"wp-block-cover__inner-container is-layout-flow wp-block-cover-is-layout-flow\">\n<div class=\"wp-block-group alignfull has-background is-vertical is-content-justification-left is-nowrap is-layout-flex wp-container-core-group-is-layout-6f6e1b6a wp-block-group-is-layout-flex\" style=\"border-radius:0px;background-color:#FFFFFF00;margin-top:0px;margin-right:0px;margin-bottom:0px;margin-left:0px;padding-top:0;padding-right:var(--wp--preset--spacing--40);padding-bottom:var(--wp--preset--spacing--50);padding-left:var(--wp--preset--spacing--60)\">\n<div class=\"wp-block-columns alignwide is-layout-flex wp-container-core-columns-is-layout-60a3d281 wp-block-columns-is-layout-flex\" style=\"padding-right:var(--wp--preset--spacing--50)\">\n<div class=\"wp-block-column is-vertically-aligned-end is-layout-flow wp-block-column-is-layout-flow\" style=\"margin-top:0px;margin-right:0px;margin-bottom:0px;margin-left:0px;flex-basis:50%\">\n<div class=\"wp-block-group wp-block-heading text-nowrap has-outreque-black-font-family has-text-color is-vertical is-content-justification-left is-nowrap is-layout-flex wp-container-core-group-is-layout-9b091f6a wp-block-group-is-layout-flex\" style=\"margin-top:0px;margin-right:0px;margin-bottom:0px;margin-left:0px;padding-bottom:var(--wp--preset--spacing--20);font-size:clamp(19.481px, 1.218rem + ((1vw - 3.2px) * 0.9), 31px);font-style:normal;font-weight:900;line-height:1.1;text-transform:none\"><\/div>\n<\/div>\n\n\n\n<div class=\"wp-block-column is-vertically-aligned-center group-paragraph is-layout-flow wp-block-column-is-layout-flow\" style=\"margin-top:0px;margin-right:0px;margin-bottom:0px;margin-left:0px;flex-basis:50%\">\n<div class=\"wp-block-group full-width has-text-color has-outreque-medium-font-family is-layout-flow wp-block-group-is-layout-flow\" style=\"margin-top:0px;margin-right:0px;margin-bottom:0px;margin-left:0px;font-size:clamp(14px, 0.875rem + ((1vw - 3.2px) * 0.234), 17px);line-height:1.9\">\n<h2 class=\"wp-block-heading has-text-align-left text-nowrap has-outreque-black-font-family has-text-color\" style=\"margin-top:0px;margin-right:0px;margin-bottom:0px;margin-left:0px;padding-bottom:var(--wp--preset--spacing--20);line-height:1.1\">Focus on the town of L\u00e8ge-Cap-Ferret<\/h2>\n<\/div>\n\n\n\n<div class=\"wp-block-group full-width has-text-color is-layout-flow wp-block-group-is-layout-flow\" style=\"margin-top:0px;margin-right:0px;margin-bottom:0px;margin-left:0px\">\n<p>L\u00e8ge-Cap-Ferret in Gironde is an ideal destination for camping, with its <strong>breathtaking scenery<\/strong> and abundance of<strong>activities<\/strong> (cycling, surfing, kitesurfing, boating, walking&#8230;).  <\/p>\n\n\n\n<p>Whether you&#8217;re looking for a peaceful, relaxing vacation, or one full of adventure, L\u00e8ge-Cap-Ferret has something for everyone. Enjoy the sea spray and <strong>lush nature<\/strong>.   <\/p>\n\n\n\n<p>  he Aquitaine region also offers numerous activities, such as sailing, fishing and kayaking. There are also numerous restaurants, bars and stores, as well as a variety of attractions, such as the <a href=\"https:\/\/www.my-capferret.com\/villages-cap-ferret\/lege\/\" target=\"_blank\" rel=\"noreferrer noopener nofollow\">historic village of L\u00e8ge-Cap-Ferret<\/a> and its oyster huts, the Arcachon lighthouse and the <a href=\"https:\/\/ladunedupilat.com\/\" target=\"_blank\" rel=\"noreferrer noopener nofollow\">Dune du Pilat<\/a>. <\/p>\n\n\n\n<p>You can also visit neighboring towns such as <a href=\"https:\/\/www.leparadis-medoc.com\/en\/campsite-bordeaux\/\" data-type=\"page\" data-id=\"896\">Bordeaux<\/a>, <a href=\"https:\/\/www.leparadis-medoc.com\/en\/campsite-lacanau\/\" data-type=\"page\" data-id=\"876\">Lacanau<\/a>, Biscarosse or <a href=\"https:\/\/www.leparadis-medoc.com\/en\/campsite-andernos\/\" data-type=\"page\" data-id=\"880\">Andernos<\/a> on the <strong>Bassin d&#8217;Arcachon<\/strong>.<\/p>\n<\/div>\n<\/div>\n<\/div>\n<\/div>\n<\/div><\/div>\n<\/div>\n<\/section>\n\n<section class=\"wp-block-group gt_1-cta-1photo_002 inverse page has-custom-girs-fonce-background-color has-background has-global-padding is-layout-constrained wp-container-core-group-is-layout-d6554d75 wp-block-group-is-layout-constrained\" style=\"margin-top:0px;margin-bottom:0px\">\n<div class=\"wp-block-columns is-layout-flex wp-container-core-columns-is-layout-33ba964e wp-block-columns-is-layout-flex\">\n<div class=\"wp-block-column is-vertically-aligned-center main-image has-custom-color-4-background-color has-background is-layout-flow wp-block-column-is-layout-flow\" style=\"padding-top:8rem;padding-bottom:8rem;padding-left:10rem;flex-basis:50%\">\n<figure class=\"wp-block-image size-full main image-deco\"><img decoding=\"async\" width=\"2048\" height=\"1534\" src=\"https:\/\/www.leparadis-medoc.com\/wp-content\/uploads\/2025\/11\/Camping-Le-Paradis-piscine-1.jpg\" alt=\"Camping Le Paradis piscine\" class=\"wp-image-1483\" srcset=\"https:\/\/www.leparadis-medoc.com\/wp-content\/uploads\/2025\/11\/Camping-Le-Paradis-piscine-1.jpg 2048w, https:\/\/www.leparadis-medoc.com\/wp-content\/uploads\/2025\/11\/Camping-Le-Paradis-piscine-1-300x225.jpg 300w, https:\/\/www.leparadis-medoc.com\/wp-content\/uploads\/2025\/11\/Camping-Le-Paradis-piscine-1-768x575.jpg 768w, https:\/\/www.leparadis-medoc.com\/wp-content\/uploads\/2025\/11\/Camping-Le-Paradis-piscine-1-1024x767.jpg 1024w, https:\/\/www.leparadis-medoc.com\/wp-content\/uploads\/2025\/11\/Camping-Le-Paradis-piscine-1-1536x1151.jpg 1536w\" sizes=\"(max-width: 2048px) 100vw, 2048px\" \/><\/figure>\n<\/div>\n\n\n\n<div class=\"wp-block-column is-vertically-aligned-center content is-layout-flow wp-block-column-is-layout-flow\" style=\"padding-top:8rem;padding-bottom:8em;padding-left:10rem;flex-basis:50%\">\n<h2 class=\"wp-block-heading has-base-color has-text-color has-link-color has-large-font-size wp-elements-2fc23bc5eb36f878d5a5d351849510ed\">Our 4-star campsite 45 minutes from Cap-Ferret<\/h2>\n\n\n\n<p class=\"has-base-color has-text-color has-link-color wp-elements-6354da271e2cc1befcdd0f5ee34f8a1b\">Our quality campsite is one of the best starred campsites on the Atlantic coast. In fact, with <strong>4 stars<\/strong>, our team offers a multitude of <strong>services<\/strong> to make your vacation a wonderful one. At  <strong> <\/strong>camping Le Paradis, we offer a wide range of services and packages to make your camping experience as enjoyable as possible. We offer <strong>camping pitches for tents and caravans<\/strong>.   <\/p>\n\n\n\n<p class=\"has-base-color has-text-color has-link-color wp-elements-4f802a75d19c4ffad90ae4433e45782d\">We also offer a wide range of activities for the whole family. Our campsite also offers guests a <strong>heated swimming pool<\/strong>, an aquatic area,<strong> barbecues<\/strong> and a children&#8217;s <strong>playground<\/strong>. In addition, we have a<strong> restaurant with terrace <\/strong>where you can sample the region&#8217;s culinary specialities.  <\/p>\n\n\n\n<p class=\"has-base-color has-text-color has-link-color wp-elements-390cf6bb0d03fb76928dedc09b7569ef\">At Camping Le Paradis, we offer a wide range of prices and rates for our customers. Our rates are very competitive, and we offer discounts for groups and families. We also offer packages to suit <strong>all budgets<\/strong> and<strong> tastes<\/strong>.  <\/p>\n<\/div>\n<\/div>\n<\/section>\n\n<section class=\"wp-block-group gt_1-cta-1photo_002 page has-custom-terracotta-background-color has-background has-global-padding is-layout-constrained wp-container-core-group-is-layout-d6554d75 wp-block-group-is-layout-constrained\" style=\"margin-top:0px;margin-bottom:0px\">\n<div class=\"wp-block-columns is-layout-flex wp-container-core-columns-is-layout-33ba964e wp-block-columns-is-layout-flex\">\n<div class=\"wp-block-column is-vertically-aligned-center content is-layout-flow wp-block-column-is-layout-flow\" style=\"padding-top:8rem;padding-bottom:8em;padding-left:10rem;flex-basis:50%\">\n<div class=\"wp-block-group titre-container is-vertical is-content-justification-left is-layout-flex wp-container-core-group-is-layout-68ae07ba wp-block-group-is-layout-flex\">\n<h2 class=\"wp-block-heading has-base-2-color has-text-color has-link-color has-retcaro-font-family wp-elements-3457d1a4d0f19f6371b673db2532fdf2\" style=\"line-height:1\">Enjoy the Atlantic Coast during your vacation!<\/h2>\n\n\n\n<figure class=\"wp-block-image alignright size-full deco-titre\" style=\"margin-top:-1rem;margin-right:4rem\"><img decoding=\"async\" width=\"136\" height=\"16\" src=\"https:\/\/www.leparadis-medoc.com\/wp-content\/uploads\/2025\/10\/grande-vague.png\" alt=\"large wave\" class=\"wp-image-423\" \/><\/figure>\n<\/div>\n\n\n\n<p class=\"has-base-color has-text-color has-link-color wp-elements-b43a4e2f5959e981a8697e93732b0191\">Our campsite near Cap-Ferret is an ideal vacation destination for families,<strong> couples<\/strong> and <strong>groups<\/strong>. You&#8217;ll have access to all the wonders of south-west France. You&#8217;ll be able to <strong>stroll through the<\/strong> Landes <strong>forest<\/strong>, <strong>cycle<\/strong> along the <strong>cycle paths<\/strong>, discover <strong>the<\/strong>many <strong>white sandy beaches<\/strong>, the <a href=\"https:\/\/phareducapferret.com\/\" target=\"_blank\" rel=\"noreferrer noopener nofollow\">Cap-Ferret lighthouse<\/a> and much more.  <strong> <\/strong>or simply enjoy nature on a hike.<\/p>\n\n\n\n<p class=\"has-base-color has-text-color has-link-color wp-elements-8229c10b3472e8202c274a825c281ae4\">For more information about our campsite near L\u00e8ge-Cap-Ferret, please don&#8217;t hesitate to <strong><a href=\"https:\/\/www.leparadis-medoc.com\/en\/contact-access-saint-laurent-medoc\/\" data-type=\"page\" data-id=\"63\">contact us<\/a><\/strong>. We&#8217;ll be happy to tell you our prices, explain our services and organize your next stay with us. You can also book your stay on our website  <\/p>\n<\/div>\n\n\n\n<div class=\"wp-block-column is-vertically-aligned-center main-image has-custom-color-4-background-color has-background is-layout-flow wp-block-column-is-layout-flow\" style=\"padding-top:8rem;padding-bottom:8rem;padding-left:10rem;flex-basis:50%\">\n<figure class=\"wp-block-image size-full main image-deco\"><img decoding=\"async\" width=\"1327\" height=\"1000\" src=\"https:\/\/www.leparadis-medoc.com\/wp-content\/uploads\/2025\/11\/camping-proche-de-Cap-Ferret-e1763374863222.jpg\" alt=\"campsite near Cap Ferret\" class=\"wp-image-1640\" srcset=\"https:\/\/www.leparadis-medoc.com\/wp-content\/uploads\/2025\/11\/camping-proche-de-Cap-Ferret-e1763374863222.jpg 1327w, https:\/\/www.leparadis-medoc.com\/wp-content\/uploads\/2025\/11\/camping-proche-de-Cap-Ferret-e1763374863222-300x226.jpg 300w, https:\/\/www.leparadis-medoc.com\/wp-content\/uploads\/2025\/11\/camping-proche-de-Cap-Ferret-e1763374863222-768x579.jpg 768w, https:\/\/www.leparadis-medoc.com\/wp-content\/uploads\/2025\/11\/camping-proche-de-Cap-Ferret-e1763374863222-1024x772.jpg 1024w\" sizes=\"(max-width: 1327px) 100vw, 1327px\" \/><\/figure>\n<\/div>\n<\/div>\n<\/section>\n\n<section class=\"wp-block-group gt_page-maillage has-global-padding is-layout-constrained wp-container-core-group-is-layout-67474efc wp-block-group-is-layout-constrained\" style=\"padding-top:7rem;padding-right:14rem;padding-bottom:7rem;padding-left:14rem\">\n<div class=\"wp-block-group has-global-padding is-layout-constrained wp-container-core-group-is-layout-8a400663 wp-block-group-is-layout-constrained\">\n<div class=\"wp-block-columns are-vertically-aligned-center titre-deco one orange is-layout-flex wp-container-core-columns-is-layout-33ba964e wp-block-columns-is-layout-flex\">\n<div class=\"wp-block-column is-vertically-aligned-center texte is-layout-flow wp-block-column-is-layout-flow\">\n<div class=\"svg-decoration-left\"><\/div>\n\n\n\n<p class=\"has-text-align-center has-unbounded-font-family\" style=\"font-size:clamp(33.419px, 2.089rem + ((1vw - 3.2px) * 2.077), 60px);font-style:normal;font-weight:700;line-height:1;text-transform:uppercase\">Discover tourist attractions<br \/><\/p>\n\n\n\n<div class=\"svg-decoration\"><\/div>\n<\/div>\n<\/div>\n<\/div>\n\n\n\n<div style=\"height:4rem\" aria-hidden=\"true\" class=\"wp-block-spacer gt-hide-mobile\"><\/div>\n\n\n\n<div data-wp-context=\"{}\" data-wp-interactive=\"core\/query\" data-wp-key=\"0\" data-wp-router-region=\"query-0\" class=\"wp-block-query alignwide gt-fse-maillage-query is-layout-flow wp-block-query-is-layout-flow\"><ul class=\"columns-3 wp-block-post-template is-layout-grid wp-container-core-post-template-is-layout-6d3fbd8f wp-block-post-template-is-layout-grid\"><li data-wp-key=\"post-template-item-2080\" class=\"wp-block-post post-2080 page type-page status-publish has-post-thumbnail hentry\">\n\n<figure class=\"wp-block-image\"><img decoding=\"async\" src=\"https:\/\/www.leparadis-medoc.com\/wp-content\/uploads\/2025\/11\/Andernos-port.jpg\" alt=\"\" style=\"aspect-ratio:3\/4;object-fit:cover\" \/><\/figure>\n\n\n\n<p class=\"maillage-title has-base-2-color has-text-color has-link-color has-unbounded-font-family wp-elements-aa2b2dde1d0a0ad00ed57b90eda16e02\" style=\"font-size:clamp(1.25rem, 1.25rem + ((1vw - 0.2rem) * 0.938), 2rem);font-style:normal;font-weight:700;text-transform:uppercase\">Andernos<\/p>\n\n\n<a class=\"is-style-lien-cover wp-block-read-more\" href=\"https:\/\/www.leparadis-medoc.com\/en\/campsite-andernos\/\" target=\"_self\">Read more<span class=\"screen-reader-text\">: Andernos<\/span><\/a>\n<\/li><li data-wp-key=\"post-template-item-2031\" class=\"wp-block-post post-2031 page type-page status-publish has-post-thumbnail hentry\">\n\n<figure class=\"wp-block-image\"><img decoding=\"async\" src=\"https:\/\/www.leparadis-medoc.com\/wp-content\/uploads\/2025\/11\/camping-proche-de-bordeaux.jpg\" alt=\"\" style=\"aspect-ratio:3\/4;object-fit:cover\" \/><\/figure>\n\n\n\n<p class=\"maillage-title has-base-2-color has-text-color has-link-color has-unbounded-font-family wp-elements-aa2b2dde1d0a0ad00ed57b90eda16e02\" style=\"font-size:clamp(1.25rem, 1.25rem + ((1vw - 0.2rem) * 0.938), 2rem);font-style:normal;font-weight:700;text-transform:uppercase\">Bordeaux<\/p>\n\n\n<a class=\"is-style-lien-cover wp-block-read-more\" href=\"https:\/\/www.leparadis-medoc.com\/en\/campsite-bordeaux\/\" target=\"_self\">Read more<span class=\"screen-reader-text\">: Bordeaux<\/span><\/a>\n<\/li><li data-wp-key=\"post-template-item-2109\" class=\"wp-block-post post-2109 page type-page status-publish has-post-thumbnail hentry\">\n\n<figure class=\"wp-block-image\"><img decoding=\"async\" src=\"https:\/\/www.leparadis-medoc.com\/wp-content\/uploads\/2025\/11\/Hourtin-lac-pres-de-lacanau.jpg\" alt=\"\" style=\"aspect-ratio:3\/4;object-fit:cover\" \/><\/figure>\n\n\n\n<p class=\"maillage-title has-base-2-color has-text-color has-link-color has-unbounded-font-family wp-elements-aa2b2dde1d0a0ad00ed57b90eda16e02\" style=\"font-size:clamp(1.25rem, 1.25rem + ((1vw - 0.2rem) * 0.938), 2rem);font-style:normal;font-weight:700;text-transform:uppercase\">Hourtin<\/p>\n\n\n<a class=\"is-style-lien-cover wp-block-read-more\" href=\"https:\/\/www.leparadis-medoc.com\/en\/visit-hourtin\/\" target=\"_self\">Read more<span class=\"screen-reader-text\">: Hourtin<\/span><\/a>\n<\/li><\/ul><\/div>\n<\/section>\n","protected":false},"excerpt":{"rendered":"<p>Campsite L\u00e8ge-Cap-Ferret Looking for a campsite in Gironde that&#8217;s easy to get to in L\u00e8ge-Cap-Ferret? Would you like to enjoy the sandy beach and ocean? You&#8217;ve come to the right place! L\u00e8ge-Cap-Ferret is a charming town in Gironde, in the Aquitaine region of France. It is situated on a beautiful peninsula, surrounded by the Atlantic [&hellip;]<\/p>\n","protected":false},"author":1,"featured_media":2279,"parent":0,"menu_order":0,"comment_status":"closed","ping_status":"closed","template":"","meta":{"_seopress_robots_primary_cat":"","_seopress_titles_title":"Campsite near Cap-Ferret and L\u00e8ge-Cap-Ferret in Gironde (33)","_seopress_titles_desc":"Would you like to book a camping vacation near Cap-Ferret? Here's a list of activities, sports and sightseeing around Cap-Ferret. ","_seopress_robots_index":"","_gt_ctv_global_id":"","_gt_ctv_id_group":false,"inline_featured_image":false,"_gt_visite_virtuelle_url":"","gt_fse_maillage_image":"https:\/\/www.leparadis-medoc.com\/wp-content\/uploads\/2025\/11\/camping-pres-de-cap-ferret-1.jpg","gt_fse_maillage_titre":"L\u00e8ge-Cap-Ferret","gt_fse_maillage_alt":"camping pres de cap ferret (1)","gt_fse_maillage_resume":"","footnotes":""},"categories":[],"tags":[],"class_list":["post-2278","page","type-page","status-publish","has-post-thumbnail","hentry"],"_links":{"self":[{"href":"https:\/\/www.leparadis-medoc.com\/en\/wp-json\/wp\/v2\/pages\/2278","targetHints":{"allow":["GET"]}}],"collection":[{"href":"https:\/\/www.leparadis-medoc.com\/en\/wp-json\/wp\/v2\/pages"}],"about":[{"href":"https:\/\/www.leparadis-medoc.com\/en\/wp-json\/wp\/v2\/types\/page"}],"author":[{"embeddable":true,"href":"https:\/\/www.leparadis-medoc.com\/en\/wp-json\/wp\/v2\/users\/1"}],"replies":[{"embeddable":true,"href":"https:\/\/www.leparadis-medoc.com\/en\/wp-json\/wp\/v2\/comments?post=2278"}],"version-history":[{"count":10,"href":"https:\/\/www.leparadis-medoc.com\/en\/wp-json\/wp\/v2\/pages\/2278\/revisions"}],"predecessor-version":[{"id":3329,"href":"https:\/\/www.leparadis-medoc.com\/en\/wp-json\/wp\/v2\/pages\/2278\/revisions\/3329"}],"wp:featuredmedia":[{"embeddable":true,"href":"https:\/\/www.leparadis-medoc.com\/en\/wp-json\/wp\/v2\/media\/2279"}],"wp:attachment":[{"href":"https:\/\/www.leparadis-medoc.com\/en\/wp-json\/wp\/v2\/media?parent=2278"}],"wp:term":[{"taxonomy":"category","embeddable":true,"href":"https:\/\/www.leparadis-medoc.com\/en\/wp-json\/wp\/v2\/categories?post=2278"},{"taxonomy":"post_tag","embeddable":true,"href":"https:\/\/www.leparadis-medoc.com\/en\/wp-json\/wp\/v2\/tags?post=2278"}],"curies":[{"name":"wp","href":"https:\/\/api.w.org\/{rel}","templated":true}]}}