{"id":2363,"date":"2025-11-12T10:23:48","date_gmt":"2025-11-12T09:23:48","guid":{"rendered":"https:\/\/www.leparadis-medoc.com\/camping-pauillac\/"},"modified":"2026-02-26T15:24:15","modified_gmt":"2026-02-26T14:24:15","slug":"campsite-pauillac","status":"publish","type":"page","link":"https:\/\/www.leparadis-medoc.com\/en\/campsite-pauillac\/","title":{"rendered":"Pauillac"},"content":{"rendered":"\n<section class=\"wp-block-group gt_1-cta-1photo_002 line page has-global-padding is-layout-constrained wp-container-core-group-is-layout-d4c4af53 wp-block-group-is-layout-constrained\" style=\"margin-top:0px;margin-bottom:0px;padding-top:4rem\">\n<div class=\"wp-block-group alignwide is-vertical is-content-justification-center is-layout-flex wp-container-core-group-is-layout-52b864f0 wp-block-group-is-layout-flex\" style=\"min-height:0px\">\n<h1 class=\"wp-block-heading has-text-align-center\">Campsite near Pauillac<\/h1>\n\n\n\n<figure class=\"wp-block-image size-full\"><img decoding=\"async\" width=\"136\" height=\"16\" src=\"https:\/\/www.leparadis-medoc.com\/wp-content\/uploads\/2025\/10\/grande-vague.png\" alt=\"large wave\" class=\"wp-image-423\" \/><\/figure>\n<\/div>\n\n\n\n<div class=\"wp-block-columns is-layout-flex wp-container-core-columns-is-layout-33ba964e wp-block-columns-is-layout-flex\">\n<div class=\"wp-block-column is-vertically-aligned-center content is-layout-flow wp-block-column-is-layout-flow\" style=\"padding-top:8rem;padding-bottom:8em;padding-left:10rem;flex-basis:50%\">\n<p>Would you like to spend your vacations at a 4-star campsite instead of a municipal one?  <br \/>Would you like to try out the adventure of camping rather than staying in a hotel?  <br \/>Would you like to visit the Nouvelle-Aquitaine region?  <\/p>\n\n\n\n<p>Venez dans notre <strong>camping pour familles pr\u00e8s de Pauillac<\/strong> ! La localisation de <a href=\"https:\/\/www.leparadis-medoc.com\/\" data-type=\"page\" data-id=\"5\">notre camping en Gironde<\/a> vous permettra de profiter pleinement de la c\u00f4te Atlantique.<\/p>\n<\/div>\n\n\n\n<div class=\"wp-block-column is-vertically-aligned-center main-image has-custom-color-4-background-color has-background is-layout-flow wp-block-column-is-layout-flow\" style=\"padding-top:4rem;padding-bottom:8rem;flex-basis:50%\">\n<figure class=\"wp-block-image size-full image-deco main\"><img decoding=\"async\" width=\"2048\" height=\"1365\" src=\"https:\/\/www.leparadis-medoc.com\/wp-content\/uploads\/2025\/11\/Camping-Le-Paradis-pres-de-Pauillac.jpg\" alt=\"Camping Le Paradis near Pauillac\" class=\"wp-image-1516\" style=\"aspect-ratio:4\/3;object-fit:cover\" srcset=\"https:\/\/www.leparadis-medoc.com\/wp-content\/uploads\/2025\/11\/Camping-Le-Paradis-pres-de-Pauillac.jpg 2048w, https:\/\/www.leparadis-medoc.com\/wp-content\/uploads\/2025\/11\/Camping-Le-Paradis-pres-de-Pauillac-300x200.jpg 300w, https:\/\/www.leparadis-medoc.com\/wp-content\/uploads\/2025\/11\/Camping-Le-Paradis-pres-de-Pauillac-768x512.jpg 768w, https:\/\/www.leparadis-medoc.com\/wp-content\/uploads\/2025\/11\/Camping-Le-Paradis-pres-de-Pauillac-1024x683.jpg 1024w, https:\/\/www.leparadis-medoc.com\/wp-content\/uploads\/2025\/11\/Camping-Le-Paradis-pres-de-Pauillac-1536x1024.jpg 1536w\" sizes=\"(max-width: 2048px) 100vw, 2048px\" \/><\/figure>\n<\/div>\n<\/div>\n<\/section>\n\n<section class=\"wp-block-group alignfull gt_full-slider_001 no-slider page has-background has-global-padding is-layout-constrained wp-container-core-group-is-layout-c13f64fb wp-block-group-is-layout-constrained\" style=\"border-top-left-radius:0px;border-top-right-radius:0px;border-bottom-left-radius:0px;border-bottom-right-radius:0px;background:linear-gradient(135deg,rgb(3,3,3) 1%,rgba(0,0,0,0) 100%);margin-top:0px;margin-right:0px;margin-bottom:0px;margin-left:0px;padding-top:0px;padding-right:0px;padding-left:0px\">\n<div class=\"wp-block-group is-layout-flow wp-block-group-is-layout-flow\">\n<div class=\"wp-block-cover alignfull has-parallax has-custom-content-position is-position-bottom-center blob-image\" style=\"min-height:110vh;aspect-ratio:unset;\"><div role=\"img\" aria-label=\"Vendays Montalivet\" class=\"wp-block-cover__image-background wp-image-1519 size-full has-parallax\" style=\"background-position:50% 50%;background-image:url(https:\/\/www.leparadis-medoc.com\/wp-content\/uploads\/2025\/11\/Vendays-Montalivet.jpg)\"><\/div><span aria-hidden=\"true\" class=\"wp-block-cover__background has-background-dim-60 has-background-dim wp-block-cover__gradient-background has-background-gradient\" style=\"background:linear-gradient(180deg,rgba(255,255,255,0) 0%,rgba(0,0,0,0.81) 59%)\"><\/span><div class=\"wp-block-cover__inner-container is-layout-flow wp-block-cover-is-layout-flow\">\n<div class=\"wp-block-group alignfull has-background is-vertical is-content-justification-left is-nowrap is-layout-flex wp-container-core-group-is-layout-0864ca22 wp-block-group-is-layout-flex\" style=\"border-radius:0px;background-color:#FFFFFF00;margin-top:0px;margin-right:0px;margin-bottom:0px;margin-left:0px;padding-top:0;padding-right:var(--wp--preset--spacing--40);padding-bottom:var(--wp--preset--spacing--50);padding-left:var(--wp--preset--spacing--40)\">\n<div class=\"wp-block-columns alignwide is-layout-flex wp-container-core-columns-is-layout-60a3d281 wp-block-columns-is-layout-flex\" style=\"padding-right:var(--wp--preset--spacing--50)\">\n<div class=\"wp-block-column is-vertically-aligned-end is-layout-flow wp-block-column-is-layout-flow\" style=\"margin-top:0px;margin-right:0px;margin-bottom:0px;margin-left:0px;flex-basis:50%\">\n<div class=\"wp-block-group wp-block-heading text-nowrap has-outreque-black-font-family has-text-color is-vertical is-content-justification-left is-nowrap is-layout-flex wp-container-core-group-is-layout-9b091f6a wp-block-group-is-layout-flex\" style=\"margin-top:0px;margin-right:0px;margin-bottom:0px;margin-left:0px;padding-bottom:var(--wp--preset--spacing--20);font-size:clamp(19.481px, 1.218rem + ((1vw - 3.2px) * 0.9), 31px);font-style:normal;font-weight:900;line-height:1.1;text-transform:none\"><\/div>\n<\/div>\n\n\n\n<div class=\"wp-block-column is-vertically-aligned-center group-paragraph is-layout-flow wp-block-column-is-layout-flow\" style=\"margin-top:0px;margin-right:0px;margin-bottom:0px;margin-left:0px;flex-basis:50%\">\n<div class=\"wp-block-group full-width has-text-color has-outreque-medium-font-family is-layout-flow wp-block-group-is-layout-flow\" style=\"margin-top:0px;margin-right:0px;margin-bottom:0px;margin-left:0px;font-size:clamp(14px, 0.875rem + ((1vw - 3.2px) * 0.234), 17px);line-height:1.9\">\n<h2 class=\"wp-block-heading has-text-align-left text-nowrap has-outreque-black-font-family has-text-color\" style=\"margin-top:0px;margin-right:0px;margin-bottom:0px;margin-left:0px;padding-bottom:var(--wp--preset--spacing--20);line-height:1.1\">Why choose camping for your vacations?<\/h2>\n<\/div>\n\n\n\n<div class=\"wp-block-group full-width has-text-color is-layout-flow wp-block-group-is-layout-flow\" style=\"margin-top:0px;margin-right:0px;margin-bottom:0px;margin-left:0px\">\n<p>Le camping en France est un excellent moyen de d\u00e9couvrir la beaut\u00e9 du pays et la culture de ses habitants. Vous pourrez vous plonger au c\u0153ur de la nature en d\u00e9couvrant les plages et for\u00eats de la r\u00e9gion. Proche de <a href=\"https:\/\/www.leparadis-medoc.com\/camping-montalivet\/\" data-type=\"page\" data-id=\"864\">Vendays-Montalivet<\/a>, la ville de Pauillac, situ\u00e9e dans le d\u00e9partement de la Gironde, est une destination populaire pour les amoureux de la France. <\/p>\n\n\n\n<p>It&#8217;s a small town in Aquitaine, but the <strong>surrounding countryside<\/strong> offers plenty of opportunities for exploration and adventure. You can also relax on the beach, stroll along the seafront and swim in the ocean. You&#8217;ll be in the heart of nature, where you can recharge your batteries.  <\/p>\n\n\n\n<p>The region is famous for its excellent wines and breathtaking views over the Gironde estuary, and is one of the best places in France to camp. At our top-quality campsite, you&#8217;ll enjoy top-quality services throughout your vacation. <\/p>\n<\/div>\n<\/div>\n<\/div>\n<\/div>\n<\/div><\/div>\n<\/div>\n<\/section>\n\n<section class=\"wp-block-group gt_1-cta-1photo_002 inverse page has-custom-girs-fonce-background-color has-background has-global-padding is-layout-constrained wp-container-core-group-is-layout-d6554d75 wp-block-group-is-layout-constrained\" style=\"margin-top:0px;margin-bottom:0px\">\n<div class=\"wp-block-columns is-layout-flex wp-container-core-columns-is-layout-33ba964e wp-block-columns-is-layout-flex\">\n<div class=\"wp-block-column is-vertically-aligned-center main-image has-custom-color-4-background-color has-background is-layout-flow wp-block-column-is-layout-flow\" style=\"padding-top:8rem;padding-bottom:8rem;padding-left:10rem;flex-basis:50%\">\n<figure class=\"wp-block-image size-full main image-deco\"><img decoding=\"async\" width=\"2048\" height=\"1365\" src=\"https:\/\/www.leparadis-medoc.com\/wp-content\/uploads\/2025\/11\/Camping-Le-Paradis-medoc.jpg\" alt=\"Camping Le Paradis m&#xE9;doc\" class=\"wp-image-1463\" srcset=\"https:\/\/www.leparadis-medoc.com\/wp-content\/uploads\/2025\/11\/Camping-Le-Paradis-medoc.jpg 2048w, https:\/\/www.leparadis-medoc.com\/wp-content\/uploads\/2025\/11\/Camping-Le-Paradis-medoc-300x200.jpg 300w, https:\/\/www.leparadis-medoc.com\/wp-content\/uploads\/2025\/11\/Camping-Le-Paradis-medoc-768x512.jpg 768w, https:\/\/www.leparadis-medoc.com\/wp-content\/uploads\/2025\/11\/Camping-Le-Paradis-medoc-1024x683.jpg 1024w, https:\/\/www.leparadis-medoc.com\/wp-content\/uploads\/2025\/11\/Camping-Le-Paradis-medoc-1536x1024.jpg 1536w\" sizes=\"(max-width: 2048px) 100vw, 2048px\" \/><\/figure>\n<\/div>\n\n\n\n<div class=\"wp-block-column is-vertically-aligned-center content is-layout-flow wp-block-column-is-layout-flow\" style=\"padding-top:8rem;padding-bottom:8em;padding-left:10rem;flex-basis:50%\">\n<h2 class=\"wp-block-heading has-base-2-color has-text-color has-link-color wp-elements-178b53387f9868f28e2f8307a7b2b933\">Come to our Le Paradis campsite near Pauillac<\/h2>\n\n\n\n<p class=\"has-base-color has-text-color has-link-color wp-elements-a63be37105034d6575c445e63739298f\">Notre camping fait partie des meilleurs campings de la c\u00f4te ouest. Gr\u00e2ce \u00e0 sa localisation, vous pourrez visiter de nombreuses villes comme <a href=\"https:\/\/www.leparadis-medoc.com\/camping-bordeaux\/\" data-type=\"page\" data-id=\"896\">Bordeaux<\/a>, <a href=\"https:\/\/www.leparadis-medoc.com\/visiter-hourtin\/\" data-type=\"page\" data-id=\"868\">Hourtin<\/a>, <a href=\"https:\/\/www.leparadis-medoc.com\/camping-lacanau\/\" data-type=\"page\" data-id=\"876\">Lacanau<\/a>, Vendays-Montalivet, le <a href=\"https:\/\/www.leparadis-medoc.com\/camping-bassin-d-arcachon\/\" data-type=\"page\" data-id=\"884\">Bassin d\u2019Arcachon<\/a> ou encore Pauillac.<\/p>\n\n\n\n<p class=\"has-base-color has-text-color has-link-color wp-elements-7783862bc78dace7e7b3767466f265c5\">Pauillac is a small commune in the <a href=\"https:\/\/www.gironde-tourisme.com\/\">Gironde department of<\/a> France. The town is located on the<strong> left bank of the Gironde estuary<\/strong> and is popular for its excellent wines and breathtaking views over the estuary.   <\/p>\n\n\n\n<p class=\"has-base-color has-text-color has-link-color wp-elements-75a411ce35d63a1950873342e7d05cbc\">The region offers many opportunities to explore the local culture, enjoy the beautiful scenery and experience the best of camping in France.<\/p>\n<\/div>\n<\/div>\n<\/section>\n\n<section class=\"wp-block-group gt_1-cta-1photo_002 page has-custom-terracotta-background-color has-background has-global-padding is-layout-constrained wp-container-core-group-is-layout-d6554d75 wp-block-group-is-layout-constrained\" style=\"margin-top:0px;margin-bottom:0px\">\n<div class=\"wp-block-columns is-layout-flex wp-container-core-columns-is-layout-33ba964e wp-block-columns-is-layout-flex\">\n<div class=\"wp-block-column is-vertically-aligned-center content is-layout-flow wp-block-column-is-layout-flow\" style=\"padding-top:8rem;padding-bottom:8em;padding-left:10rem;flex-basis:50%\">\n<div class=\"wp-block-group titre-container is-vertical is-content-justification-left is-layout-flex wp-container-core-group-is-layout-68ae07ba wp-block-group-is-layout-flex\">\n<h2 class=\"wp-block-heading has-base-2-color has-text-color has-link-color has-retcaro-font-family wp-elements-b62624e77e3c19b82e0bb8148dc8b1fe\" style=\"line-height:1\">Caravan sites for rent in Gironde<\/h2>\n\n\n\n<figure class=\"wp-block-image alignright size-full deco-titre\" style=\"margin-top:-1rem;margin-right:4rem\"><img decoding=\"async\" width=\"136\" height=\"16\" src=\"https:\/\/www.leparadis-medoc.com\/wp-content\/uploads\/2025\/10\/grande-vague.png\" alt=\"large wave\" class=\"wp-image-423\" \/><\/figure>\n<\/div>\n\n\n\n<p class=\"has-base-2-color has-text-color has-link-color wp-elements-6b061be2c2d381aa417cccb76b3dae94\">Installez votre <strong>caravane<\/strong>, <strong>camping-car<\/strong> ou <strong>toile de tente<\/strong> sur un <a href=\"https:\/\/www.leparadis-medoc.com\/location-emplacements-saint-laurent-medoc\/\" data-type=\"page\" data-id=\"61\">emplacement spacieux et verdoyant \u00e0 louer pr\u00e8s de Hourtin<\/a>, allant de <strong>80 m\u00b2 \u00e0 plus de 100 m\u00b2<\/strong>, pour un confort et une intimit\u00e9 optimaux. <\/p>\n\n\n\n<p class=\"has-base-2-color has-text-color has-link-color wp-elements-86fff317096e594cce55d48cdf219a9b\">The one that will seduce you the most is the location with its <strong>private sanitary facilities<\/strong>, adopted to offer you all the well-being and tranquility you deserve during your vacation.<br \/><\/p>\n\n\n\n<ul style=\"padding-right:0;padding-left:var(--wp--preset--spacing--20)\" class=\"wp-block-list has-base-color has-text-color has-link-color wp-elements-706527f0f6ad7d9ee526606aae3181b5\">\n<li><strong>Arrivals from 2 p.m.<\/strong><\/li>\n\n\n\n<li style=\"padding-top:0;padding-bottom:0\"><strong>Departures until 12 noon<\/strong> <\/li>\n<\/ul>\n\n\n\n<p class=\"has-base-2-color has-text-color has-link-color wp-elements-9ba210a7fcf6103017d8a41436c5d92d\"><em>Every day of the week <strong>with no minimum number of nights<\/strong>.<\/em><\/p>\n\n\n\n<p class=\"has-base-color has-text-color has-link-color wp-elements-ccd9987eca576d367748a25ddcbd2616\">Dans notre camping, nous mettons un point d\u2019honneur \u00e0 offrir<a href=\"https:\/\/www.leparadis-medoc.com\/camping-pas-cher-saint-laurent-medoc\/\" data-type=\"page\" data-id=\"6\"> le meilleur rapport qualit\u00e9\/prix de la r\u00e9gion<\/a>. Que vous veniez en famille, en couple ou entre amis, vous trouverez ici un emplacement ou un h\u00e9bergement en location au c\u0153ur de la Gironde, v\u00e9ritable coin de paradis, entre nature pr\u00e9serv\u00e9e et ambiance conviviale.<\/p>\n\n\n\n<p class=\"has-base-2-color has-text-color has-link-color wp-elements-bf93e44807c34ea36dddf8299aa2fe98\">Come and experience <strong>authentic camping in an exceptional setting<\/strong>, close to nature and the beaches of the M\u00e9doc.<\/p>\n<\/div>\n\n\n\n<div class=\"wp-block-column is-vertically-aligned-center main-image has-custom-color-4-background-color has-background is-layout-flow wp-block-column-is-layout-flow\" style=\"padding-top:8rem;padding-bottom:8rem;padding-left:10rem;flex-basis:50%\">\n<figure class=\"wp-block-image size-full main image-deco\"><img decoding=\"async\" width=\"2048\" height=\"1365\" src=\"https:\/\/www.leparadis-medoc.com\/wp-content\/uploads\/2025\/11\/Location-emplacements-camping-Gironde.jpg\" alt=\"Camping pitches Gironde\" class=\"wp-image-1415\" srcset=\"https:\/\/www.leparadis-medoc.com\/wp-content\/uploads\/2025\/11\/Location-emplacements-camping-Gironde.jpg 2048w, https:\/\/www.leparadis-medoc.com\/wp-content\/uploads\/2025\/11\/Location-emplacements-camping-Gironde-300x200.jpg 300w, https:\/\/www.leparadis-medoc.com\/wp-content\/uploads\/2025\/11\/Location-emplacements-camping-Gironde-768x512.jpg 768w, https:\/\/www.leparadis-medoc.com\/wp-content\/uploads\/2025\/11\/Location-emplacements-camping-Gironde-1024x683.jpg 1024w, https:\/\/www.leparadis-medoc.com\/wp-content\/uploads\/2025\/11\/Location-emplacements-camping-Gironde-1536x1024.jpg 1536w\" sizes=\"(max-width: 2048px) 100vw, 2048px\" \/><\/figure>\n<\/div>\n<\/div>\n<\/section>\n\n<section class=\"wp-block-group gt_page-maillage has-global-padding is-layout-constrained wp-container-core-group-is-layout-67474efc wp-block-group-is-layout-constrained\" style=\"padding-top:7rem;padding-right:14rem;padding-bottom:7rem;padding-left:14rem\">\n<div class=\"wp-block-group has-global-padding is-layout-constrained wp-container-core-group-is-layout-8a400663 wp-block-group-is-layout-constrained\">\n<div class=\"wp-block-columns are-vertically-aligned-center titre-deco one orange is-layout-flex wp-container-core-columns-is-layout-33ba964e wp-block-columns-is-layout-flex\">\n<div class=\"wp-block-column is-vertically-aligned-center texte is-layout-flow wp-block-column-is-layout-flow\">\n<div class=\"svg-decoration-left\"><\/div>\n\n\n\n<p class=\"has-text-align-center has-unbounded-font-family\" style=\"font-size:clamp(33.419px, 2.089rem + ((1vw - 3.2px) * 2.077), 60px);font-style:normal;font-weight:700;line-height:1;text-transform:uppercase\">Discover the highlights of our region<br \/><\/p>\n\n\n\n<div class=\"svg-decoration\"><\/div>\n<\/div>\n<\/div>\n<\/div>\n\n\n\n<div style=\"height:4rem\" aria-hidden=\"true\" class=\"wp-block-spacer gt-hide-mobile\"><\/div>\n\n\n\n<div data-wp-context=\"{}\" data-wp-interactive=\"core\/query\" data-wp-key=\"0\" data-wp-router-region=\"query-0\" class=\"wp-block-query alignwide gt-fse-maillage-query is-layout-flow wp-block-query-is-layout-flow\"><ul class=\"columns-3 wp-block-post-template is-layout-grid wp-container-core-post-template-is-layout-6d3fbd8f wp-block-post-template-is-layout-grid\"><li data-wp-key=\"post-template-item-2064\" class=\"wp-block-post post-2064 page type-page status-publish has-post-thumbnail hentry\">\n\n<figure class=\"wp-block-image\"><img decoding=\"async\" src=\"https:\/\/www.leparadis-medoc.com\/wp-content\/uploads\/2025\/11\/bassin-darcachon-4.jpg\" alt=\"\" style=\"aspect-ratio:3\/4;object-fit:cover\" \/><\/figure>\n\n\n\n<p class=\"maillage-title has-base-2-color has-text-color has-link-color has-unbounded-font-family wp-elements-aa2b2dde1d0a0ad00ed57b90eda16e02\" style=\"font-size:clamp(1.25rem, 1.25rem + ((1vw - 0.2rem) * 0.938), 2rem);font-style:normal;font-weight:700;text-transform:uppercase\">Arcachon Basin<\/p>\n\n\n<a class=\"is-style-lien-cover wp-block-read-more\" href=\"https:\/\/www.leparadis-medoc.com\/en\/campsite-bassin-d-arcachon\/\" target=\"_self\">Read more<span class=\"screen-reader-text\">: Arcachon Basin<\/span><\/a>\n<\/li><li data-wp-key=\"post-template-item-2031\" class=\"wp-block-post post-2031 page type-page status-publish has-post-thumbnail hentry\">\n\n<figure class=\"wp-block-image\"><img decoding=\"async\" src=\"https:\/\/www.leparadis-medoc.com\/wp-content\/uploads\/2025\/11\/camping-proche-de-bordeaux.jpg\" alt=\"\" style=\"aspect-ratio:3\/4;object-fit:cover\" \/><\/figure>\n\n\n\n<p class=\"maillage-title has-base-2-color has-text-color has-link-color has-unbounded-font-family wp-elements-aa2b2dde1d0a0ad00ed57b90eda16e02\" style=\"font-size:clamp(1.25rem, 1.25rem + ((1vw - 0.2rem) * 0.938), 2rem);font-style:normal;font-weight:700;text-transform:uppercase\">Bordeaux<\/p>\n\n\n<a class=\"is-style-lien-cover wp-block-read-more\" href=\"https:\/\/www.leparadis-medoc.com\/en\/campsite-bordeaux\/\" target=\"_self\">Read more<span class=\"screen-reader-text\">: Bordeaux<\/span><\/a>\n<\/li><li data-wp-key=\"post-template-item-2268\" class=\"wp-block-post post-2268 page type-page status-publish has-post-thumbnail hentry\">\n\n<figure class=\"wp-block-image\"><img decoding=\"async\" src=\"https:\/\/www.leparadis-medoc.com\/wp-content\/uploads\/2025\/11\/Carcans-Maubuisson-2-e1763370109668.jpg\" alt=\"\" style=\"aspect-ratio:3\/4;object-fit:cover\" \/><\/figure>\n\n\n\n<p class=\"maillage-title has-base-2-color has-text-color has-link-color has-unbounded-font-family wp-elements-aa2b2dde1d0a0ad00ed57b90eda16e02\" style=\"font-size:clamp(1.25rem, 1.25rem + ((1vw - 0.2rem) * 0.938), 2rem);font-style:normal;font-weight:700;text-transform:uppercase\">Carcans<\/p>\n\n\n<a class=\"is-style-lien-cover wp-block-read-more\" href=\"https:\/\/www.leparadis-medoc.com\/en\/campsite-carcans\/\" target=\"_self\">Read more<span class=\"screen-reader-text\">: Carcans<\/span><\/a>\n<\/li><\/ul><\/div>\n<\/section>\n","protected":false},"excerpt":{"rendered":"<p>Campsite near Pauillac Would you like to spend your vacations at a 4-star campsite instead of a municipal one? Would you like to try out the adventure of camping rather than staying in a hotel? Would you like to visit the Nouvelle-Aquitaine region? Venez dans notre camping pour familles pr\u00e8s de Pauillac ! La localisation [&hellip;]<\/p>\n","protected":false},"author":1,"featured_media":2366,"parent":0,"menu_order":0,"comment_status":"closed","ping_status":"closed","template":"","meta":{"_seopress_robots_primary_cat":"","_seopress_titles_title":"Campsite near Pauillac in Gironde (33)","_seopress_titles_desc":"Book a camping vacation near the town of Pauillac, in the M\u00e9doc region of Gironde (33). 4-star family campsite. Mobile homes & pitches.  ","_seopress_robots_index":"","_gt_ctv_global_id":"","_gt_ctv_id_group":false,"inline_featured_image":false,"_gt_visite_virtuelle_url":"","gt_fse_maillage_image":"https:\/\/www.leparadis-medoc.com\/wp-content\/uploads\/2025\/11\/Pauillac.jpg","gt_fse_maillage_titre":"Pauillac","gt_fse_maillage_alt":"Pauillac","gt_fse_maillage_resume":"","footnotes":""},"categories":[],"tags":[],"class_list":["post-2363","page","type-page","status-publish","has-post-thumbnail","hentry"],"_links":{"self":[{"href":"https:\/\/www.leparadis-medoc.com\/en\/wp-json\/wp\/v2\/pages\/2363","targetHints":{"allow":["GET"]}}],"collection":[{"href":"https:\/\/www.leparadis-medoc.com\/en\/wp-json\/wp\/v2\/pages"}],"about":[{"href":"https:\/\/www.leparadis-medoc.com\/en\/wp-json\/wp\/v2\/types\/page"}],"author":[{"embeddable":true,"href":"https:\/\/www.leparadis-medoc.com\/en\/wp-json\/wp\/v2\/users\/1"}],"replies":[{"embeddable":true,"href":"https:\/\/www.leparadis-medoc.com\/en\/wp-json\/wp\/v2\/comments?post=2363"}],"version-history":[{"count":8,"href":"https:\/\/www.leparadis-medoc.com\/en\/wp-json\/wp\/v2\/pages\/2363\/revisions"}],"predecessor-version":[{"id":3179,"href":"https:\/\/www.leparadis-medoc.com\/en\/wp-json\/wp\/v2\/pages\/2363\/revisions\/3179"}],"wp:featuredmedia":[{"embeddable":true,"href":"https:\/\/www.leparadis-medoc.com\/en\/wp-json\/wp\/v2\/media\/2366"}],"wp:attachment":[{"href":"https:\/\/www.leparadis-medoc.com\/en\/wp-json\/wp\/v2\/media?parent=2363"}],"wp:term":[{"taxonomy":"category","embeddable":true,"href":"https:\/\/www.leparadis-medoc.com\/en\/wp-json\/wp\/v2\/categories?post=2363"},{"taxonomy":"post_tag","embeddable":true,"href":"https:\/\/www.leparadis-medoc.com\/en\/wp-json\/wp\/v2\/tags?post=2363"}],"curies":[{"name":"wp","href":"https:\/\/api.w.org\/{rel}","templated":true}]}}