{"id":2043,"date":"2025-11-12T10:34:24","date_gmt":"2025-11-12T09:34:24","guid":{"rendered":"https:\/\/www.leparadis-medoc.com\/camping-lege-cap-ferret\/"},"modified":"2026-01-06T14:29:05","modified_gmt":"2026-01-06T13:29:05","slug":"camping-lege-cap-ferret","status":"publish","type":"page","link":"https:\/\/www.leparadis-medoc.com\/nl\/camping-lege-cap-ferret\/","title":{"rendered":"Luik-Cap-Ferret"},"content":{"rendered":"\n<section class=\"wp-block-group gt_1-cta-1photo_002 line page has-global-padding is-layout-constrained wp-container-core-group-is-layout-d4c4af53 wp-block-group-is-layout-constrained\" style=\"margin-top:0px;margin-bottom:0px;padding-top:4rem\">\n<div class=\"wp-block-group alignwide is-vertical is-content-justification-center is-layout-flex wp-container-core-group-is-layout-52b864f0 wp-block-group-is-layout-flex\" style=\"min-height:0px\">\n<h1 class=\"wp-block-heading has-text-align-center\">Kamperen L\u00e8ge-Cap-Ferret<\/h1>\n\n\n\n<figure class=\"wp-block-image size-full\"><img decoding=\"async\" width=\"136\" height=\"16\" src=\"https:\/\/www.leparadis-medoc.com\/wp-content\/uploads\/2025\/10\/grande-vague.png\" alt=\"grote golf\" class=\"wp-image-423\"\/><\/figure>\n<\/div>\n\n\n\n<div class=\"wp-block-columns is-layout-flex wp-container-core-columns-is-layout-33ba964e wp-block-columns-is-layout-flex\">\n<div class=\"wp-block-column is-vertically-aligned-center content is-layout-flow wp-block-column-is-layout-flow\" style=\"padding-top:8rem;padding-bottom:8em;padding-left:10rem;flex-basis:50%\">\n<p>Op zoek naar een <a href=\"https:\/\/www.leparadis-medoc.com\/nl\/\" data-type=\"page\" data-id=\"5\">camping in de Gironde<\/a> die gemakkelijk bereikbaar is in <strong>L\u00e8ge-Cap-Ferret<\/strong>?  <\/p>\n\n\n\n<p>Wil je genieten van het <strong>fijne zandstrand <\/strong>en de oceaan?  <\/p>\n\n\n\n<p>Dan ben je hier aan het juiste adres!  <\/p>\n\n\n\n<p>L\u00e8ge-Cap-Ferret is een charmant stadje in de Gironde, in de regio Aquitaine in Frankrijk. Het ligt op een prachtig schiereiland, omringd door de Atlantische Oceaan, <a href=\"https:\/\/www.leparadis-medoc.com\/nl\/camping-bassin-van-arcachon\/\" data-type=\"page\" data-id=\"884\">de baai van Arcachon<\/a> en het <strong>Landes-bos<\/strong>.   <\/p>\n\n\n\n<p>Deze regio is een ideale plek voor een vakantie, met prachtige stranden en weelderige bossen. Kom naar onze camping bij L\u00e8ge-Cap-Ferret voor uw volgende vakantie! <\/p>\n<\/div>\n\n\n\n<div class=\"wp-block-column is-vertically-aligned-center main-image has-custom-color-4-background-color has-background is-layout-flow wp-block-column-is-layout-flow\" style=\"padding-top:4rem;padding-bottom:8rem;flex-basis:50%\">\n<figure class=\"wp-block-image size-full image-deco main\"><img decoding=\"async\" width=\"1446\" height=\"960\" src=\"https:\/\/www.leparadis-medoc.com\/wp-content\/uploads\/2025\/11\/Cap-Ferret-aquitaine-e1763374917748.jpg\" alt=\"Cap Ferret aquitaine\" class=\"wp-image-1643\" style=\"aspect-ratio:4\/3;object-fit:cover\" srcset=\"https:\/\/www.leparadis-medoc.com\/wp-content\/uploads\/2025\/11\/Cap-Ferret-aquitaine-e1763374917748.jpg 1446w, https:\/\/www.leparadis-medoc.com\/wp-content\/uploads\/2025\/11\/Cap-Ferret-aquitaine-e1763374917748-300x199.jpg 300w, https:\/\/www.leparadis-medoc.com\/wp-content\/uploads\/2025\/11\/Cap-Ferret-aquitaine-e1763374917748-768x510.jpg 768w, https:\/\/www.leparadis-medoc.com\/wp-content\/uploads\/2025\/11\/Cap-Ferret-aquitaine-e1763374917748-1024x680.jpg 1024w\" sizes=\"(max-width: 1446px) 100vw, 1446px\" \/><\/figure>\n<\/div>\n<\/div>\n<\/section>\n\n<section class=\"wp-block-group alignfull gt_full-slider_001 no-slider page has-background has-global-padding is-layout-constrained wp-container-core-group-is-layout-c13f64fb wp-block-group-is-layout-constrained\" style=\"border-top-left-radius:0px;border-top-right-radius:0px;border-bottom-left-radius:0px;border-bottom-right-radius:0px;background:linear-gradient(135deg,rgb(3,3,3) 1%,rgba(0,0,0,0) 100%);margin-top:0px;margin-right:0px;margin-bottom:0px;margin-left:0px;padding-top:0px;padding-right:0px;padding-left:0px\">\n<div class=\"wp-block-group is-layout-flow wp-block-group-is-layout-flow\">\n<div class=\"wp-block-cover alignfull has-parallax has-custom-content-position is-position-bottom-center blob-image\" style=\"min-height:110vh;aspect-ratio:unset;\"><div role=\"img\" aria-label=\"Cap Ferret (1)\" class=\"wp-block-cover__image-background wp-image-1638 size-full has-parallax\" style=\"background-position:50% 50%;background-image:url(https:\/\/www.leparadis-medoc.com\/wp-content\/uploads\/2025\/11\/Cap-Ferret-1.jpg)\"><\/div><span aria-hidden=\"true\" class=\"wp-block-cover__background has-background-dim-60 has-background-dim wp-block-cover__gradient-background has-background-gradient\" style=\"background:linear-gradient(180deg,rgba(255,255,255,0) 0%,rgba(0,0,0,0.81) 59%)\"><\/span><div class=\"wp-block-cover__inner-container is-layout-flow wp-block-cover-is-layout-flow\">\n<div class=\"wp-block-group alignfull has-background is-vertical is-content-justification-left is-nowrap is-layout-flex wp-container-core-group-is-layout-6f6e1b6a wp-block-group-is-layout-flex\" style=\"border-radius:0px;background-color:#FFFFFF00;margin-top:0px;margin-right:0px;margin-bottom:0px;margin-left:0px;padding-top:0;padding-right:var(--wp--preset--spacing--40);padding-bottom:var(--wp--preset--spacing--50);padding-left:var(--wp--preset--spacing--60)\">\n<div class=\"wp-block-columns alignwide is-layout-flex wp-container-core-columns-is-layout-60a3d281 wp-block-columns-is-layout-flex\" style=\"padding-right:var(--wp--preset--spacing--50)\">\n<div class=\"wp-block-column is-vertically-aligned-end is-layout-flow wp-block-column-is-layout-flow\" style=\"margin-top:0px;margin-right:0px;margin-bottom:0px;margin-left:0px;flex-basis:50%\">\n<div class=\"wp-block-group wp-block-heading text-nowrap has-outreque-black-font-family has-text-color is-vertical is-content-justification-left is-nowrap is-layout-flex wp-container-core-group-is-layout-9b091f6a wp-block-group-is-layout-flex\" style=\"color:rgba(252,245,239,1);margin-top:0px;margin-right:0px;margin-bottom:0px;margin-left:0px;padding-bottom:var(--wp--preset--spacing--20);font-size:clamp(19.481px, 1.218rem + ((1vw - 3.2px) * 0.9), 31px);font-style:normal;font-weight:900;line-height:1.1;text-transform:none\"><\/div>\n<\/div>\n\n\n\n<div class=\"wp-block-column is-vertically-aligned-center group-paragraph is-layout-flow wp-block-column-is-layout-flow\" style=\"margin-top:0px;margin-right:0px;margin-bottom:0px;margin-left:0px;flex-basis:50%\">\n<div class=\"wp-block-group full-width has-text-color has-outreque-medium-font-family is-layout-flow wp-block-group-is-layout-flow\" style=\"color:rgba(255,255,255,1);margin-top:0px;margin-right:0px;margin-bottom:0px;margin-left:0px;font-size:clamp(14px, 0.875rem + ((1vw - 3.2px) * 0.234), 17px);line-height:1.9\">\n<h2 class=\"wp-block-heading has-text-align-left text-nowrap has-outreque-black-font-family has-text-color\" style=\"color:rgba(252,245,239,1);margin-top:0px;margin-right:0px;margin-bottom:0px;margin-left:0px;padding-bottom:var(--wp--preset--spacing--20);line-height:1.1\">Focus op de stad L\u00e8ge-Cap-Ferret<\/h2>\n<\/div>\n\n\n\n<div class=\"wp-block-group full-width has-text-color is-layout-flow wp-block-group-is-layout-flow\" style=\"color:rgba(255,255,255,1);margin-top:0px;margin-right:0px;margin-bottom:0px;margin-left:0px\">\n<p>L\u00e8ge-Cap-Ferret in de Gironde is een ideale bestemming om te kamperen, met <strong>een adembenemend landschap<\/strong> en een overvloed aan<strong>activiteiten<\/strong> (fietsen, surfen, kitesurfen, varen, wandelen&#8230;).  <\/p>\n\n\n\n<p>Of je nu op zoek bent naar een rustige, ontspannen vakantie of een vakantie vol avontuur, L\u00e8ge-Cap-Ferret heeft voor ieder wat wils. Geniet van de zeestralen en <strong>de weelderige natuur<\/strong>.   <\/p>\n\n\n\n<p>  De regio Aquitaine biedt ook een breed scala aan activiteiten, zoals zeilen, vissen en kajakken. Er zijn ook tal van restaurants, bars en winkels, evenals een verscheidenheid aan attracties, zoals het <a href=\"https:\/\/www.my-capferret.com\/villages-cap-ferret\/lege\/\" target=\"_blank\" rel=\"noreferrer noopener nofollow\">historische dorp L\u00e8ge-Cap-Ferret<\/a> en de oesterhutten, de vuurtoren van Arcachon en de <a href=\"https:\/\/ladunedupilat.com\/\" target=\"_blank\" rel=\"noreferrer noopener nofollow\">Dune du Pilat<\/a>. <\/p>\n\n\n\n<p>Je kunt ook naburige steden bezoeken, zoals <a href=\"https:\/\/www.leparadis-medoc.com\/nl\/camping-bordeaux\/\" data-type=\"page\" data-id=\"896\">Bordeaux<\/a>, <a href=\"https:\/\/www.leparadis-medoc.com\/nl\/camping-lacanau\/\" data-type=\"page\" data-id=\"876\">Lacanau<\/a>, Biscarosse en <a href=\"https:\/\/www.leparadis-medoc.com\/nl\/camping-andernos\/\" data-type=\"page\" data-id=\"880\">Andernos<\/a> aan het <strong>Bassin d&#8217;Arcachon<\/strong>.<\/p>\n<\/div>\n<\/div>\n<\/div>\n<\/div>\n<\/div><\/div>\n<\/div>\n<\/section>\n\n<section class=\"wp-block-group gt_1-cta-1photo_002 inverse page has-custom-girs-fonce-background-color has-background has-global-padding is-layout-constrained wp-container-core-group-is-layout-d6554d75 wp-block-group-is-layout-constrained\" style=\"margin-top:0px;margin-bottom:0px\">\n<div class=\"wp-block-columns is-layout-flex wp-container-core-columns-is-layout-33ba964e wp-block-columns-is-layout-flex\">\n<div class=\"wp-block-column is-vertically-aligned-center main-image has-custom-color-4-background-color has-background is-layout-flow wp-block-column-is-layout-flow\" style=\"padding-top:8rem;padding-bottom:8rem;padding-left:10rem;flex-basis:50%\">\n<figure class=\"wp-block-image size-full main image-deco\"><img decoding=\"async\" width=\"2048\" height=\"1534\" src=\"https:\/\/www.leparadis-medoc.com\/wp-content\/uploads\/2025\/11\/Camping-Le-Paradis-piscine-1.jpg\" alt=\"Camping La Paradis\" class=\"wp-image-1483\" srcset=\"https:\/\/www.leparadis-medoc.com\/wp-content\/uploads\/2025\/11\/Camping-Le-Paradis-piscine-1.jpg 2048w, https:\/\/www.leparadis-medoc.com\/wp-content\/uploads\/2025\/11\/Camping-Le-Paradis-piscine-1-300x225.jpg 300w, https:\/\/www.leparadis-medoc.com\/wp-content\/uploads\/2025\/11\/Camping-Le-Paradis-piscine-1-768x575.jpg 768w, https:\/\/www.leparadis-medoc.com\/wp-content\/uploads\/2025\/11\/Camping-Le-Paradis-piscine-1-1024x767.jpg 1024w, https:\/\/www.leparadis-medoc.com\/wp-content\/uploads\/2025\/11\/Camping-Le-Paradis-piscine-1-1536x1151.jpg 1536w\" sizes=\"(max-width: 2048px) 100vw, 2048px\" \/><\/figure>\n<\/div>\n\n\n\n<div class=\"wp-block-column is-vertically-aligned-center content is-layout-flow wp-block-column-is-layout-flow\" style=\"padding-top:8rem;padding-bottom:8em;padding-left:10rem;flex-basis:50%\">\n<h2 class=\"wp-block-heading has-base-color has-text-color has-link-color has-large-font-size wp-elements-200e8113af08ba21a4be9c9a8973c96f\">Onze 4-sterren camping op 45 minuten van Cap-Ferret<\/h2>\n\n\n\n<p class=\"has-base-color has-text-color has-link-color wp-elements-32bb37275edd24f5d982567933b74b3d\">Onze kwaliteitscamping is een van de best beoordeelde campings aan de Atlantische kust. Sterker nog, met <strong>4 sterren<\/strong> biedt ons team een groot aantal <strong>diensten<\/strong> om van je vakantie een heerlijke vakantie te maken. Bezoek  <strong> <\/strong>Op Camping Le Paradis bieden we een breed scala aan diensten en faciliteiten om je kampeerervaring zo aangenaam mogelijk te maken. We bieden <strong>kampeerplaatsen voor tenten en caravans<\/strong>.   <\/p>\n\n\n\n<p class=\"has-base-color has-text-color has-link-color wp-elements-a8bacbdbf1661b53d881433b24588cc0\">We hebben ook een scala aan activiteiten te bieden, met veel entertainment voor het hele gezin. Onze camping biedt gasten ook een <strong>verwarmd zwembad<\/strong>, een zwemparadijs,<strong> barbecues<\/strong> en een <strong>speeltuin<\/strong>. Er is ook een<strong> restaurant met terras <\/strong>waar je de culinaire specialiteiten van de regio kunt proeven.  <\/p>\n\n\n\n<p class=\"has-base-color has-text-color has-link-color wp-elements-1f645f8bbd9b4158680b1eb2d6f14d3b\">Op Camping Le Paradis bieden we een breed scala aan prijzen en tarieven voor onze klanten. Onze prijzen zijn zeer concurrerend en we bieden kortingen voor groepen en gezinnen. We bieden ook pakketten voor <strong>alle budgetten<\/strong> en<strong> smaken<\/strong>.  <\/p>\n<\/div>\n<\/div>\n<\/section>\n\n<section class=\"wp-block-group gt_1-cta-1photo_002 page has-custom-terracotta-background-color has-background has-global-padding is-layout-constrained wp-container-core-group-is-layout-d6554d75 wp-block-group-is-layout-constrained\" style=\"margin-top:0px;margin-bottom:0px\">\n<div class=\"wp-block-columns is-layout-flex wp-container-core-columns-is-layout-33ba964e wp-block-columns-is-layout-flex\">\n<div class=\"wp-block-column is-vertically-aligned-center content is-layout-flow wp-block-column-is-layout-flow\" style=\"padding-top:8rem;padding-bottom:8em;padding-left:10rem;flex-basis:50%\">\n<div class=\"wp-block-group titre-container is-vertical is-content-justification-left is-layout-flex wp-container-core-group-is-layout-68ae07ba wp-block-group-is-layout-flex\">\n<h2 class=\"wp-block-heading has-base-2-color has-text-color has-link-color has-retcaro-font-family wp-elements-1eefc213427f75ab6b8d12f59d6fce24\" style=\"line-height:1\">Geniet tijdens je vakantie optimaal van de Atlantische kust!<\/h2>\n\n\n\n<figure class=\"wp-block-image alignright size-full deco-titre\" style=\"margin-top:-1rem;margin-right:4rem\"><img decoding=\"async\" width=\"136\" height=\"16\" src=\"https:\/\/www.leparadis-medoc.com\/wp-content\/uploads\/2025\/10\/grande-vague.png\" alt=\"grote golf\" class=\"wp-image-423\"\/><\/figure>\n<\/div>\n\n\n\n<p class=\"has-base-color has-text-color has-link-color wp-elements-5c11e6f1deb3d6d9421da0ead7e485f1\">Onze camping bij Cap-Ferret is een ideale vakantiebestemming voor gezinnen,<strong> stellen<\/strong> en <strong>groepen<\/strong>. Je hebt toegang tot alle wonderen van Zuidwest-Frankrijk. Je kunt gaan <strong>wandelen in het bos van<\/strong> Les Landes, over de <strong>fietspaden<\/strong>, langs de <strong>kust<\/strong>, de vele <strong>witte zandstranden<\/strong> ontdekken, de <a href=\"https:\/\/phareducapferret.com\/\" target=\"_blank\" rel=\"noreferrer noopener nofollow\">vuurtoren van Cap-Ferret<\/a>, enz.  <strong> <\/strong>of geniet gewoon van de natuur tijdens een wandeling.<\/p>\n\n\n\n<p class=\"has-base-color has-text-color has-link-color wp-elements-06cd73e2a9ac8dceef77783cb95c9ba2\">Voor meer informatie over onze camping in de buurt van L\u00e8ge-Cap-Ferret, aarzel dan niet om <strong><a href=\"https:\/\/www.leparadis-medoc.com\/nl\/contact-toegang\/\" data-type=\"page\" data-id=\"63\">contact met ons op te nemen<\/a><\/strong>. We kunnen je onze prijzen geven, onze diensten uitleggen en je volgende verblijf bij ons organiseren. Je kunt je verblijf ook boeken op onze website<\/p>\n<\/div>\n\n\n\n<div class=\"wp-block-column is-vertically-aligned-center main-image has-custom-color-4-background-color has-background is-layout-flow wp-block-column-is-layout-flow\" style=\"padding-top:8rem;padding-bottom:8rem;padding-left:10rem;flex-basis:50%\">\n<figure class=\"wp-block-image size-full main image-deco\"><img decoding=\"async\" width=\"1327\" height=\"1000\" src=\"https:\/\/www.leparadis-medoc.com\/wp-content\/uploads\/2025\/11\/camping-proche-de-Cap-Ferret-e1763374863222.jpg\" alt=\"camping in de buurt van Cap Ferret\" class=\"wp-image-1640\" srcset=\"https:\/\/www.leparadis-medoc.com\/wp-content\/uploads\/2025\/11\/camping-proche-de-Cap-Ferret-e1763374863222.jpg 1327w, https:\/\/www.leparadis-medoc.com\/wp-content\/uploads\/2025\/11\/camping-proche-de-Cap-Ferret-e1763374863222-300x226.jpg 300w, https:\/\/www.leparadis-medoc.com\/wp-content\/uploads\/2025\/11\/camping-proche-de-Cap-Ferret-e1763374863222-768x579.jpg 768w, https:\/\/www.leparadis-medoc.com\/wp-content\/uploads\/2025\/11\/camping-proche-de-Cap-Ferret-e1763374863222-1024x772.jpg 1024w\" sizes=\"(max-width: 1327px) 100vw, 1327px\" \/><\/figure>\n<\/div>\n<\/div>\n<\/section>\n\n<section class=\"wp-block-group gt_page-maillage has-global-padding is-layout-constrained wp-container-core-group-is-layout-67474efc wp-block-group-is-layout-constrained\" style=\"padding-top:7rem;padding-right:14rem;padding-bottom:7rem;padding-left:14rem\">\n<div class=\"wp-block-group has-global-padding is-layout-constrained wp-container-core-group-is-layout-8a400663 wp-block-group-is-layout-constrained\">\n<div class=\"wp-block-columns are-vertically-aligned-center titre-deco one orange is-layout-flex wp-container-core-columns-is-layout-33ba964e wp-block-columns-is-layout-flex\">\n<div class=\"wp-block-column is-vertically-aligned-center texte is-layout-flow wp-block-column-is-layout-flow\">\n<div class=\"svg-decoration-left\"><\/div>\n\n\n\n<p class=\"has-text-align-center has-unbounded-font-family\" style=\"font-size:clamp(33.419px, 2.089rem + ((1vw - 3.2px) * 2.077), 60px);font-style:normal;font-weight:700;line-height:1;text-transform:uppercase\">Ontdek de toeristische attracties<br\/><\/p>\n\n\n\n<div class=\"svg-decoration\"><\/div>\n<\/div>\n<\/div>\n<\/div>\n\n\n\n<div style=\"height:4rem\" aria-hidden=\"true\" class=\"wp-block-spacer gt-hide-mobile\"><\/div>\n\n\n\n<div data-wp-context=\"{}\" data-wp-interactive=\"core\/query\" data-wp-key=\"0\" data-wp-router-region=\"query-0\" class=\"wp-block-query alignwide gt-fse-maillage-query is-layout-flow wp-block-query-is-layout-flow\"><ul class=\"columns-3 wp-block-post-template is-layout-grid wp-container-core-post-template-is-layout-6d3fbd8f wp-block-post-template-is-layout-grid\"><li data-wp-key=\"post-template-item-2275\" class=\"wp-block-post post-2275 page type-page status-publish has-post-thumbnail hentry\">\n\n<figure class=\"wp-block-image\"><img decoding=\"async\" src=\"https:\/\/www.leparadis-medoc.com\/wp-content\/uploads\/2025\/11\/Andernos-port.jpg\" alt=\"\" style=\"aspect-ratio:3\/4;object-fit:cover\"\/><\/figure>\n\n\n\n<p class=\"maillage-title has-base-2-color has-text-color has-link-color has-unbounded-font-family wp-elements-aa2b2dde1d0a0ad00ed57b90eda16e02\" style=\"font-size:clamp(1.25rem, 1.25rem + ((1vw - 0.2rem) * 0.938), 2rem);font-style:normal;font-weight:700;text-transform:uppercase\">Andernos<\/p>\n\n\n<a class=\"is-style-lien-cover wp-block-read-more\" href=\"https:\/\/www.leparadis-medoc.com\/nl\/camping-andernos\/\" target=\"_self\">Lees verder<span class=\"screen-reader-text\">: Andernos<\/span><\/a>\n<\/li><li data-wp-key=\"post-template-item-2088\" class=\"wp-block-post post-2088 page type-page status-publish has-post-thumbnail hentry\">\n\n<figure class=\"wp-block-image\"><img decoding=\"async\" src=\"https:\/\/www.leparadis-medoc.com\/wp-content\/uploads\/2025\/11\/camping-proche-de-bordeaux.jpg\" alt=\"\" style=\"aspect-ratio:3\/4;object-fit:cover\"\/><\/figure>\n\n\n\n<p class=\"maillage-title has-base-2-color has-text-color has-link-color has-unbounded-font-family wp-elements-aa2b2dde1d0a0ad00ed57b90eda16e02\" style=\"font-size:clamp(1.25rem, 1.25rem + ((1vw - 0.2rem) * 0.938), 2rem);font-style:normal;font-weight:700;text-transform:uppercase\">Bordeaux<\/p>\n\n\n<a class=\"is-style-lien-cover wp-block-read-more\" href=\"https:\/\/www.leparadis-medoc.com\/nl\/camping-bordeaux\/\" target=\"_self\">Lees verder<span class=\"screen-reader-text\">: Bordeaux<\/span><\/a>\n<\/li><li data-wp-key=\"post-template-item-2445\" class=\"wp-block-post post-2445 page type-page status-publish has-post-thumbnail hentry\">\n\n<figure class=\"wp-block-image\"><img decoding=\"async\" src=\"https:\/\/www.leparadis-medoc.com\/wp-content\/uploads\/2025\/11\/Hourtin-lac-pres-de-lacanau.jpg\" alt=\"\" style=\"aspect-ratio:3\/4;object-fit:cover\"\/><\/figure>\n\n\n\n<p class=\"maillage-title has-base-2-color has-text-color has-link-color has-unbounded-font-family wp-elements-aa2b2dde1d0a0ad00ed57b90eda16e02\" style=\"font-size:clamp(1.25rem, 1.25rem + ((1vw - 0.2rem) * 0.938), 2rem);font-style:normal;font-weight:700;text-transform:uppercase\">Hourtin<\/p>\n\n\n<a class=\"is-style-lien-cover wp-block-read-more\" href=\"https:\/\/www.leparadis-medoc.com\/nl\/bezoeken-hourtin\/\" target=\"_self\">Lees verder<span class=\"screen-reader-text\">: Hourtin<\/span><\/a>\n<\/li><\/ul><\/div>\n<\/section>\n","protected":false},"excerpt":{"rendered":"<p>Kamperen L\u00e8ge-Cap-Ferret Op zoek naar een camping in de Gironde die gemakkelijk bereikbaar is in L\u00e8ge-Cap-Ferret? Wil je genieten van het fijne zandstrand en de oceaan? Dan ben je hier aan het juiste adres! L\u00e8ge-Cap-Ferret is een charmant stadje in de Gironde, in de regio Aquitaine in Frankrijk. Het ligt op een prachtig schiereiland, omringd [&hellip;]<\/p>\n","protected":false},"author":1,"featured_media":2044,"parent":0,"menu_order":0,"comment_status":"closed","ping_status":"closed","template":"","meta":{"_seopress_robots_primary_cat":"","_seopress_titles_title":"Camping in de buurt van Cap-Ferret en L\u00e8ge-Cap-Ferret in Gironde (33)","_seopress_titles_desc":"Wilt u een kampeervakantie in de buurt van Cap-Ferret boeken? Hieronder staan de activiteiten, sporten en bezienswaardigheden rondom Cap-Ferret. ","_seopress_robots_index":"","_gt_ctv_global_id":"","_gt_ctv_id_group":false,"inline_featured_image":false,"_gt_visite_virtuelle_url":"","gt_fse_maillage_image":"https:\/\/www.leparadis-medoc.com\/wp-content\/uploads\/2025\/11\/camping-pres-de-cap-ferret-1.jpg","gt_fse_maillage_titre":"Luik-Cap-Ferret","gt_fse_maillage_alt":"camping pres de cap ferret (1)","gt_fse_maillage_resume":"","footnotes":""},"categories":[],"tags":[],"class_list":["post-2043","page","type-page","status-publish","has-post-thumbnail","hentry"],"_links":{"self":[{"href":"https:\/\/www.leparadis-medoc.com\/nl\/wp-json\/wp\/v2\/pages\/2043","targetHints":{"allow":["GET"]}}],"collection":[{"href":"https:\/\/www.leparadis-medoc.com\/nl\/wp-json\/wp\/v2\/pages"}],"about":[{"href":"https:\/\/www.leparadis-medoc.com\/nl\/wp-json\/wp\/v2\/types\/page"}],"author":[{"embeddable":true,"href":"https:\/\/www.leparadis-medoc.com\/nl\/wp-json\/wp\/v2\/users\/1"}],"replies":[{"embeddable":true,"href":"https:\/\/www.leparadis-medoc.com\/nl\/wp-json\/wp\/v2\/comments?post=2043"}],"version-history":[{"count":7,"href":"https:\/\/www.leparadis-medoc.com\/nl\/wp-json\/wp\/v2\/pages\/2043\/revisions"}],"predecessor-version":[{"id":3066,"href":"https:\/\/www.leparadis-medoc.com\/nl\/wp-json\/wp\/v2\/pages\/2043\/revisions\/3066"}],"wp:featuredmedia":[{"embeddable":true,"href":"https:\/\/www.leparadis-medoc.com\/nl\/wp-json\/wp\/v2\/media\/2044"}],"wp:attachment":[{"href":"https:\/\/www.leparadis-medoc.com\/nl\/wp-json\/wp\/v2\/media?parent=2043"}],"wp:term":[{"taxonomy":"category","embeddable":true,"href":"https:\/\/www.leparadis-medoc.com\/nl\/wp-json\/wp\/v2\/categories?post=2043"},{"taxonomy":"post_tag","embeddable":true,"href":"https:\/\/www.leparadis-medoc.com\/nl\/wp-json\/wp\/v2\/tags?post=2043"}],"curies":[{"name":"wp","href":"https:\/\/api.w.org\/{rel}","templated":true}]}}