{"id":2163,"date":"2025-10-22T16:21:28","date_gmt":"2025-10-22T14:21:28","guid":{"rendered":"https:\/\/www.leparadis-medoc.com\/camping-familial-saint-laurent-medoc\/"},"modified":"2026-01-02T16:28:27","modified_gmt":"2026-01-02T15:28:27","slug":"familie-camping-saint-laurent-medoc","status":"publish","type":"page","link":"https:\/\/www.leparadis-medoc.com\/nl\/familie-camping-saint-laurent-medoc\/","title":{"rendered":"De camping"},"content":{"rendered":"\n<section class=\"wp-block-group gt_1-cta-1photo_002 line page has-global-padding is-layout-constrained wp-container-core-group-is-layout-d4c4af53 wp-block-group-is-layout-constrained\" style=\"margin-top:0px;margin-bottom:0px;padding-top:4rem\">\n<div class=\"wp-block-group alignwide is-vertical is-content-justification-center is-layout-flex wp-container-core-group-is-layout-52b864f0 wp-block-group-is-layout-flex\" style=\"min-height:0px\">\n<h1 class=\"wp-block-heading has-text-align-center\">Familiecamping in Gironde<\/h1>\n\n\n\n<figure class=\"wp-block-image size-full\"><img decoding=\"async\" width=\"136\" height=\"16\" src=\"https:\/\/www.leparadis-medoc.com\/wp-content\/uploads\/2025\/10\/grande-vague.png\" alt=\"grote golf\" class=\"wp-image-423\"\/><\/figure>\n<\/div>\n\n\n\n<div class=\"wp-block-columns is-layout-flex wp-container-core-columns-is-layout-33ba964e wp-block-columns-is-layout-flex\">\n<div class=\"wp-block-column is-vertically-aligned-center content is-layout-flow wp-block-column-is-layout-flow\" style=\"padding-top:8rem;padding-bottom:8em;padding-left:10rem;flex-basis:50%\">\n<h2 class=\"wp-block-heading has-custom-color-1-color has-text-color has-link-color has-retcaro-font-family wp-elements-399537f30436080782d6ac4a3f0d7c1d\" style=\"line-height:1\">Welkom op de camping Saint-Laurent-M\u00e9doc<\/h2>\n\n\n\n<p class=\"has-custom-color-5-color has-text-color has-link-color wp-elements-28647ce6024d0aab4891939ff211ab83\">Welkom thuis, in het hart van de M\u00e9doc: tussen prestigieuze wijngaarden en Atlantische stranden, op onze familiecamping in Saint-Laurent-M\u00e9doc, Gironde. Hier is alles ontworpen om je <strong>thuis<\/strong> te laten voelen.   <\/p>\n\n\n\n<p class=\"has-custom-color-5-color has-text-color has-link-color wp-elements-639ee5f34a8c35927328e8beeda1a2ab\">Een vriendelijke sfeer, <a href=\"https:\/\/www.leparadis-medoc.com\/nl\/camping-amusement-saint-laurent-medoc\/\" data-type=\"page\" data-id=\"53\">activiteiten voor jong en oud <\/a>overdag, gevolgd door de rust van een welverdiende nachtrust. In de zomer brengen onze avonden families en vrienden samen voor gezelligheid en gedeelde momenten. <\/p>\n\n\n\n<p class=\"has-custom-color-5-color has-text-color has-link-color wp-elements-96bb609988e75a04f7d9dea6974e26e8\"><a href=\"https:\/\/www.leparadis-medoc.com\/nl\/bar-restaurant-saint-laurent-medoc\/\" data-type=\"page\" data-id=\"51\">Ons restaurant<\/a> nodigt u uit om te genieten van 100% huisgemaakte Franse gerechten, met passie bereid door onze chef-kok, de meester van het huis! Grande tribu ? Onze camping is ideaal voor <a href=\"https:\/\/www.leparadis-medoc.com\/nl\/camping-groep-saint-laurent-medoc\/\" data-type=\"page\" data-id=\"49\">groepen in de Gironde.<\/a><\/p>\n\n\n\n<p class=\"has-custom-color-5-color has-text-color has-link-color wp-elements-b40b76094df459cdb38d081b49079e86\">Geniet van <strong>een authentieke<\/strong>, gulle en onvergetelijke <strong>vakantie<\/strong> op de <a href=\"https:\/\/www.leparadis-medoc.com\/nl\/\" data-type=\"page\" data-id=\"5\">camping bij Hourtin<\/a>.<\/p>\n<\/div>\n\n\n\n<div class=\"wp-block-column is-vertically-aligned-center main-image has-custom-color-4-background-color has-background is-layout-flow wp-block-column-is-layout-flow\" style=\"padding-top:4rem;padding-bottom:8rem;flex-basis:50%\">\n<figure class=\"wp-block-image size-full image-deco main\"><img decoding=\"async\" width=\"2048\" height=\"1365\" src=\"https:\/\/www.leparadis-medoc.com\/wp-content\/uploads\/2025\/11\/Camping-Le-Paradis-espaces.jpg\" alt=\"Camping Le Paradis Espaces\" class=\"wp-image-1460\" srcset=\"https:\/\/www.leparadis-medoc.com\/wp-content\/uploads\/2025\/11\/Camping-Le-Paradis-espaces.jpg 2048w, https:\/\/www.leparadis-medoc.com\/wp-content\/uploads\/2025\/11\/Camping-Le-Paradis-espaces-300x200.jpg 300w, https:\/\/www.leparadis-medoc.com\/wp-content\/uploads\/2025\/11\/Camping-Le-Paradis-espaces-768x512.jpg 768w, https:\/\/www.leparadis-medoc.com\/wp-content\/uploads\/2025\/11\/Camping-Le-Paradis-espaces-1024x683.jpg 1024w, https:\/\/www.leparadis-medoc.com\/wp-content\/uploads\/2025\/11\/Camping-Le-Paradis-espaces-1536x1024.jpg 1536w\" sizes=\"(max-width: 2048px) 100vw, 2048px\" \/><\/figure>\n<\/div>\n<\/div>\n<\/section>\n\n<section class=\"wp-block-group alignfull gt_full-slider_001 no-slider page has-background has-global-padding is-layout-constrained wp-container-core-group-is-layout-c13f64fb wp-block-group-is-layout-constrained\" style=\"border-top-left-radius:0px;border-top-right-radius:0px;border-bottom-left-radius:0px;border-bottom-right-radius:0px;background:linear-gradient(135deg,rgb(3,3,3) 1%,rgba(0,0,0,0) 100%);margin-top:0px;margin-right:0px;margin-bottom:0px;margin-left:0px;padding-top:0px;padding-right:0px;padding-left:0px\">\n<div class=\"wp-block-group is-layout-flow wp-block-group-is-layout-flow\">\n<div class=\"wp-block-cover alignfull has-parallax has-custom-content-position is-position-bottom-center blob-image\" style=\"min-height:110vh;aspect-ratio:unset;\"><div role=\"img\" aria-label=\"Camping Le Paradis installations\" class=\"wp-block-cover__image-background wp-image-1296 size-full has-parallax\" style=\"background-position:50% 50%;background-image:url(https:\/\/www.leparadis-medoc.com\/wp-content\/uploads\/2025\/11\/Camping-Le-Paradis-installations.jpg)\"><\/div><span aria-hidden=\"true\" class=\"wp-block-cover__background has-background-dim-60 has-background-dim wp-block-cover__gradient-background has-background-gradient\" style=\"background:linear-gradient(180deg,rgba(255,255,255,0) 0%,rgba(0,0,0,0.81) 59%)\"><\/span><div class=\"wp-block-cover__inner-container is-layout-flow wp-block-cover-is-layout-flow\">\n<div class=\"wp-block-group alignfull has-background is-vertical is-content-justification-left is-nowrap is-layout-flex wp-container-core-group-is-layout-0864ca22 wp-block-group-is-layout-flex\" style=\"border-radius:0px;background-color:#FFFFFF00;margin-top:0px;margin-right:0px;margin-bottom:0px;margin-left:0px;padding-top:0;padding-right:var(--wp--preset--spacing--40);padding-bottom:var(--wp--preset--spacing--50);padding-left:var(--wp--preset--spacing--40)\">\n<div class=\"wp-block-columns alignwide is-layout-flex wp-container-core-columns-is-layout-60a3d281 wp-block-columns-is-layout-flex\" style=\"padding-right:var(--wp--preset--spacing--50)\">\n<div class=\"wp-block-column is-vertically-aligned-end is-layout-flow wp-block-column-is-layout-flow\" style=\"margin-top:0px;margin-right:0px;margin-bottom:0px;margin-left:0px;flex-basis:50%\">\n<div class=\"wp-block-group wp-block-heading text-nowrap has-outreque-black-font-family has-text-color is-vertical is-content-justification-left is-nowrap is-layout-flex wp-container-core-group-is-layout-9b091f6a wp-block-group-is-layout-flex\" style=\"color:rgba(252,245,239,1);margin-top:0px;margin-right:0px;margin-bottom:0px;margin-left:0px;padding-bottom:var(--wp--preset--spacing--20);font-size:clamp(19.481px, 1.218rem + ((1vw - 3.2px) * 0.9), 31px);font-style:normal;font-weight:900;line-height:1.1;text-transform:none\"><\/div>\n<\/div>\n\n\n\n<div class=\"wp-block-column is-vertically-aligned-center group-paragraph is-layout-flow wp-block-column-is-layout-flow\" style=\"margin-top:0px;margin-right:0px;margin-bottom:0px;margin-left:0px;flex-basis:50%\">\n<div class=\"wp-block-group full-width has-text-color has-outreque-medium-font-family is-layout-flow wp-block-group-is-layout-flow\" style=\"color:rgba(255,255,255,1);margin-top:0px;margin-right:0px;margin-bottom:0px;margin-left:0px;font-size:clamp(14px, 0.875rem + ((1vw - 3.2px) * 0.234), 17px);line-height:1.9\">\n<h2 class=\"wp-block-heading has-text-align-left text-nowrap has-outreque-black-font-family has-text-color\" style=\"color:rgba(252,245,239,1);margin-top:0px;margin-right:0px;margin-bottom:0px;margin-left:0px;padding-bottom:var(--wp--preset--spacing--20);line-height:1.1\">Vlakbij Hourtin<\/h2>\n<\/div>\n\n\n\n<div class=\"wp-block-group full-width has-text-color is-layout-flow wp-block-group-is-layout-flow\" style=\"color:rgba(255,255,255,1);margin-top:0px;margin-right:0px;margin-bottom:0px;margin-left:0px\">\n<p class=\"has-text-align-left full-width has-text-color has-outreque-medium-font-family\" style=\"color:rgba(255,255,255,1);margin-top:0px;margin-right:0px;margin-bottom:0px;margin-left:0px\">Het receptieteam verwelkomt je van <strong>9.00 tot 12.00 uur<\/strong> en van <strong>14.00 tot 19.00 uur<\/strong>.  <\/p>\n\n\n\n<p>Vanaf <strong>8 uur &#8217;s ochtends<\/strong> gaat de <strong>bar<\/strong> open om je een goed begin van de dag te geven met ons <strong>ontbijt ter plekke of om mee te nemen<\/strong>. Je kunt ook gewoon genieten van een espresso, afhankelijk van je stemming. Hier kun je het <strong>brood en gebak<\/strong> afhalen dat je de dag ervoor hebt besteld!  <\/p>\n\n\n\n<p>Iets vergeten in de winkels of in je bagage? Bezoek &#8220;Le d\u00e9panneur&#8221;, een kleine kruidenierswinkel waar je essenti\u00eble artikelen en een paar souvenirs vindt&#8230; <\/p>\n\n\n\n<p class=\"has-text-align-left full-width has-text-color has-outreque-medium-font-family\" style=\"color:rgba(255,255,255,1);margin-top:0px;margin-right:0px;margin-bottom:0px;margin-left:0px\">Blijf verbonden tijdens je verblijf, de camping is volledig uitgerust met <strong>wifi <\/strong>! (Service tegen betaling.)<\/p>\n<\/div>\n<\/div>\n<\/div>\n<\/div>\n<\/div><\/div>\n<\/div>\n<\/section>\n\n<section class=\"wp-block-group gt_1-cta-1photo_002 inverse page has-custom-girs-fonce-background-color has-background has-global-padding is-layout-constrained wp-container-core-group-is-layout-d6554d75 wp-block-group-is-layout-constrained\" style=\"margin-top:0px;margin-bottom:0px\">\n<div class=\"wp-block-columns is-layout-flex wp-container-core-columns-is-layout-33ba964e wp-block-columns-is-layout-flex\">\n<div class=\"wp-block-column is-vertically-aligned-center main-image has-custom-color-4-background-color has-background is-layout-flow wp-block-column-is-layout-flow\" style=\"padding-top:8rem;padding-bottom:8rem;padding-left:10rem;flex-basis:50%\">\n<figure class=\"wp-block-image size-full main image-deco\"><img decoding=\"async\" width=\"2048\" height=\"1365\" src=\"https:\/\/www.leparadis-medoc.com\/wp-content\/uploads\/2025\/11\/Camping-Le-Paradis-services-machines-a-laver.jpg\" alt=\"Camping Le Paradis wasmachine service\" class=\"wp-image-1299\" srcset=\"https:\/\/www.leparadis-medoc.com\/wp-content\/uploads\/2025\/11\/Camping-Le-Paradis-services-machines-a-laver.jpg 2048w, https:\/\/www.leparadis-medoc.com\/wp-content\/uploads\/2025\/11\/Camping-Le-Paradis-services-machines-a-laver-300x200.jpg 300w, https:\/\/www.leparadis-medoc.com\/wp-content\/uploads\/2025\/11\/Camping-Le-Paradis-services-machines-a-laver-768x512.jpg 768w, https:\/\/www.leparadis-medoc.com\/wp-content\/uploads\/2025\/11\/Camping-Le-Paradis-services-machines-a-laver-1024x683.jpg 1024w, https:\/\/www.leparadis-medoc.com\/wp-content\/uploads\/2025\/11\/Camping-Le-Paradis-services-machines-a-laver-1536x1024.jpg 1536w\" sizes=\"(max-width: 2048px) 100vw, 2048px\" \/><\/figure>\n<\/div>\n\n\n\n<div class=\"wp-block-column is-vertically-aligned-center content is-layout-flow wp-block-column-is-layout-flow\" style=\"padding-top:8rem;padding-bottom:8em;padding-left:10rem;flex-basis:50%\">\n<div class=\"wp-block-group titre-container is-vertical is-content-justification-left is-layout-flex wp-container-core-group-is-layout-68ae07ba wp-block-group-is-layout-flex\">\n<h2 class=\"wp-block-heading has-base-2-color has-text-color has-link-color has-retcaro-font-family wp-elements-8a1eed95905378d3e0ac63ec6d0b2b4d\" style=\"line-height:1\">Extra huurprijzen voor extra comfort<\/h2>\n\n\n\n<figure class=\"wp-block-image alignright size-full deco-titre\" style=\"margin-top:-1rem;margin-right:4rem\"><img decoding=\"async\" width=\"136\" height=\"16\" src=\"https:\/\/www.leparadis-medoc.com\/wp-content\/uploads\/2025\/10\/grande-vague.png\" alt=\"grote golf\" class=\"wp-image-423\"\/><\/figure>\n<\/div>\n\n\n\n<p class=\"has-base-2-color has-text-color has-link-color wp-elements-fa00c9437cc7cb5e5b370cacaaa3a535\">Verlicht je bagage! Kijk voor nog meer comfort eens naar onze supplementen:   <\/p>\n\n\n\n<ul class=\"wp-block-list has-base-color has-text-color has-link-color wp-elements-1fd214deba9351c35ee5d5e2f7881191\">\n<li>Handdoek of laken huren<\/li>\n\n\n\n<li>Babybed huren<\/li>\n\n\n\n<li>Kinderstoel huren<\/li>\n\n\n\n<li>Koelkast huren&#8230;  <\/li>\n<\/ul>\n\n\n\n<p class=\"has-base-color has-text-color has-link-color wp-elements-ed87498f3f32f92780175b443abd4b46\">Aarzel niet om ernaar te vragen bij de receptie.  <\/p>\n\n\n\n<p class=\"has-base-color has-text-color has-link-color wp-elements-b8be4e6b39209fcef0ac04e555b66898\">Omdat je niet stopt met wassen als je op vakantie gaat, is er een ruimte waar je <strong>2 wasmachines<\/strong> en <strong>1 wasdroger<\/strong> vindt om voor je spullen te zorgen. (prijs: \u20ac5) <\/p>\n\n\n\n<p class=\"has-base-2-color has-text-color has-link-color wp-elements-05640a1c1b3d13d6ecb530f7c27911d7\"><strong>Wifi<\/strong> is beschikbaar op de camping (toegang tegen betaling). Vraag bij de receptie voor meer informatie. <\/p>\n<\/div>\n<\/div>\n<\/section>\n\n<section class=\"wp-block-group gt_1-cta-1photo_002 page has-custom-terracotta-background-color has-background has-global-padding is-layout-constrained wp-container-core-group-is-layout-d6554d75 wp-block-group-is-layout-constrained\" style=\"margin-top:0px;margin-bottom:0px\">\n<div class=\"wp-block-columns is-layout-flex wp-container-core-columns-is-layout-33ba964e wp-block-columns-is-layout-flex\">\n<div class=\"wp-block-column is-vertically-aligned-center content is-layout-flow wp-block-column-is-layout-flow\" style=\"padding-top:8rem;padding-bottom:8em;padding-left:10rem;flex-basis:50%\">\n<div class=\"wp-block-group titre-container is-vertical is-content-justification-left is-layout-flex wp-container-core-group-is-layout-68ae07ba wp-block-group-is-layout-flex\">\n<h2 class=\"wp-block-heading has-base-2-color has-text-color has-link-color has-retcaro-font-family wp-elements-87d359a67cc8e49377f8b4fd1b222b9b\" style=\"line-height:1\">Winkels in de buurt van de camping in Saint-Laurent-M\u00e9doc<\/h2>\n\n\n\n<figure class=\"wp-block-image alignright size-full deco-titre\" style=\"margin-top:-1rem;margin-right:4rem\"><img decoding=\"async\" width=\"136\" height=\"16\" src=\"https:\/\/www.leparadis-medoc.com\/wp-content\/uploads\/2025\/10\/grande-vague.png\" alt=\"grote golf\" class=\"wp-image-423\"\/><\/figure>\n<\/div>\n\n\n\n<p class=\"has-base-2-color has-text-color has-link-color wp-elements-b7206abecbb16fc3bf13f14b6dc7adb0\">Tijdens je verblijf op onze familiecamping bij Hourtin vind je gemakkelijk alle<strong> winkels die je nodig hebt in de buurt<\/strong>. De Super U supermarkt in Saint-Laurent-M\u00e9doc ligt op slechts <strong>5 minuten rijden<\/strong>. Voor een ruimere keuze kun je op 15 minuten rijden naar de Leclerc supermarkt in Lesparre-M\u00e9doc.    <\/p>\n\n\n\n<p class=\"has-base-color has-text-color has-link-color wp-elements-67b9980f0b1989e447c2a464333aee92\">Op zoek naar wat tijd voor jezelf? Plannen voor een bruiloft? Je kunt ook gebruikmaken van de RT Coiffure kapsalon in Saint-Laurent.  <\/p>\n\n\n\n<p class=\"has-base-2-color has-text-color has-link-color wp-elements-23c8153becb1cbfd771b75aef046ee89\">Elke maandagavond in <strong>juli en augustus<\/strong> is er op de camping een <strong>markt van<\/strong> plaatselijke <strong>ambachtslieden en producenten<\/strong>.  <\/p>\n<\/div>\n\n\n\n<div class=\"wp-block-column is-vertically-aligned-center main-image has-custom-color-4-background-color has-background is-layout-flow wp-block-column-is-layout-flow\" style=\"padding-top:8rem;padding-bottom:8rem;padding-left:10rem;flex-basis:50%\">\n<figure class=\"wp-block-image size-full main image-deco\"><img decoding=\"async\" width=\"2000\" height=\"2000\" src=\"https:\/\/www.leparadis-medoc.com\/wp-content\/uploads\/2025\/11\/le-Super-U-de-Saint-Laurent-Medoc.jpg\" alt=\"Super U in Saint Laurent M&#xE9;doc\" class=\"wp-image-1303\" srcset=\"https:\/\/www.leparadis-medoc.com\/wp-content\/uploads\/2025\/11\/le-Super-U-de-Saint-Laurent-Medoc.jpg 2000w, https:\/\/www.leparadis-medoc.com\/wp-content\/uploads\/2025\/11\/le-Super-U-de-Saint-Laurent-Medoc-150x150.jpg 150w, https:\/\/www.leparadis-medoc.com\/wp-content\/uploads\/2025\/11\/le-Super-U-de-Saint-Laurent-Medoc-300x300.jpg 300w, https:\/\/www.leparadis-medoc.com\/wp-content\/uploads\/2025\/11\/le-Super-U-de-Saint-Laurent-Medoc-768x768.jpg 768w, https:\/\/www.leparadis-medoc.com\/wp-content\/uploads\/2025\/11\/le-Super-U-de-Saint-Laurent-Medoc-1024x1024.jpg 1024w, https:\/\/www.leparadis-medoc.com\/wp-content\/uploads\/2025\/11\/le-Super-U-de-Saint-Laurent-Medoc-1536x1536.jpg 1536w\" sizes=\"(max-width: 2000px) 100vw, 2000px\" \/><\/figure>\n<\/div>\n<\/div>\n<\/section>\n\n<section class=\"wp-block-group gt_page-maillage has-global-padding is-layout-constrained wp-container-core-group-is-layout-67474efc wp-block-group-is-layout-constrained\" style=\"padding-top:7rem;padding-right:14rem;padding-bottom:7rem;padding-left:14rem\">\n<div class=\"wp-block-group has-global-padding is-layout-constrained wp-container-core-group-is-layout-8a400663 wp-block-group-is-layout-constrained\">\n<div class=\"wp-block-columns are-vertically-aligned-center titre-deco one orange is-layout-flex wp-container-core-columns-is-layout-33ba964e wp-block-columns-is-layout-flex\">\n<div class=\"wp-block-column is-vertically-aligned-center texte is-layout-flow wp-block-column-is-layout-flow\">\n<div class=\"svg-decoration-left\"><\/div>\n\n\n\n<p class=\"has-unbounded-font-family\" style=\"font-size:clamp(33.419px, 2.089rem + ((1vw - 3.2px) * 2.077), 60px);font-style:normal;font-weight:700;line-height:1;text-transform:uppercase\">Ontdek onze diensten en evenementen!<br\/><\/p>\n\n\n\n<div class=\"svg-decoration\"><\/div>\n<\/div>\n<\/div>\n<\/div>\n\n\n\n<div style=\"height:4rem\" aria-hidden=\"true\" class=\"wp-block-spacer gt-hide-mobile\"><\/div>\n\n\n\n<div data-wp-context=\"{}\" data-wp-interactive=\"core\/query\" data-wp-key=\"0\" data-wp-router-region=\"query-0\" class=\"wp-block-query alignwide gt-fse-maillage-query is-layout-flow wp-block-query-is-layout-flow\"><ul class=\"columns-3 wp-block-post-template is-layout-grid wp-container-core-post-template-is-layout-6d3fbd8f wp-block-post-template-is-layout-grid\"><li data-wp-key=\"post-template-item-2318\" class=\"wp-block-post post-2318 page type-page status-publish has-post-thumbnail hentry\">\n\n<figure class=\"wp-block-image\"><img decoding=\"async\" src=\"https:\/\/www.leparadis-medoc.com\/wp-content\/uploads\/2025\/10\/camping-paradis-medoc-les-animations-scaled.jpg\" alt=\"\" style=\"aspect-ratio:3\/4;object-fit:cover\"\/><\/figure>\n\n\n\n<p class=\"maillage-title has-base-2-color has-text-color has-link-color has-unbounded-font-family wp-elements-aa2b2dde1d0a0ad00ed57b90eda16e02\" style=\"font-size:clamp(1.25rem, 1.25rem + ((1vw - 0.2rem) * 0.938), 2rem);font-style:normal;font-weight:700;text-transform:uppercase\">Amusement &amp; activiteiten<\/p>\n\n\n<a class=\"is-style-lien-cover wp-block-read-more\" href=\"https:\/\/www.leparadis-medoc.com\/nl\/camping-amusement-saint-laurent-medoc\/\" target=\"_self\">Lees verder<span class=\"screen-reader-text\">: Amusement &amp; activiteiten<\/span><\/a>\n<\/li><li data-wp-key=\"post-template-item-2258\" class=\"wp-block-post post-2258 page type-page status-publish has-post-thumbnail hentry\">\n\n<figure class=\"wp-block-image\"><img decoding=\"async\" src=\"https:\/\/www.leparadis-medoc.com\/wp-content\/uploads\/2025\/11\/Camping-Le-Paradis-Installations-exterieur.jpg\" alt=\"\" style=\"aspect-ratio:3\/4;object-fit:cover\"\/><\/figure>\n\n\n\n<p class=\"maillage-title has-base-2-color has-text-color has-link-color has-unbounded-font-family wp-elements-aa2b2dde1d0a0ad00ed57b90eda16e02\" style=\"font-size:clamp(1.25rem, 1.25rem + ((1vw - 0.2rem) * 0.938), 2rem);font-style:normal;font-weight:700;text-transform:uppercase\">Bar &amp; restaurant<\/p>\n\n\n<a class=\"is-style-lien-cover wp-block-read-more\" href=\"https:\/\/www.leparadis-medoc.com\/nl\/bar-restaurant-saint-laurent-medoc\/\" target=\"_self\">Lees verder<span class=\"screen-reader-text\">: Bar &amp; restaurant<\/span><\/a>\n<\/li><li data-wp-key=\"post-template-item-2365\" class=\"wp-block-post post-2365 page type-page status-publish has-post-thumbnail hentry\">\n\n<figure class=\"wp-block-image\"><img decoding=\"async\" src=\"https:\/\/www.leparadis-medoc.com\/wp-content\/uploads\/2025\/11\/Camping-Le-Paradis-piscine.jpg\" alt=\"\" style=\"aspect-ratio:3\/4;object-fit:cover\"\/><\/figure>\n\n\n\n<p class=\"maillage-title has-base-2-color has-text-color has-link-color has-unbounded-font-family wp-elements-aa2b2dde1d0a0ad00ed57b90eda16e02\" style=\"font-size:clamp(1.25rem, 1.25rem + ((1vw - 0.2rem) * 0.938), 2rem);font-style:normal;font-weight:700;text-transform:uppercase\">Het zwembad<\/p>\n\n\n<a class=\"is-style-lien-cover wp-block-read-more\" href=\"https:\/\/www.leparadis-medoc.com\/nl\/camping-verwarmd-zwembad-saint-laurent-medoc\/\" target=\"_self\">Lees verder<span class=\"screen-reader-text\">: Het zwembad<\/span><\/a>\n<\/li><\/ul><\/div>\n<\/section>\n\n<p><\/p>\n","protected":false},"excerpt":{"rendered":"<p>Familiecamping in Gironde Welkom op de camping Saint-Laurent-M\u00e9doc Welkom thuis, in het hart van de M\u00e9doc: tussen prestigieuze wijngaarden en Atlantische stranden, op onze familiecamping in Saint-Laurent-M\u00e9doc, Gironde. Hier is alles ontworpen om je thuis te laten voelen. Een vriendelijke sfeer, activiteiten voor jong en oud overdag, gevolgd door de rust van een welverdiende nachtrust. [&hellip;]<\/p>\n","protected":false},"author":1,"featured_media":2164,"parent":0,"menu_order":0,"comment_status":"closed","ping_status":"closed","template":"","meta":{"_seopress_robots_primary_cat":"","_seopress_titles_title":"Familiecamping bij Hourtin, Gironde","_seopress_titles_desc":"Kaart en diensten van Camping Le Paradis bij Lesparre-M\u00e9doc, in Saint-Laurent. Zwembad, animatie, restaurant, barbecues, ontbijt, wasserette. ","_seopress_robots_index":"","_gt_ctv_global_id":"","_gt_ctv_id_group":false,"inline_featured_image":false,"_gt_visite_virtuelle_url":"","gt_fse_maillage_image":"https:\/\/www.leparadis-medoc.com\/wp-content\/uploads\/2025\/11\/Camping-Le-Paradis-Nos-equipements-et-installations.jpg","gt_fse_maillage_titre":"De camping","gt_fse_maillage_alt":"Camping Le Paradis Onze faciliteiten","gt_fse_maillage_resume":"","footnotes":""},"categories":[],"tags":[],"class_list":["post-2163","page","type-page","status-publish","has-post-thumbnail","hentry"],"_links":{"self":[{"href":"https:\/\/www.leparadis-medoc.com\/nl\/wp-json\/wp\/v2\/pages\/2163","targetHints":{"allow":["GET"]}}],"collection":[{"href":"https:\/\/www.leparadis-medoc.com\/nl\/wp-json\/wp\/v2\/pages"}],"about":[{"href":"https:\/\/www.leparadis-medoc.com\/nl\/wp-json\/wp\/v2\/types\/page"}],"author":[{"embeddable":true,"href":"https:\/\/www.leparadis-medoc.com\/nl\/wp-json\/wp\/v2\/users\/1"}],"replies":[{"embeddable":true,"href":"https:\/\/www.leparadis-medoc.com\/nl\/wp-json\/wp\/v2\/comments?post=2163"}],"version-history":[{"count":7,"href":"https:\/\/www.leparadis-medoc.com\/nl\/wp-json\/wp\/v2\/pages\/2163\/revisions"}],"predecessor-version":[{"id":2987,"href":"https:\/\/www.leparadis-medoc.com\/nl\/wp-json\/wp\/v2\/pages\/2163\/revisions\/2987"}],"wp:featuredmedia":[{"embeddable":true,"href":"https:\/\/www.leparadis-medoc.com\/nl\/wp-json\/wp\/v2\/media\/2164"}],"wp:attachment":[{"href":"https:\/\/www.leparadis-medoc.com\/nl\/wp-json\/wp\/v2\/media?parent=2163"}],"wp:term":[{"taxonomy":"category","embeddable":true,"href":"https:\/\/www.leparadis-medoc.com\/nl\/wp-json\/wp\/v2\/categories?post=2163"},{"taxonomy":"post_tag","embeddable":true,"href":"https:\/\/www.leparadis-medoc.com\/nl\/wp-json\/wp\/v2\/tags?post=2163"}],"curies":[{"name":"wp","href":"https:\/\/api.w.org\/{rel}","templated":true}]}}